{"id":27811,"date":"2025-02-20T23:29:13","date_gmt":"2025-02-20T22:29:13","guid":{"rendered":"http:\/\/olemosaic.com\/producto\/mug-de-ceramica-sevilla-blanco-95-cm\/"},"modified":"2025-07-25T19:25:22","modified_gmt":"2025-07-25T17:25:22","slug":"caneca-de-ceramica-sevilha-branco-9-5-cm","status":"publish","type":"product","link":"https:\/\/olemosaic.com\/pt-pt\/produto\/caneca-de-ceramica-sevilha-branco-9-5-cm\/","title":{"rendered":"Caneca de cer\u00e2mica. Sevilha. Branco. 9,5 cm."},"content":{"rendered":"<p>Esta caneca de cer\u00e2mica de 9,5 cm \u00e9 uma vibrante homenagem \u00e0 ess\u00eancia de Sevilha, ideal para desfrutar das suas bebidas favoritas enquanto evoca os encantos desta cidade hist\u00f3rica. Com um design atraente e colorido, apresenta uma ilustra\u00e7\u00e3o detalhada da emblem\u00e1tica Plaza de Toros, um dos monumentos mais representativos da arquitetura andaluza. As cores brilhantes que adornam a caneca emolduram a majestade do edif\u00edcio, enquanto o fundo em mosaico, caracter\u00edstico da regi\u00e3o, evoca a rica tradi\u00e7\u00e3o art\u00edstica sevilhana.<\/p>\n<p>O nome &#8220;Sevilha&#8221;, destacado em letras brilhantes, acrescenta um toque alegre, tornando esta caneca mais do que um simples utens\u00edlio: \u00e9 um aut\u00eantico souvenir da capital andaluza. O seu tamanho \u00e9 perfeito para caf\u00e9, ch\u00e1 ou qualquer outra bebida, e ir\u00e1 recordar-lhe constantemente a beleza da cidade.<\/p>\n<p>Na Ol\u00e9 Mosaic dedicamo-nos \u00e0 distribui\u00e7\u00e3o de souvenirs de cer\u00e2mica de qualidade, e esta caneca \u00e9 uma excelente op\u00e7\u00e3o para lojas de presentes tur\u00edsticos que procuram produtos aut\u00eanticos e representativos de Sevilha. Com o seu design atraente e liga\u00e7\u00e3o cultural, \u00e9 um presente ideal para quem deseja levar consigo um peda\u00e7o da Andaluzia.<\/p>\n","protected":false},"excerpt":{"rendered":"<p>Caneca de cer\u00e2mica de 9,5 cm com um design vibrante que presta homenagem a Sevilha. A caneca apresenta uma ilustra\u00e7\u00e3o da emblem\u00e1tica Plaza de Toros, rodeada de cores brilhantes e um fundo de mosaico que evoca a arquitetura andaluza. A palavra &#8220;Sevilha&#8221; destaca-se em letras coloridas, acrescentando um toque alegre ao design. Ideal para desfrutar das suas bebidas favoritas enquanto recorda a beleza desta cidade hist\u00f3rica.<\/p>\n","protected":false},"featured_media":9935,"template":"","meta":{"_acf_changed":false},"product_brand":[],"product_cat":[726],"product_tag":[516,515],"class_list":{"0":"post-27811","1":"product","2":"type-product","3":"status-publish","4":"has-post-thumbnail","6":"product_cat-mugs","7":"product_tag-animais","8":"product_tag-ceramica","9":"pa_ciudad-sevilla","10":"pa_pais-espana","12":"first","13":"instock","14":"shipping-taxable","15":"product-type-simple"},"acf":[],"_links":{"self":[{"href":"https:\/\/olemosaic.com\/pt-pt\/wp-json\/wp\/v2\/product\/27811","targetHints":{"allow":["GET"]}}],"collection":[{"href":"https:\/\/olemosaic.com\/pt-pt\/wp-json\/wp\/v2\/product"}],"about":[{"href":"https:\/\/olemosaic.com\/pt-pt\/wp-json\/wp\/v2\/types\/product"}],"wp:featuredmedia":[{"embeddable":true,"href":"https:\/\/olemosaic.com\/pt-pt\/wp-json\/wp\/v2\/media\/9935"}],"wp:attachment":[{"href":"https:\/\/olemosaic.com\/pt-pt\/wp-json\/wp\/v2\/media?parent=27811"}],"wp:term":[{"taxonomy":"product_brand","embeddable":true,"href":"https:\/\/olemosaic.com\/pt-pt\/wp-json\/wp\/v2\/product_brand?post=27811"},{"taxonomy":"product_cat","embeddable":true,"href":"https:\/\/olemosaic.com\/pt-pt\/wp-json\/wp\/v2\/product_cat?post=27811"},{"taxonomy":"product_tag","embeddable":true,"href":"https:\/\/olemosaic.com\/pt-pt\/wp-json\/wp\/v2\/product_tag?post=27811"}],"curies":[{"name":"wp","href":"https:\/\/api.w.org\/{rel}","templated":true}]}}