{"id":27792,"date":"2025-02-20T23:29:12","date_gmt":"2025-02-20T22:29:12","guid":{"rendered":"http:\/\/olemosaic.com\/producto\/mug-de-ceramica-panoramica-girona-beige\/"},"modified":"2025-07-25T19:51:20","modified_gmt":"2025-07-25T17:51:20","slug":"caneca-de-ceramica-panoramica-girona-bege","status":"publish","type":"product","link":"https:\/\/olemosaic.com\/pt-pt\/produto\/caneca-de-ceramica-panoramica-girona-bege\/","title":{"rendered":"Caneca de cer\u00e2mica. Panor\u00e2mica. Girona. Bege."},"content":{"rendered":"<p>Esta caneca de cer\u00e2mica com a panor\u00e2mica de Girona \u00e9 uma atraente recorda\u00e7\u00e3o que captura a vibrante ess\u00eancia desta bela cidade catal\u00e3. Com um design em tons bege e vermelho, esta caneca apresenta uma espetacular ilustra\u00e7\u00e3o dos caracter\u00edsticos edif\u00edcios coloridos do centro hist\u00f3rico de Girona, refletidos nas \u00e1guas do rio Onyar. A sua forma delicada, que se ajusta perfeitamente \u00e0 m\u00e3o, proporciona uma experi\u00eancia confort\u00e1vel ao desfrutar da sua bebida favorita. O interior da caneca, num elegante tom vermelho, real\u00e7a o calor do design exterior.<\/p>\n<p>Decorada na parte superior com o texto &#8220;Girona&#8221;, esta caneca n\u00e3o \u00e9 apenas um objeto funcional, mas tamb\u00e9m uma pe\u00e7a decorativa que evocar\u00e1 mem\u00f3rias desta encantadora cidade cada vez que a usar. Al\u00e9m disso, inclui uma pequena colher que adiciona um toque pr\u00e1tico e divertido, ideal para mexer o seu caf\u00e9 ou ch\u00e1.<\/p>\n<p>Como distribuidores de recorda\u00e7\u00f5es por grosso, na Ol\u00e9 Mosaic oferecemos este tipo de produtos aut\u00eanticos que celebram a cultura local. Esta caneca de cer\u00e2mica \u00e9 uma excelente op\u00e7\u00e3o para lojas de presentes tur\u00edsticos que procuram oferecer aos seus clientes recorda\u00e7\u00f5es representativas de Girona. Sem d\u00favida, \u00e9 um presente ideal para quem deseja levar um peda\u00e7o da tradi\u00e7\u00e3o e beleza de Girona para casa.<\/p>\n","protected":false},"excerpt":{"rendered":"<p>Caneca de cer\u00e2mica com uma vibrante panor\u00e2mica de Girona em tons bege e vermelho. O design mostra os coloridos edif\u00edcios caracter\u00edsticos do centro hist\u00f3rico, refletindo a ess\u00eancia cultural da cidade. A caneca, que inclui uma colher, est\u00e1 decorada com o nome &#8220;Girona&#8221; impresso na parte superior. Ideal para desfrutar da sua bebida favorita, combina funcionalidade e arte numa atraente recorda\u00e7\u00e3o que captura a beleza de Girona.<\/p>\n","protected":false},"featured_media":7675,"template":"","meta":{"_acf_changed":false},"product_brand":[],"product_cat":[726],"product_tag":[515],"class_list":{"0":"post-27792","1":"product","2":"type-product","3":"status-publish","4":"has-post-thumbnail","6":"product_cat-mugs","7":"product_tag-ceramica","8":"pa_ciudad-girona","9":"pa_motivo-panoramas","10":"pa_pais-espana","12":"first","13":"instock","14":"shipping-taxable","15":"product-type-simple"},"acf":[],"_links":{"self":[{"href":"https:\/\/olemosaic.com\/pt-pt\/wp-json\/wp\/v2\/product\/27792","targetHints":{"allow":["GET"]}}],"collection":[{"href":"https:\/\/olemosaic.com\/pt-pt\/wp-json\/wp\/v2\/product"}],"about":[{"href":"https:\/\/olemosaic.com\/pt-pt\/wp-json\/wp\/v2\/types\/product"}],"wp:featuredmedia":[{"embeddable":true,"href":"https:\/\/olemosaic.com\/pt-pt\/wp-json\/wp\/v2\/media\/7675"}],"wp:attachment":[{"href":"https:\/\/olemosaic.com\/pt-pt\/wp-json\/wp\/v2\/media?parent=27792"}],"wp:term":[{"taxonomy":"product_brand","embeddable":true,"href":"https:\/\/olemosaic.com\/pt-pt\/wp-json\/wp\/v2\/product_brand?post=27792"},{"taxonomy":"product_cat","embeddable":true,"href":"https:\/\/olemosaic.com\/pt-pt\/wp-json\/wp\/v2\/product_cat?post=27792"},{"taxonomy":"product_tag","embeddable":true,"href":"https:\/\/olemosaic.com\/pt-pt\/wp-json\/wp\/v2\/product_tag?post=27792"}],"curies":[{"name":"wp","href":"https:\/\/api.w.org\/{rel}","templated":true}]}}