{"id":27791,"date":"2025-02-20T23:29:12","date_gmt":"2025-02-20T22:29:12","guid":{"rendered":"http:\/\/olemosaic.com\/producto\/mug-de-ceramica-salamandra-y-flores-blanco-95-cm\/"},"modified":"2025-07-25T18:47:58","modified_gmt":"2025-07-25T16:47:58","slug":"caneca-de-ceramica-salamandra-e-flores-branco-9-5-cm","status":"publish","type":"product","link":"https:\/\/olemosaic.com\/pt-pt\/produto\/caneca-de-ceramica-salamandra-e-flores-branco-9-5-cm\/","title":{"rendered":"Caneca de cer\u00e2mica. Salamandra e flores. Branco. 9,5 cm."},"content":{"rendered":"<p>Esta caneca de cer\u00e2mica, com o seu design vibrante de salamandras e flores, \u00e9 um espl\u00eandido exemplo da arte do trencad\u00eds, t\u00e3o representativo da arquitetura barcelonesa. Com uma altura de 9,5 cm, esta caneca \u00e9 ideal para desfrutar das suas bebidas favoritas, seja caf\u00e9, ch\u00e1 ou infus\u00f5es, ao mesmo tempo que adiciona um toque art\u00edstico \u00e0 sua mesa. O exterior branco da caneca real\u00e7a a colorida salamandra, que se desdobra em vermelhos, amarelos e laranjas, rodeada de exuberantes flores em tons azuis e vermelhos que evocam a flora mediterr\u00e2nica. Este design alegre e chamativo n\u00e3o s\u00f3 captura a ess\u00eancia do patrim\u00f3nio art\u00edstico catal\u00e3o, mas tamb\u00e9m simboliza a diversidade e a criatividade que caracterizam Barcelona.<\/p>\n<p>O trencad\u00eds, t\u00e9cnica de mosaico criada com fragmentos de cer\u00e2mica, \u00e9 uma express\u00e3o cultural profundamente enraizada na cidade, gra\u00e7as a artistas como Antoni Gaud\u00ed, que utilizou este estilo em obras-primas como o Parque G\u00fcell. Esta caneca n\u00e3o \u00e9 apenas uma recorda\u00e7\u00e3o de Barcelona, mas tamb\u00e9m um lembrete do vibrante legado art\u00edstico da regi\u00e3o. Na Ol\u00e9 Mosaic, orgulhamo-nos de oferecer produtos aut\u00eanticos por grosso que celebram a cultura e a tradi\u00e7\u00e3o, tornando-a uma excelente op\u00e7\u00e3o para lojas de presentes tur\u00edsticos que procuram artigos \u00fanicos e significativos para os seus clientes. Esta caneca de cer\u00e2mica \u00e9, sem d\u00favida, um presente ideal para quem deseja levar um pedacinho de Barcelona para casa.<\/p>\n","protected":false},"excerpt":{"rendered":"<p>Caneca de cer\u00e2mica com um design vibrante de salamandras e flores, inspirada no trencad\u00eds barcelon\u00eas. Com acabamento branco e um interior vermelho em contraste, esta caneca apresenta uma colorida salamandra rodeada de exuberantes flores em tons azuis, amarelos e vermelhos, criando uma cena alegre e chamativa. Os seus 9,5 cm de altura tornam-na o acess\u00f3rio ideal para desfrutar das suas bebidas favoritas, adicionando um toque art\u00edstico \u00e0 sua mesa.<\/p>\n","protected":false},"featured_media":8342,"template":"","meta":{"_acf_changed":false},"product_brand":[],"product_cat":[726],"product_tag":[516,515],"class_list":{"0":"post-27791","1":"product","2":"type-product","3":"status-publish","4":"has-post-thumbnail","6":"product_cat-mugs","7":"product_tag-animais","8":"product_tag-ceramica","9":"pa_motivo-salamandras","11":"first","12":"instock","13":"shipping-taxable","14":"product-type-simple"},"acf":[],"_links":{"self":[{"href":"https:\/\/olemosaic.com\/pt-pt\/wp-json\/wp\/v2\/product\/27791","targetHints":{"allow":["GET"]}}],"collection":[{"href":"https:\/\/olemosaic.com\/pt-pt\/wp-json\/wp\/v2\/product"}],"about":[{"href":"https:\/\/olemosaic.com\/pt-pt\/wp-json\/wp\/v2\/types\/product"}],"wp:featuredmedia":[{"embeddable":true,"href":"https:\/\/olemosaic.com\/pt-pt\/wp-json\/wp\/v2\/media\/8342"}],"wp:attachment":[{"href":"https:\/\/olemosaic.com\/pt-pt\/wp-json\/wp\/v2\/media?parent=27791"}],"wp:term":[{"taxonomy":"product_brand","embeddable":true,"href":"https:\/\/olemosaic.com\/pt-pt\/wp-json\/wp\/v2\/product_brand?post=27791"},{"taxonomy":"product_cat","embeddable":true,"href":"https:\/\/olemosaic.com\/pt-pt\/wp-json\/wp\/v2\/product_cat?post=27791"},{"taxonomy":"product_tag","embeddable":true,"href":"https:\/\/olemosaic.com\/pt-pt\/wp-json\/wp\/v2\/product_tag?post=27791"}],"curies":[{"name":"wp","href":"https:\/\/api.w.org\/{rel}","templated":true}]}}