{"id":27790,"date":"2025-02-20T23:29:12","date_gmt":"2025-02-20T22:29:12","guid":{"rendered":"http:\/\/olemosaic.com\/producto\/taza-de-ceramica-salamandra-beige\/"},"modified":"2025-07-25T18:48:34","modified_gmt":"2025-07-25T16:48:34","slug":"caneca-de-ceramica-salamandra-bege-pt-pt","status":"publish","type":"product","link":"https:\/\/olemosaic.com\/pt-pt\/produto\/caneca-de-ceramica-salamandra-bege-pt-pt\/","title":{"rendered":"Caneca de cer\u00e2mica. Salamandra. Bege."},"content":{"rendered":"<p>Esta caneca de cer\u00e2mica com design de salamandra \u00e9 o complemento ideal para desfrutar da sua bebida favorita enquanto celebra a rica tradi\u00e7\u00e3o cultural espanhola. Com um elegante tom bege suave, a pe\u00e7a destaca-se pela sua bela salamandra com efeito pintado \u00e0 m\u00e3o, rodeada de folhas vibrantes que d\u00e3o vida ao design, evocando o colorido folclore espanhol. A t\u00e9cnica artesanal utilizada em cada caneca assegura que cada pe\u00e7a seja \u00fanica, com detalhes em mosaico que captam a ess\u00eancia da arte tradicional.<\/p>\n<p>Al\u00e9m disso, esta caneca est\u00e1 dispon\u00edvel numa variedade de cores para a asa e o interior, o que permite a cada cliente escolher a sua combina\u00e7\u00e3o favorita, tornando-a um atrativo elemento decorativo, al\u00e9m de funcional. A salamandra, um s\u00edmbolo de renascimento e transforma\u00e7\u00e3o, adiciona um toque de significado a este souvenir, tornando-o uma recorda\u00e7\u00e3o memor\u00e1vel da rica heran\u00e7a cultural da regi\u00e3o.<\/p>\n<p>Na Ol\u00e9 Mosaic, compreendemos a necessidade de oferecer artigos aut\u00eanticos e de qualidade. Esta caneca de cer\u00e2mica n\u00e3o s\u00f3 \u00e9 um belo souvenir que representa a diversidade cultural de Espanha, como tamb\u00e9m uma excelente op\u00e7\u00e3o para lojas de presentes tur\u00edsticos que procuram produtos \u00fanicos. Como grossista de souvenirs, oferecemos este design excecional, ideal para turistas que desejam levar um pedacinho da cultura espanhola para casa.<\/p>\n","protected":false},"excerpt":{"rendered":"<p>Caneca de cer\u00e2mica com design de salamandra, ideal para desfrutar da sua bebida favorita. Esta caneca, de um suave tom bege, apresenta uma colorida salamandra de design artesanal, pintada \u00e0 m\u00e3o, rodeada de folhas vibrantes. O design destaca-se pela sua t\u00e9cnica artesanal e pelos detalhes em mosaico, que evocam o folclore espanhol. Dispon\u00edvel com a asa e o interior em diferentes cores, esta caneca n\u00e3o s\u00f3 \u00e9 funcional, como tamb\u00e9m um belo elemento decorativo para qualquer casa.<\/p>\n","protected":false},"featured_media":6911,"template":"","meta":{"_acf_changed":false},"product_brand":[],"product_cat":[833],"product_tag":[516,515],"class_list":{"0":"post-27790","1":"product","2":"type-product","3":"status-publish","4":"has-post-thumbnail","6":"product_cat-canecas","7":"product_tag-animais","8":"product_tag-ceramica","9":"pa_motivo-salamandras","11":"first","12":"instock","13":"shipping-taxable","14":"product-type-simple"},"acf":[],"_links":{"self":[{"href":"https:\/\/olemosaic.com\/pt-pt\/wp-json\/wp\/v2\/product\/27790","targetHints":{"allow":["GET"]}}],"collection":[{"href":"https:\/\/olemosaic.com\/pt-pt\/wp-json\/wp\/v2\/product"}],"about":[{"href":"https:\/\/olemosaic.com\/pt-pt\/wp-json\/wp\/v2\/types\/product"}],"wp:featuredmedia":[{"embeddable":true,"href":"https:\/\/olemosaic.com\/pt-pt\/wp-json\/wp\/v2\/media\/6911"}],"wp:attachment":[{"href":"https:\/\/olemosaic.com\/pt-pt\/wp-json\/wp\/v2\/media?parent=27790"}],"wp:term":[{"taxonomy":"product_brand","embeddable":true,"href":"https:\/\/olemosaic.com\/pt-pt\/wp-json\/wp\/v2\/product_brand?post=27790"},{"taxonomy":"product_cat","embeddable":true,"href":"https:\/\/olemosaic.com\/pt-pt\/wp-json\/wp\/v2\/product_cat?post=27790"},{"taxonomy":"product_tag","embeddable":true,"href":"https:\/\/olemosaic.com\/pt-pt\/wp-json\/wp\/v2\/product_tag?post=27790"}],"curies":[{"name":"wp","href":"https:\/\/api.w.org\/{rel}","templated":true}]}}