{"id":27789,"date":"2025-02-20T23:29:12","date_gmt":"2025-02-20T22:29:12","guid":{"rendered":"http:\/\/olemosaic.com\/producto\/taza-de-ceramica-sevilla-blanco\/"},"modified":"2025-07-25T19:36:17","modified_gmt":"2025-07-25T17:36:17","slug":"caneca-de-ceramica-sevilha-branco","status":"publish","type":"product","link":"https:\/\/olemosaic.com\/pt-pt\/produto\/caneca-de-ceramica-sevilha-branco\/","title":{"rendered":"Caneca de cer\u00e2mica. Sevilha. Branco."},"content":{"rendered":"<p>Esta caneca de cer\u00e2mica branca, decorada com uma vibrante ilustra\u00e7\u00e3o da emblem\u00e1tica Plaza de Espa\u00f1a de Sevilha, \u00e9 o souvenir perfeito para quem deseja levar um peda\u00e7o desta preciosa cidade. O design pintado \u00e0 m\u00e3o destaca-se pelas suas cores chamativas, com tons intensos de vermelho, amarelo e azul, meticulosamente elaborados para refletir a singular arquitetura da pra\u00e7a. A caneca tem um interior verde que adiciona um contraste alegre ao exterior, e a palavra &#8220;Sevilla&#8221; brilha na parte superior, tornando esta pe\u00e7a uma recorda\u00e7\u00e3o inesquec\u00edvel da capital andaluza.<\/p>\n<p>O acabamento brilhante n\u00e3o s\u00f3 real\u00e7a os detalhes decorativos, como tamb\u00e9m assegura a durabilidade e a facilidade de limpeza, o que a torna uma op\u00e7\u00e3o ideal tanto para o uso di\u00e1rio como para exibi\u00e7\u00e3o. Este souvenir de Sevilha representa a riqueza cultural e o encanto hist\u00f3rico da cidade, famosa pelo seu flamenco, pelas suas tapas e pela sua fascinante arquitetura. Na Ol\u00e9 Mosaic, orgulhamo-nos de oferecer souvenirs aut\u00eanticos que captam a ess\u00eancia de cada lugar. Esta caneca de cer\u00e2mica \u00e9 uma excelente ideia para turistas que procuram uma recorda\u00e7\u00e3o representativa de Sevilha, e uma op\u00e7\u00e3o atrativa para lojas de presentes tur\u00edsticos que desejem impressionar os seus clientes com produtos de qualidade. Como grossista de souvenirs, garantimos a autenticidade e o valor cultural em cada artigo que distribu\u00edmos.<\/p>\n","protected":false},"excerpt":{"rendered":"<p>Caneca de cer\u00e2mica branca decorada com uma vibrante ilustra\u00e7\u00e3o da famosa Plaza de Espa\u00f1a de Sevilha. Este design artesanal, pintado \u00e0 m\u00e3o, destaca-se pelas suas cores chamativas e detalhes meticulosos, com um acabamento brilhante que real\u00e7a os toques vermelhos, amarelos e azuis do edif\u00edcio. A caneca tem o interior verde, o que lhe confere um contraste alegre, e o nome &#8220;Sevilla&#8221; aparece na parte superior, fazendo desta pe\u00e7a uma bonita recorda\u00e7\u00e3o da cidade.<\/p>\n","protected":false},"featured_media":9936,"template":"","meta":{"_acf_changed":false},"product_brand":[],"product_cat":[833],"product_tag":[515],"class_list":{"0":"post-27789","1":"product","2":"type-product","3":"status-publish","4":"has-post-thumbnail","6":"product_cat-canecas","7":"product_tag-ceramica","8":"pa_ciudad-sevilla","9":"pa_pais-espana","11":"first","12":"instock","13":"shipping-taxable","14":"product-type-simple"},"acf":[],"_links":{"self":[{"href":"https:\/\/olemosaic.com\/pt-pt\/wp-json\/wp\/v2\/product\/27789","targetHints":{"allow":["GET"]}}],"collection":[{"href":"https:\/\/olemosaic.com\/pt-pt\/wp-json\/wp\/v2\/product"}],"about":[{"href":"https:\/\/olemosaic.com\/pt-pt\/wp-json\/wp\/v2\/types\/product"}],"wp:featuredmedia":[{"embeddable":true,"href":"https:\/\/olemosaic.com\/pt-pt\/wp-json\/wp\/v2\/media\/9936"}],"wp:attachment":[{"href":"https:\/\/olemosaic.com\/pt-pt\/wp-json\/wp\/v2\/media?parent=27789"}],"wp:term":[{"taxonomy":"product_brand","embeddable":true,"href":"https:\/\/olemosaic.com\/pt-pt\/wp-json\/wp\/v2\/product_brand?post=27789"},{"taxonomy":"product_cat","embeddable":true,"href":"https:\/\/olemosaic.com\/pt-pt\/wp-json\/wp\/v2\/product_cat?post=27789"},{"taxonomy":"product_tag","embeddable":true,"href":"https:\/\/olemosaic.com\/pt-pt\/wp-json\/wp\/v2\/product_tag?post=27789"}],"curies":[{"name":"wp","href":"https:\/\/api.w.org\/{rel}","templated":true}]}}