{"id":27786,"date":"2025-02-20T23:29:11","date_gmt":"2025-02-20T22:29:11","guid":{"rendered":"http:\/\/olemosaic.com\/producto\/libreta-de-80-hojas-panoramica-barcelona-6\/"},"modified":"2025-07-25T19:37:04","modified_gmt":"2025-07-25T17:37:04","slug":"caderno-de-80-folhas-panoramico-barcelona-6","status":"publish","type":"product","link":"https:\/\/olemosaic.com\/pt-pt\/produto\/caderno-de-80-folhas-panoramico-barcelona-6\/","title":{"rendered":"Caderno de 80 folhas. Panor\u00e2mico. Sagrada Fam\u00edlia. Barcelona."},"content":{"rendered":"<p>Este caderno panor\u00e2mico de 80 folhas \u00e9 uma recorda\u00e7\u00e3o excecional que capta a magnific\u00eancia da Sagrada Fam\u00edlia em Barcelona. A sua capa vibrante apresenta uma ilustra\u00e7\u00e3o inspirada em t\u00e9cnicas de mosaico que real\u00e7a as ic\u00f3nicas torres do monumento, combinando cores quentes como avermelhados, amarelos e verdes para evocar a ess\u00eancia modernista da obra de Gaud\u00ed. Na parte superior, o nome &#8220;Barcelona&#8221; \u00e9 adornado com detalhes decorativos que refor\u00e7am a liga\u00e7\u00e3o cultural com a cidade. Cada folha no seu interior \u00e9 perfeita para tomar notas, desenhar ou registar mem\u00f3rias, tornando-o um acess\u00f3rio ideal para turistas e amantes de arte. Este souvenir de Barcelona n\u00e3o \u00e9 apenas um caderno pr\u00e1tico, mas tamb\u00e9m uma representa\u00e7\u00e3o art\u00edstica da rica hist\u00f3ria e do patrim\u00f3nio arquitet\u00f3nico da cidade. Na Ol\u00e9 Mosaic, como grossista de souvenirs, oferecemos este caderno que se destaca pela sua autenticidade e qualidade, ideal para lojas de presentes tur\u00edsticos que procuram produtos significativos. Este souvenir da Sagrada Fam\u00edlia \u00e9 uma excelente escolha para quem deseja levar consigo um pouco do encanto barcelon\u00eas.<\/p>\n","protected":false},"excerpt":{"rendered":"<p>Caderno de 80 folhas com uma vibrante ilustra\u00e7\u00e3o panor\u00e2mica da Sagrada Fam\u00edlia de Barcelona. O design colorido, inspirado em t\u00e9cnicas de mosaico, apresenta as ic\u00f3nicas torres do monumento, juntamente with detalhes art\u00edsticos em tons avermelhados, amarelos e verdes. A capa est\u00e1 adornada com o nome &#8220;Barcelona&#8221; e detalhes decorativos que evocam o estilo modernista. Este pr\u00e1tico caderno \u00e9 ideal para tomar notas ou desenhar, capturando a ess\u00eancia da cidade.<\/p>\n","protected":false},"featured_media":12008,"template":"","meta":{"_acf_changed":false},"product_brand":[],"product_cat":[808],"product_tag":[],"class_list":{"0":"post-27786","1":"product","2":"type-product","3":"status-publish","4":"has-post-thumbnail","6":"product_cat-cadernos","7":"pa_ciudad-barcelona","8":"pa_motivo-panoramas","9":"pa_pais-espana","11":"first","12":"instock","13":"shipping-taxable","14":"product-type-simple"},"acf":[],"_links":{"self":[{"href":"https:\/\/olemosaic.com\/pt-pt\/wp-json\/wp\/v2\/product\/27786","targetHints":{"allow":["GET"]}}],"collection":[{"href":"https:\/\/olemosaic.com\/pt-pt\/wp-json\/wp\/v2\/product"}],"about":[{"href":"https:\/\/olemosaic.com\/pt-pt\/wp-json\/wp\/v2\/types\/product"}],"wp:featuredmedia":[{"embeddable":true,"href":"https:\/\/olemosaic.com\/pt-pt\/wp-json\/wp\/v2\/media\/12008"}],"wp:attachment":[{"href":"https:\/\/olemosaic.com\/pt-pt\/wp-json\/wp\/v2\/media?parent=27786"}],"wp:term":[{"taxonomy":"product_brand","embeddable":true,"href":"https:\/\/olemosaic.com\/pt-pt\/wp-json\/wp\/v2\/product_brand?post=27786"},{"taxonomy":"product_cat","embeddable":true,"href":"https:\/\/olemosaic.com\/pt-pt\/wp-json\/wp\/v2\/product_cat?post=27786"},{"taxonomy":"product_tag","embeddable":true,"href":"https:\/\/olemosaic.com\/pt-pt\/wp-json\/wp\/v2\/product_tag?post=27786"}],"curies":[{"name":"wp","href":"https:\/\/api.w.org\/{rel}","templated":true}]}}