{"id":27765,"date":"2025-02-20T22:29:11","date_gmt":"2025-02-20T22:29:11","guid":{"rendered":"http:\/\/olemosaic.com\/producto\/libreta-de-80-hojas-panoramica-valencia\/"},"modified":"2025-07-25T18:37:14","modified_gmt":"2025-07-25T16:37:14","slug":"caderno-de-80-folhas-panoramica-valencia","status":"publish","type":"product","link":"https:\/\/olemosaic.com\/pt-pt\/produto\/caderno-de-80-folhas-panoramica-valencia\/","title":{"rendered":"Caderno de 80 folhas. Panor\u00e2mica. Val\u00eancia."},"content":{"rendered":"<p>Este caderno panor\u00e2mico de 80 folhas \u00e9 uma homenagem \u00e0 vibrante cidade de Val\u00eancia, que capta a ess\u00eancia dos seus monumentos mais emblem\u00e1ticos. A capa, fabricada em pl\u00e1stico resistente, apresenta um design colorido e contempor\u00e2neo que real\u00e7a elementos arquitet\u00f3nicos t\u00e3o representativos como a Cidade das Artes e das Ci\u00eancias ou a emblem\u00e1tica Torre do Miguelete. Os mosaicos que a adornam evocam a rica heran\u00e7a art\u00edstica de Val\u00eancia, recordando a obra do famoso arquiteto Santiago Calatrava. O pr\u00e1tico fecho el\u00e1stico, de uma vibrante cor vermelha, n\u00e3o s\u00f3 acrescenta um toque de estilo, como garante a prote\u00e7\u00e3o das suas ideias e recorda\u00e7\u00f5es. \u00c9 perfeito para tomar notas, fazer esbo\u00e7os ou registar reflex\u00f5es enquanto desfruta da ess\u00eancia cultural e art\u00edstica de Val\u00eancia. Como uma recorda\u00e7\u00e3o aut\u00eantica e significativa, este caderno \u00e9 uma ferramenta \u00fatil e um lembrete tang\u00edvel da beleza da cidade. Ideal para turistas que desejem levar um peda\u00e7o de Val\u00eancia, \u00e9 uma excelente op\u00e7\u00e3o para lojas de presentes tur\u00edsticos. Na Ol\u00e9 Mosaic, como grossista de souvenirs, oferecemos produtos que celebram a cultura e a arte locais, o que o torna uma escolha perfeita para os seus clientes.<\/p>\n","protected":false},"excerpt":{"rendered":"<p>Caderno de 80 folhas com uma vibrante panor\u00e2mica de Val\u00eancia, onde se destacam os seus monumentos mais emblem\u00e1ticos. A capa, fabricada em pl\u00e1stico resistente, apresenta um design colorido com mosaicos que evocam o estilo arquitet\u00f3nico da cidade, incluindo a Cidade das Artes e das Ci\u00eancias e a Torre do Miguelete. Com um pr\u00e1tico fecho el\u00e1stico vermelho, este caderno \u00e9 ideal para anotar ideias e recorda\u00e7\u00f5es enquanto se desfruta da ess\u00eancia art\u00edstica e cultural de Val\u00eancia.<\/p>\n","protected":false},"featured_media":11638,"template":"","meta":{"_acf_changed":false},"product_brand":[],"product_cat":[808],"product_tag":[],"class_list":{"0":"post-27765","1":"product","2":"type-product","3":"status-publish","4":"has-post-thumbnail","6":"product_cat-cadernos","7":"pa_ciudad-valencia","8":"pa_motivo-panoramas","9":"pa_pais-espana","11":"first","12":"instock","13":"shipping-taxable","14":"product-type-simple"},"acf":[],"_links":{"self":[{"href":"https:\/\/olemosaic.com\/pt-pt\/wp-json\/wp\/v2\/product\/27765","targetHints":{"allow":["GET"]}}],"collection":[{"href":"https:\/\/olemosaic.com\/pt-pt\/wp-json\/wp\/v2\/product"}],"about":[{"href":"https:\/\/olemosaic.com\/pt-pt\/wp-json\/wp\/v2\/types\/product"}],"wp:featuredmedia":[{"embeddable":true,"href":"https:\/\/olemosaic.com\/pt-pt\/wp-json\/wp\/v2\/media\/11638"}],"wp:attachment":[{"href":"https:\/\/olemosaic.com\/pt-pt\/wp-json\/wp\/v2\/media?parent=27765"}],"wp:term":[{"taxonomy":"product_brand","embeddable":true,"href":"https:\/\/olemosaic.com\/pt-pt\/wp-json\/wp\/v2\/product_brand?post=27765"},{"taxonomy":"product_cat","embeddable":true,"href":"https:\/\/olemosaic.com\/pt-pt\/wp-json\/wp\/v2\/product_cat?post=27765"},{"taxonomy":"product_tag","embeddable":true,"href":"https:\/\/olemosaic.com\/pt-pt\/wp-json\/wp\/v2\/product_tag?post=27765"}],"curies":[{"name":"wp","href":"https:\/\/api.w.org\/{rel}","templated":true}]}}