{"id":27764,"date":"2025-02-20T22:29:11","date_gmt":"2025-02-20T22:29:11","guid":{"rendered":"http:\/\/olemosaic.com\/producto\/libreta-de-80-hojas-salamandra-tenerife\/"},"modified":"2025-07-25T18:49:17","modified_gmt":"2025-07-25T16:49:17","slug":"caderno-de-80-folhas-salamandra-tenerife","status":"publish","type":"product","link":"https:\/\/olemosaic.com\/pt-pt\/produto\/caderno-de-80-folhas-salamandra-tenerife\/","title":{"rendered":"Caderno de 80 folhas. Salamandra. Tenerife."},"content":{"rendered":"<p>Este caderno decorativo de 80 folhas \u00e9 uma recorda\u00e7\u00e3o ideal que capta a ess\u00eancia \u00fanica de Tenerife, refletindo a rica biodiversidade das Ilhas Can\u00e1rias. A sua capa apresenta um design elegante onde se destacam duas salamandras, elaboradas num vibrante estilo de mosaico com uma explos\u00e3o de cores como o vermelho, azul e amarelo. Estas coloridas salamandras est\u00e3o rodeadas de flores delicadas que tamb\u00e9m brilham em tons vivos, tudo sobre um fundo preto que real\u00e7a cada matiz com intensidade e encanto.<\/p>\n<p>O caderno n\u00e3o \u00e9 apenas esteticamente atraente, mas tamb\u00e9m funcional, oferecendo um espa\u00e7o generoso para anota\u00e7\u00f5es, esbo\u00e7os ou reflex\u00f5es pessoais. Equipado com uma pr\u00e1tica banda el\u00e1stica vermelha, assegura que as suas notas estejam sempre protegidas, tornando-o um complemento perfeito para levar na mochila ou na mala. Este artigo \u00e9 muito mais do que um simples caderno; \u00e9 um peda\u00e7o da natureza can\u00e1ria que os turistas podem levar para casa, recordando as suas aventuras nas ilhas.<\/p>\n<p>Na Ol\u00e9 Mosaic, orgulhamo-nos de oferecer souvenirs aut\u00eanticos que representam a cultura e o patrim\u00f3nio de Espanha. Este caderno de salamandras de Tenerife \u00e9 uma excelente op\u00e7\u00e3o para lojas de presentes tur\u00edsticos, ideal para aqueles que procuram produtos \u00fanicos que encapsulam a beleza natural da regi\u00e3o. Com a nossa experi\u00eancia como grossistas de souvenirs, garantimos produtos que se destacam pela sua qualidade e significado cultural.<\/p>\n","protected":false},"excerpt":{"rendered":"<p>Caderno de 80 folhas decorado com motivos coloridos que representam a fauna e flora de Tenerife. A capa mostra duas salamandras, elaboradas num estilo de mosaico vibrante, rodeadas de flores vermelhas, azuis e amarelas, sobre um fundo preto que real\u00e7a as cores. Este artigo combina funcionalidade e beleza, e \u00e9 a recorda\u00e7\u00e3o perfeita da rica biodiversidade das Ilhas Can\u00e1rias. Inclui uma pr\u00e1tica banda el\u00e1stica vermelha para assegurar que as suas notas estejam sempre protegidas.<\/p>\n","protected":false},"featured_media":12014,"template":"","meta":{"_acf_changed":false},"product_brand":[],"product_cat":[808],"product_tag":[516],"class_list":{"0":"post-27764","1":"product","2":"type-product","3":"status-publish","4":"has-post-thumbnail","6":"product_cat-cadernos","7":"product_tag-animais","8":"pa_ciudad-tenerife","9":"pa_motivo-salamandras","10":"pa_pais-espana","12":"first","13":"instock","14":"shipping-taxable","15":"product-type-simple"},"acf":[],"_links":{"self":[{"href":"https:\/\/olemosaic.com\/pt-pt\/wp-json\/wp\/v2\/product\/27764","targetHints":{"allow":["GET"]}}],"collection":[{"href":"https:\/\/olemosaic.com\/pt-pt\/wp-json\/wp\/v2\/product"}],"about":[{"href":"https:\/\/olemosaic.com\/pt-pt\/wp-json\/wp\/v2\/types\/product"}],"wp:featuredmedia":[{"embeddable":true,"href":"https:\/\/olemosaic.com\/pt-pt\/wp-json\/wp\/v2\/media\/12014"}],"wp:attachment":[{"href":"https:\/\/olemosaic.com\/pt-pt\/wp-json\/wp\/v2\/media?parent=27764"}],"wp:term":[{"taxonomy":"product_brand","embeddable":true,"href":"https:\/\/olemosaic.com\/pt-pt\/wp-json\/wp\/v2\/product_brand?post=27764"},{"taxonomy":"product_cat","embeddable":true,"href":"https:\/\/olemosaic.com\/pt-pt\/wp-json\/wp\/v2\/product_cat?post=27764"},{"taxonomy":"product_tag","embeddable":true,"href":"https:\/\/olemosaic.com\/pt-pt\/wp-json\/wp\/v2\/product_tag?post=27764"}],"curies":[{"name":"wp","href":"https:\/\/api.w.org\/{rel}","templated":true}]}}