{"id":27763,"date":"2025-02-20T23:29:11","date_gmt":"2025-02-20T22:29:11","guid":{"rendered":"http:\/\/olemosaic.com\/producto\/libreta-de-80-hojas-patio-3\/"},"modified":"2025-07-25T19:13:04","modified_gmt":"2025-07-25T17:13:04","slug":"caderno-de-80-folhas-patio-3","status":"publish","type":"product","link":"https:\/\/olemosaic.com\/pt-pt\/produto\/caderno-de-80-folhas-patio-3\/","title":{"rendered":"Caderno de 80 folhas. P\u00e1tio andaluz. Espanha."},"content":{"rendered":"<p>Este caderno decorado \u00e9 uma espl\u00eandida recorda\u00e7\u00e3o da cultura andaluza, perfeita para quem deseja levar consigo um peda\u00e7o de Espanha. Com uma vibrante ilustra\u00e7\u00e3o na sua capa, o caderno mostra uma bailarina de flamenco exibindo um espetacular vestido de bolinhas vermelhas e segurando um elegante leque, enquanto celebra a sua arte num encantador p\u00e1tio andaluz acompanhada por um bailarino. Este design, rodeado por uma moldura de flores vermelhas e um fundo de pedras brancas, evoca a ess\u00eancia do folclore espanhol e a alegria das tradi\u00e7\u00f5es andaluzas.<\/p>\n<p>O caderno conta com 80 folhas, ideais para escrever notas, desenhar ou guardar recorda\u00e7\u00f5es de viagem, tornando-o um objeto n\u00e3o s\u00f3 decorativo, mas tamb\u00e9m funcional. O seu fecho el\u00e1stico vermelho acrescenta um toque pr\u00e1tico e elegante, mantendo o caderno seguro em qualquer mala ou mochila. Este souvenir \u00e9 uma excelente escolha para turistas que procuram uma recorda\u00e7\u00e3o aut\u00eantica e representativa da Andaluzia, celebrando a rica heran\u00e7a cultural da regi\u00e3o.<\/p>\n<p>Na Ol\u00e9 Mosaic, dedicamo-nos \u00e0 distribui\u00e7\u00e3o de souvenirs por grosso, e este caderno de flamenco \u00e9 um artigo de destaque que atrair\u00e1 os compradores em lojas de presentes tur\u00edsticos. Como grossistas de produtos culturais, garantimos que cada pe\u00e7a, incluindo este caderno, capta a magia e a autenticidade da tradi\u00e7\u00e3o espanhola, oferecendo uma liga\u00e7\u00e3o emocional com o belo patrim\u00f3nio da Andaluzia.<\/p>\n","protected":false},"excerpt":{"rendered":"<p>Caderno de 80 folhas decorado com uma vibrante ilustra\u00e7\u00e3o de um p\u00e1tio andaluz, onde uma bailarina de flamenco com um vestido de bolinhas vermelhas e um elegante leque celebra a sua arte na companhia de um bailarino. O design, emoldurado por flores vermelhas e um fundo de pedras brancas, evoca a ess\u00eancia do folclore espanhol. Com um fecho el\u00e1stico vermelho, este caderno \u00e9 ideal para tomar notas e guardar recorda\u00e7\u00f5es, fundindo funcionalidade e beleza cultural.<\/p>\n","protected":false},"featured_media":9363,"template":"","meta":{"_acf_changed":false},"product_brand":[],"product_cat":[808],"product_tag":[],"class_list":{"0":"post-27763","1":"product","2":"type-product","3":"status-publish","4":"has-post-thumbnail","6":"product_cat-cadernos","7":"pa_motivo-patios","9":"first","10":"instock","11":"shipping-taxable","12":"product-type-simple"},"acf":[],"_links":{"self":[{"href":"https:\/\/olemosaic.com\/pt-pt\/wp-json\/wp\/v2\/product\/27763","targetHints":{"allow":["GET"]}}],"collection":[{"href":"https:\/\/olemosaic.com\/pt-pt\/wp-json\/wp\/v2\/product"}],"about":[{"href":"https:\/\/olemosaic.com\/pt-pt\/wp-json\/wp\/v2\/types\/product"}],"wp:featuredmedia":[{"embeddable":true,"href":"https:\/\/olemosaic.com\/pt-pt\/wp-json\/wp\/v2\/media\/9363"}],"wp:attachment":[{"href":"https:\/\/olemosaic.com\/pt-pt\/wp-json\/wp\/v2\/media?parent=27763"}],"wp:term":[{"taxonomy":"product_brand","embeddable":true,"href":"https:\/\/olemosaic.com\/pt-pt\/wp-json\/wp\/v2\/product_brand?post=27763"},{"taxonomy":"product_cat","embeddable":true,"href":"https:\/\/olemosaic.com\/pt-pt\/wp-json\/wp\/v2\/product_cat?post=27763"},{"taxonomy":"product_tag","embeddable":true,"href":"https:\/\/olemosaic.com\/pt-pt\/wp-json\/wp\/v2\/product_tag?post=27763"}],"curies":[{"name":"wp","href":"https:\/\/api.w.org\/{rel}","templated":true}]}}