{"id":27762,"date":"2025-02-20T23:29:10","date_gmt":"2025-02-20T22:29:10","guid":{"rendered":"http:\/\/olemosaic.com\/producto\/libreta-de-80-hojas-salamandra-3\/"},"modified":"2025-07-25T18:37:16","modified_gmt":"2025-07-25T16:37:16","slug":"caderno-de-80-folhas-salamandra-3","status":"publish","type":"product","link":"https:\/\/olemosaic.com\/pt-pt\/produto\/caderno-de-80-folhas-salamandra-3\/","title":{"rendered":"Caderno de 80 folhas. Salamandra. Estilo mediterr\u00e2nico."},"content":{"rendered":"<p>Este caderno, decorado com uma vibrante salamandra, \u00e9 uma homenagem ao g\u00e9nio do modernismo catal\u00e3o, Antoni Gaud\u00ed, e um souvenir ideal de Barcelona. Com 80 folhas de qualidade, \u00e9 perfeito para registar ideias, esbo\u00e7os e recorda\u00e7\u00f5es das suas viagens. A ilustra\u00e7\u00e3o central apresenta uma colorida salamandra, cujas formas estilizadas e padr\u00f5es geom\u00e9tricos s\u00e3o representativos do famoso Park G\u00fcell, onde o mosaico cer\u00e2mico se converte em arte. O fundo de mosaico, em tons suaves, contrasta com a viva gama de cores vermelho, azul e amarelo das flores que adornam o caderno, criando um design alegre e contempor\u00e2neo.<\/p>\n<p>A caderneta inclui uma pr\u00e1tica banda el\u00e1stica vermelha que, al\u00e9m de acrescentar um toque de eleg\u00e2ncia, mant\u00e9m as suas notas seguras. Este produto destaca-se tanto pela sua funcionalidade como por ser uma recorda\u00e7\u00e3o tang\u00edvel do esp\u00edrito criativo de Barcelona, fazendo alus\u00e3o \u00e0 riqueza cultural e art\u00edstica da cidade. Na Ol\u00e9 Mosaic, especialistas na distribui\u00e7\u00e3o de souvenirs por grosso, este caderno de salamandra \u00e9 uma excelente op\u00e7\u00e3o para as lojas de presentes tur\u00edsticos que procuram oferecer artigos aut\u00eanticos e representativos. Um souvenir imprescind\u00edvel para qualquer turista que queira levar um pedacinho da magia de Barcelona.<\/p>\n","protected":false},"excerpt":{"rendered":"<p>Caderno de 80 folhas decorado com uma salamandra colorida sobre um fundo de mosaico, inspirado na arte de Gaud\u00ed, t\u00edpica de Barcelona. O seu design vibrante inclui flores em tons de vermelho, azul e amarelo, que real\u00e7am um estilo alegre e contempor\u00e2neo. O caderno conta com uma banda el\u00e1stica vermelha para o manter fechado, ideal para captar ideias e esbo\u00e7os enquanto evoca a ess\u00eancia do modernismo catal\u00e3o.<\/p>\n","protected":false},"featured_media":11643,"template":"","meta":{"_acf_changed":false},"product_brand":[],"product_cat":[808],"product_tag":[516],"class_list":{"0":"post-27762","1":"product","2":"type-product","3":"status-publish","4":"has-post-thumbnail","6":"product_cat-cadernos","7":"product_tag-animais","8":"pa_motivo-salamandras","10":"first","11":"instock","12":"shipping-taxable","13":"product-type-simple"},"acf":[],"_links":{"self":[{"href":"https:\/\/olemosaic.com\/pt-pt\/wp-json\/wp\/v2\/product\/27762","targetHints":{"allow":["GET"]}}],"collection":[{"href":"https:\/\/olemosaic.com\/pt-pt\/wp-json\/wp\/v2\/product"}],"about":[{"href":"https:\/\/olemosaic.com\/pt-pt\/wp-json\/wp\/v2\/types\/product"}],"wp:featuredmedia":[{"embeddable":true,"href":"https:\/\/olemosaic.com\/pt-pt\/wp-json\/wp\/v2\/media\/11643"}],"wp:attachment":[{"href":"https:\/\/olemosaic.com\/pt-pt\/wp-json\/wp\/v2\/media?parent=27762"}],"wp:term":[{"taxonomy":"product_brand","embeddable":true,"href":"https:\/\/olemosaic.com\/pt-pt\/wp-json\/wp\/v2\/product_brand?post=27762"},{"taxonomy":"product_cat","embeddable":true,"href":"https:\/\/olemosaic.com\/pt-pt\/wp-json\/wp\/v2\/product_cat?post=27762"},{"taxonomy":"product_tag","embeddable":true,"href":"https:\/\/olemosaic.com\/pt-pt\/wp-json\/wp\/v2\/product_tag?post=27762"}],"curies":[{"name":"wp","href":"https:\/\/api.w.org\/{rel}","templated":true}]}}