{"id":27749,"date":"2025-02-20T23:29:10","date_gmt":"2025-02-20T22:29:10","guid":{"rendered":"http:\/\/olemosaic.com\/producto\/libreta-de-80-hojas-panoramica-barcelona-5\/"},"modified":"2025-07-25T19:32:34","modified_gmt":"2025-07-25T17:32:34","slug":"caderno-de-80-folhas-panoramica-barcelona-5","status":"publish","type":"product","link":"https:\/\/olemosaic.com\/pt-pt\/produto\/caderno-de-80-folhas-panoramica-barcelona-5\/","title":{"rendered":"Caderno de 80 folhas. Panor\u00e2mica. Gaud\u00ed. Barcelona."},"content":{"rendered":"<p>Este caderno de 80 folhas \u00e9 uma vibrante homenagem \u00e0 encantadora cidade de Barcelona e um souvenir ideal para qualquer visitante. A capa apresenta uma espetacular ilustra\u00e7\u00e3o da emblem\u00e1tica Sagrada Fam\u00edlia, com os seus ic\u00f3nicos torre\u00f5es que se erguem em tons quentes e terracota, refletindo o inconfund\u00edvel estilo de Antoni Gaud\u00ed. Em redor, uma explos\u00e3o de motivos florais em cores vivas aporta um ar de frescura e alegria, evocando os vibrantes espa\u00e7os urbanos da capital catal\u00e3. Destaca-se um caracter\u00edstico drag\u00e3o, refer\u00eancia ao famoso Parque G\u00fcell, que adiciona um toque l\u00fadico e art\u00edstico, em harmonia com a arquitetura modernista da cidade. A palavra &#8220;Barcelona&#8221;, em letras multicoloridas e din\u00e2micas, ressalta a diversidade cultural e art\u00edstica da regi\u00e3o. Para assegurar o conte\u00fado, o caderno conta com uma pr\u00e1tica banda el\u00e1stica vermelha que combina perfeitamente com o design geral. Este produto n\u00e3o s\u00f3 \u00e9 funcional para capturar pensamentos e mem\u00f3rias, como tamb\u00e9m atua como um s\u00edmbolo representativo da rica heran\u00e7a cultural de Barcelona. Na Ol\u00e9 Mosaic, dedicamo-nos \u00e0 distribui\u00e7\u00e3o de souvenirs aut\u00eanticos por grosso, e este caderno \u00e9 uma excelente op\u00e7\u00e3o para lojas de presentes tur\u00edsticos que procuram artigos que celebrem a ess\u00eancia da Catalunha.<\/p>\n","protected":false},"excerpt":{"rendered":"<p>Caderno de 80 folhas com uma vibrante panor\u00e2mica de Barcelona. A capa apresenta uma colorida ilustra\u00e7\u00e3o que destaca a emblem\u00e1tica Sagrada Fam\u00edlia, rodeada de motivos florais em tons vivos e um caracter\u00edstico drag\u00e3o que evoca a obra de Gaud\u00ed. O design inclui a palavra &#8220;Barcelona&#8221; em letras multicoloridas e uma banda el\u00e1stica vermelha para assegurar o seu conte\u00fado. Ideal para registar os seus pensamentos e mem\u00f3rias da cidade condal, combinando arte e funcionalidade num s\u00f3 produto.<\/p>\n","protected":false},"featured_media":11633,"template":"","meta":{"_acf_changed":false},"product_brand":[],"product_cat":[808],"product_tag":[],"class_list":{"0":"post-27749","1":"product","2":"type-product","3":"status-publish","4":"has-post-thumbnail","6":"product_cat-cadernos","7":"pa_ciudad-barcelona","8":"pa_motivo-panoramas","9":"pa_pais-espana","11":"first","12":"instock","13":"shipping-taxable","14":"product-type-simple"},"acf":[],"_links":{"self":[{"href":"https:\/\/olemosaic.com\/pt-pt\/wp-json\/wp\/v2\/product\/27749","targetHints":{"allow":["GET"]}}],"collection":[{"href":"https:\/\/olemosaic.com\/pt-pt\/wp-json\/wp\/v2\/product"}],"about":[{"href":"https:\/\/olemosaic.com\/pt-pt\/wp-json\/wp\/v2\/types\/product"}],"wp:featuredmedia":[{"embeddable":true,"href":"https:\/\/olemosaic.com\/pt-pt\/wp-json\/wp\/v2\/media\/11633"}],"wp:attachment":[{"href":"https:\/\/olemosaic.com\/pt-pt\/wp-json\/wp\/v2\/media?parent=27749"}],"wp:term":[{"taxonomy":"product_brand","embeddable":true,"href":"https:\/\/olemosaic.com\/pt-pt\/wp-json\/wp\/v2\/product_brand?post=27749"},{"taxonomy":"product_cat","embeddable":true,"href":"https:\/\/olemosaic.com\/pt-pt\/wp-json\/wp\/v2\/product_cat?post=27749"},{"taxonomy":"product_tag","embeddable":true,"href":"https:\/\/olemosaic.com\/pt-pt\/wp-json\/wp\/v2\/product_tag?post=27749"}],"curies":[{"name":"wp","href":"https:\/\/api.w.org\/{rel}","templated":true}]}}