{"id":27748,"date":"2025-02-20T23:29:10","date_gmt":"2025-02-20T22:29:10","guid":{"rendered":"http:\/\/olemosaic.com\/producto\/libreta-de-80-hojas-salamandra-2\/"},"modified":"2025-07-25T18:41:57","modified_gmt":"2025-07-25T16:41:57","slug":"caderno-de-80-folhas-salamandra-2","status":"publish","type":"product","link":"https:\/\/olemosaic.com\/pt-pt\/produto\/caderno-de-80-folhas-salamandra-2\/","title":{"rendered":"Caderno de 80 folhas. Salamandra. Estilo mediterr\u00e2nico. Barcelona."},"content":{"rendered":"<p>Este caderno de 80 folhas \u00e9 uma vibrante homenagem \u00e0 riqueza natural da regi\u00e3o, capturada atrav\u00e9s de um design art\u00edstico inspirado na fauna local. A capa apresenta uma magn\u00edfica salamandra adornada com coloridos mosaicos que real\u00e7am as suas formas caracter\u00edsticas, emoldurada num ambiente repleto de flores estilizadas em tons vermelhos e azuis. Este detalhe n\u00e3o s\u00f3 reflete o esplendor da biodiversidade, como tamb\u00e9m o artesanato tradicional que caracteriza a cultura espanhola, onde os mosaicos s\u00e3o uma express\u00e3o art\u00edstica enraizada na sua hist\u00f3ria. O fecho el\u00e1stico vermelho n\u00e3o s\u00f3 adiciona um toque de cor e estilo, como tamb\u00e9m garante a seguran\u00e7a das suas notas e desenhos, convertendo este caderno num objeto funcional e esteticamente atraente. Ideal para turistas que procuram uma recorda\u00e7\u00e3o significativa, este caderno de salamandra \u00e9 um excelente lembrete da vida selvagem e da arte que se encontra em cada canto da regi\u00e3o. Na Ol\u00e9 Mosaic, oferecemos este caderno como parte da nossa ampla gama de souvenirs, perfeita para lojas de presentes tur\u00edsticos que procuram autenticidade e qualidade nos seus produtos.<\/p>\n","protected":false},"excerpt":{"rendered":"<p>Caderno de 80 folhas com um design vibrante inspirado na fauna da regi\u00e3o. A capa apresenta uma magn\u00edfica salamandra decorada com coloridos mosaicos que real\u00e7am a sua forma caracter\u00edstica, rodeada de flores estilizadas em tons vermelhos e azuis. Este produto funcional, ideal para tomar notas ou desenhar, conta com um fecho el\u00e1stico vermelho que aporta um toque de cor e praticidade, perfeito para quem aprecia a arte e a cultura local.<\/p>\n","protected":false},"featured_media":11644,"template":"","meta":{"_acf_changed":false},"product_brand":[],"product_cat":[808],"product_tag":[516],"class_list":{"0":"post-27748","1":"product","2":"type-product","3":"status-publish","4":"has-post-thumbnail","6":"product_cat-cadernos","7":"product_tag-animais","8":"pa_motivo-salamandras","10":"first","11":"instock","12":"shipping-taxable","13":"product-type-simple"},"acf":[],"_links":{"self":[{"href":"https:\/\/olemosaic.com\/pt-pt\/wp-json\/wp\/v2\/product\/27748","targetHints":{"allow":["GET"]}}],"collection":[{"href":"https:\/\/olemosaic.com\/pt-pt\/wp-json\/wp\/v2\/product"}],"about":[{"href":"https:\/\/olemosaic.com\/pt-pt\/wp-json\/wp\/v2\/types\/product"}],"wp:featuredmedia":[{"embeddable":true,"href":"https:\/\/olemosaic.com\/pt-pt\/wp-json\/wp\/v2\/media\/11644"}],"wp:attachment":[{"href":"https:\/\/olemosaic.com\/pt-pt\/wp-json\/wp\/v2\/media?parent=27748"}],"wp:term":[{"taxonomy":"product_brand","embeddable":true,"href":"https:\/\/olemosaic.com\/pt-pt\/wp-json\/wp\/v2\/product_brand?post=27748"},{"taxonomy":"product_cat","embeddable":true,"href":"https:\/\/olemosaic.com\/pt-pt\/wp-json\/wp\/v2\/product_cat?post=27748"},{"taxonomy":"product_tag","embeddable":true,"href":"https:\/\/olemosaic.com\/pt-pt\/wp-json\/wp\/v2\/product_tag?post=27748"}],"curies":[{"name":"wp","href":"https:\/\/api.w.org\/{rel}","templated":true}]}}