{"id":27747,"date":"2025-02-20T22:29:10","date_gmt":"2025-02-20T22:29:10","guid":{"rendered":"http:\/\/olemosaic.com\/producto\/libreta-de-80-hojas-salamandra-fuerteventura\/"},"modified":"2025-07-25T18:37:16","modified_gmt":"2025-07-25T16:37:16","slug":"caderno-de-80-folhas-salamandra-fuerteventura","status":"publish","type":"product","link":"https:\/\/olemosaic.com\/pt-pt\/produto\/caderno-de-80-folhas-salamandra-fuerteventura\/","title":{"rendered":"Caderno de 80 folhas. Salamandra. Fuerteventura."},"content":{"rendered":"<p>Este caderno de 80 folhas \u00e9 uma recorda\u00e7\u00e3o \u00fanica de Fuerteventura, pensado para quem aprecia a beleza da natureza can\u00e1ria. Na sua capa, uma vibrante ilustra\u00e7\u00e3o de uma salamandra, s\u00edmbolo do ambiente natural da ilha, destaca-se com formas din\u00e2micas em tons verdes, vermelhos e azuis, entrela\u00e7adas com delicadas flores de cores chamativas sobre um fundo preto intenso. Este design cativante n\u00e3o s\u00f3 o torna num objeto est\u00e9tico, mas tamb\u00e9m numa pe\u00e7a funcional ideal para anotar pensamentos, esbo\u00e7os ou mem\u00f3rias de viagem.<\/p>\n<p>O pr\u00e1tico fecho el\u00e1stico vermelho proporciona seguran\u00e7a e estilo, assegurando que as suas notas permane\u00e7am organizadas e protegidas. Cada detalhe do caderno real\u00e7a a sua autenticidade como recorda\u00e7\u00e3o representativa de Fuerteventura, evocando a rica biodiversidade e a vibrante cultura das Ilhas Can\u00e1rias. Ao escolher este caderno, os turistas n\u00e3o s\u00f3 adquirem um acess\u00f3rio pr\u00e1tico, como tamb\u00e9m um peda\u00e7o do encanto can\u00e1rio que poder\u00e3o levar consigo para qualquer parte. Na Ol\u00e9 Mosaic, especializamo-nos na distribui\u00e7\u00e3o de recorda\u00e7\u00f5es por grosso, e este caderno de salamandra \u00e9 uma excelente op\u00e7\u00e3o para lojas de presentes tur\u00edsticos que procuram produtos aut\u00eanticos e com um significado cultural profundo. Com o seu design atraente e utilidade, \u00e9 uma escolha perfeita para quem procura recorda\u00e7\u00f5es de Fuerteventura que realmente capturem a ess\u00eancia da ilha.<\/p>\n","protected":false},"excerpt":{"rendered":"<p>Caderno de 80 folhas com uma colorida ilustra\u00e7\u00e3o de uma salamandra, inspirada no ambiente natural de Fuerteventura. O design destaca-se pelas suas formas vibrantes em tons verdes, vermelhos e azuis, rodeadas de flores chamativas sobre um fundo preto. Este caderno, ideal para anotar pensamentos ou esbo\u00e7os, conta com um pr\u00e1tico fecho el\u00e1stico vermelho que assegura o seu conte\u00fado. Perfeito para quem deseja levar consigo um peda\u00e7o do encanto can\u00e1rio.<\/p>\n","protected":false},"featured_media":12017,"template":"","meta":{"_acf_changed":false},"product_brand":[],"product_cat":[808],"product_tag":[516],"class_list":{"0":"post-27747","1":"product","2":"type-product","3":"status-publish","4":"has-post-thumbnail","6":"product_cat-cadernos","7":"product_tag-animais","8":"pa_ciudad-fuerteventura","9":"pa_motivo-salamandras","10":"pa_pais-espana","12":"first","13":"instock","14":"shipping-taxable","15":"product-type-simple"},"acf":[],"_links":{"self":[{"href":"https:\/\/olemosaic.com\/pt-pt\/wp-json\/wp\/v2\/product\/27747","targetHints":{"allow":["GET"]}}],"collection":[{"href":"https:\/\/olemosaic.com\/pt-pt\/wp-json\/wp\/v2\/product"}],"about":[{"href":"https:\/\/olemosaic.com\/pt-pt\/wp-json\/wp\/v2\/types\/product"}],"wp:featuredmedia":[{"embeddable":true,"href":"https:\/\/olemosaic.com\/pt-pt\/wp-json\/wp\/v2\/media\/12017"}],"wp:attachment":[{"href":"https:\/\/olemosaic.com\/pt-pt\/wp-json\/wp\/v2\/media?parent=27747"}],"wp:term":[{"taxonomy":"product_brand","embeddable":true,"href":"https:\/\/olemosaic.com\/pt-pt\/wp-json\/wp\/v2\/product_brand?post=27747"},{"taxonomy":"product_cat","embeddable":true,"href":"https:\/\/olemosaic.com\/pt-pt\/wp-json\/wp\/v2\/product_cat?post=27747"},{"taxonomy":"product_tag","embeddable":true,"href":"https:\/\/olemosaic.com\/pt-pt\/wp-json\/wp\/v2\/product_tag?post=27747"}],"curies":[{"name":"wp","href":"https:\/\/api.w.org\/{rel}","templated":true}]}}