{"id":27746,"date":"2025-02-20T23:29:10","date_gmt":"2025-02-20T22:29:10","guid":{"rendered":"http:\/\/olemosaic.com\/producto\/libreta-de-80-hojas-panoramica-barcelona-4\/"},"modified":"2025-07-25T18:40:11","modified_gmt":"2025-07-25T16:40:11","slug":"caderno-de-80-folhas-panoramica-barcelona-4","status":"publish","type":"product","link":"https:\/\/olemosaic.com\/pt-pt\/produto\/caderno-de-80-folhas-panoramica-barcelona-4\/","title":{"rendered":"Caderno de 80 folhas. Panor\u00e2mica. Casa Batll\u00f3. Gaud\u00ed. Barcelona."},"content":{"rendered":"<p>Este caderno de 80 folhas \u00e9 uma vibrante homenagem \u00e0 Sagrada Fam\u00edlia, o ic\u00f3nico monumento barcelon\u00eas que representa a mestria arquitet\u00f3nica de Antoni Gaud\u00ed. O seu design colorido destaca-se pela combina\u00e7\u00e3o de tons azuis e vermelhos, criando uma vista panor\u00e2mica que captura a ess\u00eancia desta obra-prima em cada detalhe. A ilustra\u00e7\u00e3o mostra os caracter\u00edsticos pin\u00e1culos e fachadas da Sagrada Fam\u00edlia, rodeada por uma textura que evoca o mosaico no qual Gaud\u00ed foi um mestre. A capa r\u00edgida n\u00e3o s\u00f3 confere resist\u00eancia ao produto, como tamb\u00e9m aporta um toque moderno e elegante, enquanto o pr\u00e1tico el\u00e1stico vermelho garante o fecho seguro do caderno, tornando-o uma op\u00e7\u00e3o ideal para levar para qualquer lugar.<\/p>\n<p>Este souvenir de Barcelona \u00e9 perfeito para quem procura capturar os seus pensamentos e mem\u00f3rias num objeto que presta homenagem \u00e0 beleza e singularidade da Cidade Condal. A liga\u00e7\u00e3o cultural com este emblem\u00e1tico local faz com que, cada vez que seja necess\u00e1rio escrever, se evoquem imagens das incr\u00edveis obras de Gaud\u00ed. Na Ol\u00e9 Mosaic, a nossa miss\u00e3o \u00e9 oferecer souvenirs aut\u00eanticos que reflitam a riqueza cultural e art\u00edstica de Espanha; este caderno n\u00e3o \u00e9 apenas uma recorda\u00e7\u00e3o, \u00e9 um peda\u00e7o da hist\u00f3ria local. Como distribuidores de souvenirs de qualidade por grosso, garantimos que cada produto \u00e9 representativo e de grande relev\u00e2ncia cultural para lojas de presentes tur\u00edsticos.<\/p>\n","protected":false},"excerpt":{"rendered":"<p>Caderno de 80 folhas com uma vibrante panor\u00e2mica da Sagrada Fam\u00edlia, o ic\u00f3nico monumento de Barcelona. O seu design colorido inclui tons azuis e vermelhos, que ilustram os caracter\u00edsticos detalhes arquitet\u00f3nicos de Gaud\u00ed. O caderno conta com capa dura e um pr\u00e1tico el\u00e1stico vermelho para o fechar com seguran\u00e7a. Ideal para quem procura registar os seus pensamentos e mem\u00f3rias num objeto que presta homenagem \u00e0 beleza da Cidade Condal.<\/p>\n","protected":false},"featured_media":11632,"template":"","meta":{"_acf_changed":false},"product_brand":[],"product_cat":[808],"product_tag":[],"class_list":{"0":"post-27746","1":"product","2":"type-product","3":"status-publish","4":"has-post-thumbnail","6":"product_cat-cadernos","7":"pa_ciudad-barcelona","8":"pa_motivo-panoramas","9":"pa_pais-espana","11":"first","12":"instock","13":"shipping-taxable","14":"product-type-simple"},"acf":[],"_links":{"self":[{"href":"https:\/\/olemosaic.com\/pt-pt\/wp-json\/wp\/v2\/product\/27746","targetHints":{"allow":["GET"]}}],"collection":[{"href":"https:\/\/olemosaic.com\/pt-pt\/wp-json\/wp\/v2\/product"}],"about":[{"href":"https:\/\/olemosaic.com\/pt-pt\/wp-json\/wp\/v2\/types\/product"}],"wp:featuredmedia":[{"embeddable":true,"href":"https:\/\/olemosaic.com\/pt-pt\/wp-json\/wp\/v2\/media\/11632"}],"wp:attachment":[{"href":"https:\/\/olemosaic.com\/pt-pt\/wp-json\/wp\/v2\/media?parent=27746"}],"wp:term":[{"taxonomy":"product_brand","embeddable":true,"href":"https:\/\/olemosaic.com\/pt-pt\/wp-json\/wp\/v2\/product_brand?post=27746"},{"taxonomy":"product_cat","embeddable":true,"href":"https:\/\/olemosaic.com\/pt-pt\/wp-json\/wp\/v2\/product_cat?post=27746"},{"taxonomy":"product_tag","embeddable":true,"href":"https:\/\/olemosaic.com\/pt-pt\/wp-json\/wp\/v2\/product_tag?post=27746"}],"curies":[{"name":"wp","href":"https:\/\/api.w.org\/{rel}","templated":true}]}}