{"id":27730,"date":"2025-02-20T23:29:10","date_gmt":"2025-02-20T22:29:10","guid":{"rendered":"http:\/\/olemosaic.com\/producto\/libreta-de-80-hojas-patio-2\/"},"modified":"2025-07-25T18:41:57","modified_gmt":"2025-07-25T16:41:57","slug":"caderno-de-80-folhas-patio-2","status":"publish","type":"product","link":"https:\/\/olemosaic.com\/pt-pt\/produto\/caderno-de-80-folhas-patio-2\/","title":{"rendered":"Caderno de 80 folhas. P\u00e1tio. Andaluzia."},"content":{"rendered":"<p>Este caderno de 80 folhas \u00e9 uma recorda\u00e7\u00e3o excecional de Sevilha, desenhado com um motivo vibrante que capta a ess\u00eancia do flamenco e do folclore andaluz. A capa apresenta um design cativante em tons amarelos, onde se destaca uma bailarina com um elegante vestido de bolinhas vermelhas que evoca a tradi\u00e7\u00e3o e o ritmo da dan\u00e7a flamenca. Com um leque na m\u00e3o e uma express\u00e3o alegre, a bailarina \u00e9 acompanhada por um bailarino que, com camisa branca e chap\u00e9u, acrescenta um toque de sofistica\u00e7\u00e3o \u00e0 cena deste encantador p\u00e1tio andaluz.<\/p>\n<p>O contorno do caderno \u00e9 decorado com exuberantes flores vermelhas, que simbolizam a paix\u00e3o da cultura sevilhana e o ambiente festivo que carateriza esta regi\u00e3o. Ideal para anotar pensamentos, sonhos ou recorda\u00e7\u00f5es, este caderno combina funcionalidade com um design que presta homenagem \u00e0s tradi\u00e7\u00f5es espanholas. Cada p\u00e1gina convida a deixar voar a criatividade, enquanto o utilizador se sente ligado \u00e0 rica heran\u00e7a cultural da Andaluzia.<\/p>\n<p>Na Ol\u00e9 Mosaic, compreendemos a import\u00e2ncia das recorda\u00e7\u00f5es aut\u00eanticas, pelo que oferecemos produtos que representam verdadeiramente a ess\u00eancia dos seus locais de origem. Este caderno de flamenco \u00e9 uma escolha perfeita para lojas de presentes tur\u00edsticos que procuram artigos de qualidade que celebrem o melhor de Sevilha, tornando-o uma excelente op\u00e7\u00e3o para turistas que desejam levar um peda\u00e7o da cultura espanhola.<\/p>\n","protected":false},"excerpt":{"rendered":"<p>Caderno de 80 folhas com um design vibrante de um p\u00e1tio andaluz, onde dois bailarinos de flamenco animam a cena. A capa mostra uma bailarina com um vestido de bolinhas vermelhas sobre fundo amarelo, segurando um leque, acompanhada por um bailarino com camisa branca e chap\u00e9u. O contorno \u00e9 decorado com flores vermelhas, evocando o folclore espanhol e o encanto de Sevilha. Ideal para as suas notas e pensamentos com um toque cultural.<\/p>\n","protected":false},"featured_media":12018,"template":"","meta":{"_acf_changed":false},"product_brand":[],"product_cat":[808],"product_tag":[],"class_list":{"0":"post-27730","1":"product","2":"type-product","3":"status-publish","4":"has-post-thumbnail","6":"product_cat-cadernos","7":"pa_motivo-patios","9":"first","10":"instock","11":"shipping-taxable","12":"product-type-simple"},"acf":[],"_links":{"self":[{"href":"https:\/\/olemosaic.com\/pt-pt\/wp-json\/wp\/v2\/product\/27730","targetHints":{"allow":["GET"]}}],"collection":[{"href":"https:\/\/olemosaic.com\/pt-pt\/wp-json\/wp\/v2\/product"}],"about":[{"href":"https:\/\/olemosaic.com\/pt-pt\/wp-json\/wp\/v2\/types\/product"}],"wp:featuredmedia":[{"embeddable":true,"href":"https:\/\/olemosaic.com\/pt-pt\/wp-json\/wp\/v2\/media\/12018"}],"wp:attachment":[{"href":"https:\/\/olemosaic.com\/pt-pt\/wp-json\/wp\/v2\/media?parent=27730"}],"wp:term":[{"taxonomy":"product_brand","embeddable":true,"href":"https:\/\/olemosaic.com\/pt-pt\/wp-json\/wp\/v2\/product_brand?post=27730"},{"taxonomy":"product_cat","embeddable":true,"href":"https:\/\/olemosaic.com\/pt-pt\/wp-json\/wp\/v2\/product_cat?post=27730"},{"taxonomy":"product_tag","embeddable":true,"href":"https:\/\/olemosaic.com\/pt-pt\/wp-json\/wp\/v2\/product_tag?post=27730"}],"curies":[{"name":"wp","href":"https:\/\/api.w.org\/{rel}","templated":true}]}}