{"id":27729,"date":"2025-02-20T22:29:09","date_gmt":"2025-02-20T22:29:09","guid":{"rendered":"http:\/\/olemosaic.com\/producto\/libreta-de-80-hojas-panoramica-madrid-2\/"},"modified":"2025-07-25T20:11:34","modified_gmt":"2025-07-25T18:11:34","slug":"caderno-de-80-folhas-panoramica-madrid-2","status":"publish","type":"product","link":"https:\/\/olemosaic.com\/pt-pt\/produto\/caderno-de-80-folhas-panoramica-madrid-2\/","title":{"rendered":"Caderno de 80 folhas. Panor\u00e2mica. Madrid."},"content":{"rendered":"<p>Este caderno de 80 folhas \u00e9 um aut\u00eantico tesouro que capta a ess\u00eancia vibrante de Madrid, representada atrav\u00e9s de uma panor\u00e2mica colorida onde se destacam a emblem\u00e1tica Puerta del Sol e duas mulheres trajadas com fatos folcl\u00f3ricos tradicionais. O seu design, inspirado nos ic\u00f3nicos azulejos espanh\u00f3is, confere-lhe um toque cultural e art\u00edstico muito carater\u00edstico da capital. A paleta de cores vibrantes e a cuidada ilustra\u00e7\u00e3o real\u00e7am a sua singularidade, tornando-o o souvenir perfeito para quem deseja levar um peda\u00e7o de Madrid. Com uma capa resistente e um pr\u00e1tico fecho el\u00e1stico vermelho, este caderno \u00e9 ideal para tomar notas di\u00e1rias, bem como para guardar recorda\u00e7\u00f5es e anedotas da sua visita \u00e0 cidade. Este souvenir madrileno, que reflete a rica tradi\u00e7\u00e3o cultural e art\u00edstica da regi\u00e3o, \u00e9 uma excelente op\u00e7\u00e3o para turistas e um produto atraente para lojas de presentes. Na Ol\u00e9 Mosaic, como grossistas de produtos aut\u00eanticos, oferecemos este caderno como uma op\u00e7\u00e3o ideal para encher as suas prateleiras com artigos que ligam os viajantes \u00e0 cultura espanhola, destacando o seu valor como recorda\u00e7\u00e3o representativa de Madrid.<\/p>\n","protected":false},"excerpt":{"rendered":"<p>Caderno de 80 folhas com uma panor\u00e2mica colorida de Madrid, onde se distinguem a emblem\u00e1tica Puerta del Sol e duas mulheres trajadas com fatos folcl\u00f3ricos. O design, inspirado nos azulejos tradicionais, apresenta uma paleta de cores vibrante que capta a ess\u00eancia cultural da cidade. Com uma capa resistente e um pr\u00e1tico fecho el\u00e1stico vermelho, \u00e9 ideal tanto para tomar notas di\u00e1rias como para guardar recorda\u00e7\u00f5es da sua visita \u00e0 capital espanhola.<\/p>\n","protected":false},"featured_media":11637,"template":"","meta":{"_acf_changed":false},"product_brand":[],"product_cat":[808],"product_tag":[],"class_list":{"0":"post-27729","1":"product","2":"type-product","3":"status-publish","4":"has-post-thumbnail","6":"product_cat-cadernos","7":"pa_ciudad-madrid","8":"pa_motivo-panoramas","9":"pa_pais-espana","11":"first","12":"instock","13":"shipping-taxable","14":"product-type-simple"},"acf":[],"_links":{"self":[{"href":"https:\/\/olemosaic.com\/pt-pt\/wp-json\/wp\/v2\/product\/27729","targetHints":{"allow":["GET"]}}],"collection":[{"href":"https:\/\/olemosaic.com\/pt-pt\/wp-json\/wp\/v2\/product"}],"about":[{"href":"https:\/\/olemosaic.com\/pt-pt\/wp-json\/wp\/v2\/types\/product"}],"wp:featuredmedia":[{"embeddable":true,"href":"https:\/\/olemosaic.com\/pt-pt\/wp-json\/wp\/v2\/media\/11637"}],"wp:attachment":[{"href":"https:\/\/olemosaic.com\/pt-pt\/wp-json\/wp\/v2\/media?parent=27729"}],"wp:term":[{"taxonomy":"product_brand","embeddable":true,"href":"https:\/\/olemosaic.com\/pt-pt\/wp-json\/wp\/v2\/product_brand?post=27729"},{"taxonomy":"product_cat","embeddable":true,"href":"https:\/\/olemosaic.com\/pt-pt\/wp-json\/wp\/v2\/product_cat?post=27729"},{"taxonomy":"product_tag","embeddable":true,"href":"https:\/\/olemosaic.com\/pt-pt\/wp-json\/wp\/v2\/product_tag?post=27729"}],"curies":[{"name":"wp","href":"https:\/\/api.w.org\/{rel}","templated":true}]}}