{"id":27728,"date":"2025-02-20T22:29:09","date_gmt":"2025-02-20T22:29:09","guid":{"rendered":"http:\/\/olemosaic.com\/producto\/libreta-de-80-hojas-salamandra\/"},"modified":"2025-07-25T19:19:54","modified_gmt":"2025-07-25T17:19:54","slug":"caderno-de-80-folhas-salamandra","status":"publish","type":"product","link":"https:\/\/olemosaic.com\/pt-pt\/produto\/caderno-de-80-folhas-salamandra\/","title":{"rendered":"Caderno de 80 folhas. Salamandra."},"content":{"rendered":"<p>Este caderno de 80 folhas \u00e9 uma aut\u00eantica homenagem \u00e0 beleza da cultura espanhola, com uma ilustra\u00e7\u00e3o vibrante de uma salamandra rodeada de motivos florais coloridos. A sua capa preta oferece um contraste impactante que real\u00e7a os tons vivos e o design geom\u00e9trico do r\u00e9ptil, evocando a est\u00e9tica do mosaico andaluz tradicional, uma arte que representa a rica heran\u00e7a cultural de Espanha. A salamandra, s\u00edmbolo de renova\u00e7\u00e3o e transforma\u00e7\u00e3o, apresenta-se num estilo moderno e atraente, acompanhada por flores estilizadas que acrescentam um toque de frescura e alegria ao design.<\/p>\n<p>Al\u00e9m de ser um objeto funcional, ideal para anota\u00e7\u00f5es, esbo\u00e7os ou lembretes, este caderno \u00e9 uma recorda\u00e7\u00e3o significativa que capta a ess\u00eancia do folclore espanhol. A banda el\u00e1stica de fecho protege as folhas, permitindo lev\u00e1-lo para qualquer lugar, seja na mochila de um viajante ou na secret\u00e1ria de um amante da arte. Na Ol\u00e9 Mosaic, especializamo-nos na distribui\u00e7\u00e3o de artigos aut\u00eanticos que celebram as tradi\u00e7\u00f5es locais, e este caderno \u00e9 uma excelente op\u00e7\u00e3o para lojas de presentes tur\u00edsticos que procuram oferecer produtos que liguem os turistas \u00e0 riqueza cultural de Espanha. Com o seu design atraente e a sua relev\u00e2ncia cultural, esta recorda\u00e7\u00e3o \u00e9 perfeita para quem deseja levar um pedacinho das tradi\u00e7\u00f5es espanholas.<\/p>\n","protected":false},"excerpt":{"rendered":"<p>Caderno de 80 folhas com uma ilustra\u00e7\u00e3o vibrante de uma salamandra, adornada com motivos florais coloridos. A capa, com fundo preto, real\u00e7a os tons brilhantes e o design geom\u00e9trico do r\u00e9ptil, evocando a est\u00e9tica do mosaico tradicional. Este caderno, com fecho por el\u00e1stico, \u00e9 ideal para anota\u00e7\u00f5es, esbo\u00e7os ou lembretes, fundindo arte e funcionalidade de forma atraente. Perfeito para os amantes da cultura e do folclore espanhol.<\/p>\n","protected":false},"featured_media":11645,"template":"","meta":{"_acf_changed":false},"product_brand":[],"product_cat":[808],"product_tag":[516],"class_list":{"0":"post-27728","1":"product","2":"type-product","3":"status-publish","4":"has-post-thumbnail","6":"product_cat-cadernos","7":"product_tag-animais","8":"pa_motivo-salamandras","10":"first","11":"instock","12":"shipping-taxable","13":"product-type-simple"},"acf":[],"_links":{"self":[{"href":"https:\/\/olemosaic.com\/pt-pt\/wp-json\/wp\/v2\/product\/27728","targetHints":{"allow":["GET"]}}],"collection":[{"href":"https:\/\/olemosaic.com\/pt-pt\/wp-json\/wp\/v2\/product"}],"about":[{"href":"https:\/\/olemosaic.com\/pt-pt\/wp-json\/wp\/v2\/types\/product"}],"wp:featuredmedia":[{"embeddable":true,"href":"https:\/\/olemosaic.com\/pt-pt\/wp-json\/wp\/v2\/media\/11645"}],"wp:attachment":[{"href":"https:\/\/olemosaic.com\/pt-pt\/wp-json\/wp\/v2\/media?parent=27728"}],"wp:term":[{"taxonomy":"product_brand","embeddable":true,"href":"https:\/\/olemosaic.com\/pt-pt\/wp-json\/wp\/v2\/product_brand?post=27728"},{"taxonomy":"product_cat","embeddable":true,"href":"https:\/\/olemosaic.com\/pt-pt\/wp-json\/wp\/v2\/product_cat?post=27728"},{"taxonomy":"product_tag","embeddable":true,"href":"https:\/\/olemosaic.com\/pt-pt\/wp-json\/wp\/v2\/product_tag?post=27728"}],"curies":[{"name":"wp","href":"https:\/\/api.w.org\/{rel}","templated":true}]}}