{"id":27727,"date":"2025-02-20T23:29:09","date_gmt":"2025-02-20T22:29:09","guid":{"rendered":"http:\/\/olemosaic.com\/producto\/libreta-de-80-hojas-panoramica-barcelona-3\/"},"modified":"2025-07-25T19:33:05","modified_gmt":"2025-07-25T17:33:05","slug":"caderno-de-80-folhas-panoramica-barcelona-3","status":"publish","type":"product","link":"https:\/\/olemosaic.com\/pt-pt\/produto\/caderno-de-80-folhas-panoramica-barcelona-3\/","title":{"rendered":"Caderno de 80 folhas. Panor\u00e2mica. Praia. Barcelona."},"content":{"rendered":"<p>Este caderno de 80 folhas \u00e9 uma aut\u00eantica homenagem a Barcelona, apresentado com uma panor\u00e2mica vibrante que capta a ess\u00eancia desta cidade ic\u00f3nica. A capa mostra ilustra\u00e7\u00f5es coloridas de monumentos emblem\u00e1ticos como a Sagrada Fam\u00edlia e a Casa Batll\u00f3, contextualizados num fundo que evoca a praia e as palmeiras do Mediterr\u00e2neo, refletindo o ambiente festivo e alegre da cidade. O design gr\u00e1fico \u00e9 moderno e atraente, com uma gama de cores brilhantes que destacam a singularidade e o dinamismo barcelon\u00eas. A inclus\u00e3o de uma pr\u00e1tica banda el\u00e1stica permite manter o caderno fechado, o que o torna ideal para levar confortavelmente no bolso ou na mala. Este produto n\u00e3o s\u00f3 \u00e9 funcional, como tamb\u00e9m se torna uma recorda\u00e7\u00e3o representativa da cultura catal\u00e3, perfeito para turistas que procuram levar um peda\u00e7o da cidade. Na Ol\u00e9 Mosaic, orgulhamo-nos de oferecer souvenirs aut\u00eanticos que refletem a riqueza cultural de cada regi\u00e3o. Este caderno \u00e9 uma excelente op\u00e7\u00e3o para lojas de presentes tur\u00edsticos, sendo um artigo tanto \u00fatil como decorativo que capta a ess\u00eancia dos souvenirs de Barcelona.<\/p>\n","protected":false},"excerpt":{"rendered":"<p>Caderno de 80 folhas com uma panor\u00e2mica vibrante de Barcelona. A capa apresenta ilustra\u00e7\u00f5es coloridas de monumentos emblem\u00e1ticos, como a Sagrada Fam\u00edlia e a Casa Batll\u00f3, sobre um fundo de praia e palmeiras. O design destaca-se pelo seu estilo gr\u00e1fico moderno e alegre, com uma gama de cores brilhantes que capta a ess\u00eancia da cidade. Inclui uma pr\u00e1tica banda el\u00e1stica para o manter fechado, perfeita para o levar confortavelmente no bolso ou na mala.<\/p>\n","protected":false},"featured_media":11635,"template":"","meta":{"_acf_changed":false},"product_brand":[],"product_cat":[808],"product_tag":[],"class_list":{"0":"post-27727","1":"product","2":"type-product","3":"status-publish","4":"has-post-thumbnail","6":"product_cat-cadernos","7":"pa_ciudad-barcelona","8":"pa_motivo-panoramas","9":"pa_pais-espana","11":"first","12":"instock","13":"shipping-taxable","14":"product-type-simple"},"acf":[],"_links":{"self":[{"href":"https:\/\/olemosaic.com\/pt-pt\/wp-json\/wp\/v2\/product\/27727","targetHints":{"allow":["GET"]}}],"collection":[{"href":"https:\/\/olemosaic.com\/pt-pt\/wp-json\/wp\/v2\/product"}],"about":[{"href":"https:\/\/olemosaic.com\/pt-pt\/wp-json\/wp\/v2\/types\/product"}],"wp:featuredmedia":[{"embeddable":true,"href":"https:\/\/olemosaic.com\/pt-pt\/wp-json\/wp\/v2\/media\/11635"}],"wp:attachment":[{"href":"https:\/\/olemosaic.com\/pt-pt\/wp-json\/wp\/v2\/media?parent=27727"}],"wp:term":[{"taxonomy":"product_brand","embeddable":true,"href":"https:\/\/olemosaic.com\/pt-pt\/wp-json\/wp\/v2\/product_brand?post=27727"},{"taxonomy":"product_cat","embeddable":true,"href":"https:\/\/olemosaic.com\/pt-pt\/wp-json\/wp\/v2\/product_cat?post=27727"},{"taxonomy":"product_tag","embeddable":true,"href":"https:\/\/olemosaic.com\/pt-pt\/wp-json\/wp\/v2\/product_tag?post=27727"}],"curies":[{"name":"wp","href":"https:\/\/api.w.org\/{rel}","templated":true}]}}