{"id":27726,"date":"2025-02-20T22:29:09","date_gmt":"2025-02-20T22:29:09","guid":{"rendered":"http:\/\/olemosaic.com\/producto\/libreta-de-80-hojas-gato-barcelona\/"},"modified":"2025-07-25T18:41:58","modified_gmt":"2025-07-25T16:41:58","slug":"caderno-de-80-folhas-gato-barcelona","status":"publish","type":"product","link":"https:\/\/olemosaic.com\/pt-pt\/produto\/caderno-de-80-folhas-gato-barcelona\/","title":{"rendered":"Caderno de 80 folhas. Gato. Barcelona."},"content":{"rendered":"<p>Este caderno de 80 folhas com design de gato \u00e9 uma homenagem vibrante e colorida \u00e0 arte do mosaico de Barcelona, uma cidade c\u00e9lebre pela sua rica heran\u00e7a art\u00edstica e pelas suas obras-primas inovadoras. Na capa, um encantador gato colorido, inspirado no estilo de mosaico de Antoni Gaud\u00ed, ergue-se sobre um fundo que evoca as finas pe\u00e7as de cer\u00e2mica que adornam os monumentos da cidade. Este gato, com os seus tons vivos de azul, vermelho, amarelo e verde, capta a aten\u00e7\u00e3o com a sua express\u00e3o brincalhona, rodeado de delicadas borboletas que parecem voar sobre um ch\u00e3o de mosaico.<\/p>\n<p>O caderno possui uma capa dura que garante a sua durabilidade e um fecho com banda el\u00e1stica vermelha, o que n\u00e3o s\u00f3 protege o seu conte\u00fado, mas tamb\u00e9m lhe confere um aspeto moderno e elegante. As suas 80 folhas s\u00e3o perfeitas para anotar pensamentos, fazer esbo\u00e7os ou guardar recorda\u00e7\u00f5es de viagem, tornando-o um objeto tanto pr\u00e1tico como decorativo.<\/p>\n<p>Este produto \u00e9 uma excelente recorda\u00e7\u00e3o de Barcelona, ideal para turistas e amantes da cidade, pois encapsula a ess\u00eancia da sua arte e cultura. Na Ol\u00e9 Mosaic, como grossistas de souvenirs, oferecemos artigos que se destacam pela sua autenticidade e liga\u00e7\u00e3o cultural, fazendo deste caderno uma recorda\u00e7\u00e3o representativa e significativa que evoca a magia de explorar Barcelona e a sua vibrante vida art\u00edstica.<\/p>\n","protected":false},"excerpt":{"rendered":"<p>Caderno de 80 folhas com um design de gato inspirado na arte do mosaico de Barcelona. Apresenta um vibrante gato colorido, que evoca o famoso estilo de mosaico carater\u00edstico da cidade, rodeado de delicadas borboletas. A sua capa dura inclui uma banda el\u00e1stica vermelha que protege o seu conte\u00fado, tornando-o um objeto pr\u00e1tico e decorativo. Ideal para os amantes de Barcelona e de designs art\u00edsticos.<\/p>\n","protected":false},"featured_media":11650,"template":"","meta":{"_acf_changed":false},"product_brand":[],"product_cat":[808],"product_tag":[516],"class_list":{"0":"post-27726","1":"product","2":"type-product","3":"status-publish","4":"has-post-thumbnail","6":"product_cat-cadernos","7":"product_tag-animais","8":"pa_ciudad-barcelona","9":"pa_motivo-gatos","10":"pa_pais-espana","12":"first","13":"instock","14":"shipping-taxable","15":"product-type-simple"},"acf":[],"_links":{"self":[{"href":"https:\/\/olemosaic.com\/pt-pt\/wp-json\/wp\/v2\/product\/27726","targetHints":{"allow":["GET"]}}],"collection":[{"href":"https:\/\/olemosaic.com\/pt-pt\/wp-json\/wp\/v2\/product"}],"about":[{"href":"https:\/\/olemosaic.com\/pt-pt\/wp-json\/wp\/v2\/types\/product"}],"wp:featuredmedia":[{"embeddable":true,"href":"https:\/\/olemosaic.com\/pt-pt\/wp-json\/wp\/v2\/media\/11650"}],"wp:attachment":[{"href":"https:\/\/olemosaic.com\/pt-pt\/wp-json\/wp\/v2\/media?parent=27726"}],"wp:term":[{"taxonomy":"product_brand","embeddable":true,"href":"https:\/\/olemosaic.com\/pt-pt\/wp-json\/wp\/v2\/product_brand?post=27726"},{"taxonomy":"product_cat","embeddable":true,"href":"https:\/\/olemosaic.com\/pt-pt\/wp-json\/wp\/v2\/product_cat?post=27726"},{"taxonomy":"product_tag","embeddable":true,"href":"https:\/\/olemosaic.com\/pt-pt\/wp-json\/wp\/v2\/product_tag?post=27726"}],"curies":[{"name":"wp","href":"https:\/\/api.w.org\/{rel}","templated":true}]}}