{"id":27725,"date":"2025-02-20T22:29:09","date_gmt":"2025-02-20T22:29:09","guid":{"rendered":"http:\/\/olemosaic.com\/producto\/libreta-de-80-hojas-gato-mallorca\/"},"modified":"2025-07-25T18:41:31","modified_gmt":"2025-07-25T16:41:31","slug":"caderno-de-80-folhas-gato-maiorca","status":"publish","type":"product","link":"https:\/\/olemosaic.com\/pt-pt\/produto\/caderno-de-80-folhas-gato-maiorca\/","title":{"rendered":"Caderno de 80 folhas. Gato. Maiorca."},"content":{"rendered":"<p>Este caderno de 80 folhas com um colorido design de gato \u00e9 um reflexo vibrante da cultura maiorquina, ideal para quem deseja levar um pedacinho de Maiorca para qualquer lugar. A capa apresenta um cativante mosaico que ilustra um gato numa explos\u00e3o de tonalidades vermelhas, azuis, verdes e amarelas, capturando a ess\u00eancia da arte local e da arquitetura tradicional da ilha. Rodeado de borboletas que acrescentam um toque alegre e evocativo, o design n\u00e3o s\u00f3 \u00e9 esteticamente atraente, como tamb\u00e9m presta homenagem \u00e0 rica flora e fauna de Maiorca. Este elemento visual real\u00e7a a criatividade e o talento art\u00edstico caracter\u00edsticos da regi\u00e3o.<\/p>\n<p>Pr\u00e1tico e funcional, o caderno conta com uma banda el\u00e1stica vermelha que segura o seu conte\u00fado, mantendo-o fechado e protegido em todos os momentos. Cada folha oferece um espa\u00e7o ideal para escrever notas, reflex\u00f5es ou at\u00e9 esbo\u00e7os, tornando-o o companheiro perfeito para turistas, estudantes ou qualquer amante da escrita. Como souvenir de Maiorca, este caderno n\u00e3o s\u00f3 \u00e9 um objeto \u00fatil, como tamb\u00e9m uma recorda\u00e7\u00e3o significativa que representa a autenticidade e a cultura t\u00edpica da ilha. Na Ol\u00e9 Mosaic, especializamo-nos na distribui\u00e7\u00e3o de souvenirs por grosso, oferecendo produtos de qualidade que capturam a ess\u00eancia de regi\u00f5es como Maiorca, tornando cada caderno uma excelente op\u00e7\u00e3o para lojas de presentes tur\u00edsticos.<\/p>\n","protected":false},"excerpt":{"rendered":"<p>Caderno de 80 folhas com um design colorido de um gato, inspirado na arquitetura e na arte de Maiorca. A capa apresenta um vibrante mosaico com um gato em tons de vermelho, azul, verde e amarelo, rodeado de borboletas que lhe d\u00e3o um toque alegre. Este produto conta com uma banda el\u00e1stica vermelha para manter o caderno fechado, o que o torna perfeito para escrever e levar um peda\u00e7o da cultura maiorquina para qualquer lugar.<\/p>\n","protected":false},"featured_media":12004,"template":"","meta":{"_acf_changed":false},"product_brand":[],"product_cat":[808],"product_tag":[516],"class_list":{"0":"post-27725","1":"product","2":"type-product","3":"status-publish","4":"has-post-thumbnail","6":"product_cat-cadernos","7":"product_tag-animais","8":"pa_ciudad-mallorca","9":"pa_motivo-gatos","10":"pa_pais-espana","12":"first","13":"instock","14":"shipping-taxable","15":"product-type-simple"},"acf":[],"_links":{"self":[{"href":"https:\/\/olemosaic.com\/pt-pt\/wp-json\/wp\/v2\/product\/27725","targetHints":{"allow":["GET"]}}],"collection":[{"href":"https:\/\/olemosaic.com\/pt-pt\/wp-json\/wp\/v2\/product"}],"about":[{"href":"https:\/\/olemosaic.com\/pt-pt\/wp-json\/wp\/v2\/types\/product"}],"wp:featuredmedia":[{"embeddable":true,"href":"https:\/\/olemosaic.com\/pt-pt\/wp-json\/wp\/v2\/media\/12004"}],"wp:attachment":[{"href":"https:\/\/olemosaic.com\/pt-pt\/wp-json\/wp\/v2\/media?parent=27725"}],"wp:term":[{"taxonomy":"product_brand","embeddable":true,"href":"https:\/\/olemosaic.com\/pt-pt\/wp-json\/wp\/v2\/product_brand?post=27725"},{"taxonomy":"product_cat","embeddable":true,"href":"https:\/\/olemosaic.com\/pt-pt\/wp-json\/wp\/v2\/product_cat?post=27725"},{"taxonomy":"product_tag","embeddable":true,"href":"https:\/\/olemosaic.com\/pt-pt\/wp-json\/wp\/v2\/product_tag?post=27725"}],"curies":[{"name":"wp","href":"https:\/\/api.w.org\/{rel}","templated":true}]}}