{"id":27724,"date":"2025-02-20T22:29:09","date_gmt":"2025-02-20T22:29:09","guid":{"rendered":"http:\/\/olemosaic.com\/producto\/lata-inox-de-500-ml-panoramica-barcelona\/"},"modified":"2025-07-25T20:29:59","modified_gmt":"2025-07-25T18:29:59","slug":"lata-inox-de-500-ml-panoramica-barcelona-pt-pt","status":"publish","type":"product","link":"https:\/\/olemosaic.com\/pt-pt\/produto\/lata-inox-de-500-ml-panoramica-barcelona-pt-pt\/","title":{"rendered":"Lata inox. de 500 ml. Panor\u00e2mica. Barcelona."},"content":{"rendered":"<p>Esta lata de a\u00e7o inoxid\u00e1vel de 500 ml, com uma vibrante panor\u00e2mica de Barcelona, \u00e9 uma recorda\u00e7\u00e3o \u00fanica que captura a ess\u00eancia da Cidade Condal. Com um design colorido inspirado na c\u00e9lebre arquitetura barcelonesa, a lata destaca a majestosidade da Sagrada Fam\u00edlia, os contornos sinuosos da Casa Batll\u00f3 e as formas caprichosas do Park G\u00fcell, tudo num elegante estilo de mosaico. O fundo azul claro da lata complementa os detalhes brilhantes e coloridos, criando uma obra de arte em miniatura que n\u00e3o s\u00f3 \u00e9 funcional, mas tamb\u00e9m um souvenir atraente.<\/p>\n<p>Al\u00e9m do seu uso pr\u00e1tico para bebidas, esta lata \u00e9 uma rica representa\u00e7\u00e3o cultural que convida os amantes da cidade a levar um pedacinho da sua beleza e singularidade. A liga\u00e7\u00e3o entre o design da lata e a obra de Antoni Gaud\u00ed real\u00e7a a import\u00e2ncia do patrim\u00f3nio art\u00edstico de Barcelona e a sua influ\u00eancia na cena global. Ideal para turistas que procuram recorda\u00e7\u00f5es aut\u00eanticas, esta pe\u00e7a destaca-se como um lembrete das ic\u00f3nicas paisagens urbanas que caracterizam a cidade.<\/p>\n<p>Na Ol\u00e9 Mosaic, especializamo-nos na distribui\u00e7\u00e3o de souvenirs por grosso, e esta lata de a\u00e7o inoxid\u00e1vel \u00e9 uma excelente op\u00e7\u00e3o para lojas de presentes tur\u00edsticos que desejem oferecer produtos de qualidade e relev\u00e2ncia cultural. A sua autenticidade e apelo visual tornam-na um elemento imprescind\u00edvel em qualquer cole\u00e7\u00e3o de souvenirs de Barcelona.<\/p>\n","protected":false},"excerpt":{"rendered":"<p>Lata de a\u00e7o inoxid\u00e1vel de 500 ml com uma vibrante panor\u00e2mica de Barcelona. Esta pe\u00e7a apresenta um design colorido inspirado na famosa arquitetura da cidade, destacando a Sagrada Fam\u00edlia, a Casa Batll\u00f3 e o Park G\u00fcell, tudo num elegante estilo de mosaico. Com um fundo azul e detalhes brilhantes, esta lata n\u00e3o s\u00f3 \u00e9 funcional, como tamb\u00e9m uma recorda\u00e7\u00e3o atraente que captura a ess\u00eancia cultural e art\u00edstica de Barcelona, ideal para os amantes da cidade.<\/p>\n","protected":false},"featured_media":12801,"template":"","meta":{"_acf_changed":false},"product_brand":[],"product_cat":[805],"product_tag":[],"class_list":{"0":"post-27724","1":"product","2":"type-product","3":"status-publish","4":"has-post-thumbnail","6":"product_cat-latas","7":"pa_ciudad-barcelona","8":"pa_motivo-panoramas","9":"pa_pais-espana","11":"first","12":"instock","13":"shipping-taxable","14":"product-type-simple"},"acf":[],"_links":{"self":[{"href":"https:\/\/olemosaic.com\/pt-pt\/wp-json\/wp\/v2\/product\/27724","targetHints":{"allow":["GET"]}}],"collection":[{"href":"https:\/\/olemosaic.com\/pt-pt\/wp-json\/wp\/v2\/product"}],"about":[{"href":"https:\/\/olemosaic.com\/pt-pt\/wp-json\/wp\/v2\/types\/product"}],"wp:featuredmedia":[{"embeddable":true,"href":"https:\/\/olemosaic.com\/pt-pt\/wp-json\/wp\/v2\/media\/12801"}],"wp:attachment":[{"href":"https:\/\/olemosaic.com\/pt-pt\/wp-json\/wp\/v2\/media?parent=27724"}],"wp:term":[{"taxonomy":"product_brand","embeddable":true,"href":"https:\/\/olemosaic.com\/pt-pt\/wp-json\/wp\/v2\/product_brand?post=27724"},{"taxonomy":"product_cat","embeddable":true,"href":"https:\/\/olemosaic.com\/pt-pt\/wp-json\/wp\/v2\/product_cat?post=27724"},{"taxonomy":"product_tag","embeddable":true,"href":"https:\/\/olemosaic.com\/pt-pt\/wp-json\/wp\/v2\/product_tag?post=27724"}],"curies":[{"name":"wp","href":"https:\/\/api.w.org\/{rel}","templated":true}]}}