{"id":27722,"date":"2025-02-20T22:29:08","date_gmt":"2025-02-20T22:29:08","guid":{"rendered":"http:\/\/olemosaic.com\/producto\/lata-inox-de-500-ml-motivos-marinos\/"},"modified":"2025-07-25T18:38:06","modified_gmt":"2025-07-25T16:38:06","slug":"lata-inox-de-500-ml-motivos-marinhos","status":"publish","type":"product","link":"https:\/\/olemosaic.com\/pt-pt\/produto\/lata-inox-de-500-ml-motivos-marinhos\/","title":{"rendered":"Lata inox. de 500 ml. Motivos marinhos."},"content":{"rendered":"<p>Esta lata de a\u00e7o inoxid\u00e1vel de 500 ml \u00e9 o presente perfeito para os amantes do mar e da natureza, com um design cativante que presta homenagem \u00e0 rica fauna do oceano. Decorada com vibrantes motivos marinhos, a lata mostra um espetacular mosaico de coloridos golfinhos, tartarugas, cavalos-marinhos e diversos corais sobre um fundo azul profundo que evoca as profundezas marinhas. Cada elemento gr\u00e1fico foi desenhado com esmero para real\u00e7ar a beleza e diversidade do ecossistema marinho, tornando-a uma pe\u00e7a \u00fanica e funcional, ideal n\u00e3o s\u00f3 para transportar bebidas, mas tamb\u00e9m como uma recorda\u00e7\u00e3o espetacular da vida marinha.<\/p>\n<p>Mais do que uma simples lata, este produto \u00e9 um s\u00edmbolo de autenticidade e um testemunho da liga\u00e7\u00e3o cultural com o oceano que caracteriza muitas regi\u00f5es costeiras de Espanha e Portugal. Ao escolher esta lata, os turistas n\u00e3o s\u00f3 adquirem um objeto pr\u00e1tico, mas um souvenir que narra a hist\u00f3ria da vida submarina e a import\u00e2ncia da sua conserva\u00e7\u00e3o. Na Ol\u00e9 Mosaic, como grossistas de souvenirs, oferecemos produtos que celebram a cultura e a natureza locais, o que torna esta lata de motivos marinhos uma excelente op\u00e7\u00e3o para as lojas de presentes tur\u00edsticos que procuram oferecer souvenirs aut\u00eanticos e art\u00edsticos aos seus clientes.<\/p>\n","protected":false},"excerpt":{"rendered":"<p>Lata de a\u00e7o inoxid\u00e1vel de 500 ml, decorada com vibrantes motivos marinhos que representam a rica fauna do oceano. O seu design em mosaico mostra coloridos golfinhos, tartarugas, cavalos-marinhos e corais sobre um fundo azul profundo. Ideal para levar bebidas, esta lata combina funcionalidade e arte, com uma representa\u00e7\u00e3o visual que evoca a beleza do mundo submarino e \u00e9 perfeita para os amantes do mar e da natureza.<\/p>\n","protected":false},"featured_media":12807,"template":"","meta":{"_acf_changed":false},"product_brand":[],"product_cat":[805],"product_tag":[516],"class_list":{"0":"post-27722","1":"product","2":"type-product","3":"status-publish","4":"has-post-thumbnail","6":"product_cat-latas","7":"product_tag-animais","8":"pa_motivo-animais-marinhos","10":"first","11":"instock","12":"shipping-taxable","13":"product-type-simple"},"acf":[],"_links":{"self":[{"href":"https:\/\/olemosaic.com\/pt-pt\/wp-json\/wp\/v2\/product\/27722","targetHints":{"allow":["GET"]}}],"collection":[{"href":"https:\/\/olemosaic.com\/pt-pt\/wp-json\/wp\/v2\/product"}],"about":[{"href":"https:\/\/olemosaic.com\/pt-pt\/wp-json\/wp\/v2\/types\/product"}],"wp:featuredmedia":[{"embeddable":true,"href":"https:\/\/olemosaic.com\/pt-pt\/wp-json\/wp\/v2\/media\/12807"}],"wp:attachment":[{"href":"https:\/\/olemosaic.com\/pt-pt\/wp-json\/wp\/v2\/media?parent=27722"}],"wp:term":[{"taxonomy":"product_brand","embeddable":true,"href":"https:\/\/olemosaic.com\/pt-pt\/wp-json\/wp\/v2\/product_brand?post=27722"},{"taxonomy":"product_cat","embeddable":true,"href":"https:\/\/olemosaic.com\/pt-pt\/wp-json\/wp\/v2\/product_cat?post=27722"},{"taxonomy":"product_tag","embeddable":true,"href":"https:\/\/olemosaic.com\/pt-pt\/wp-json\/wp\/v2\/product_tag?post=27722"}],"curies":[{"name":"wp","href":"https:\/\/api.w.org\/{rel}","templated":true}]}}