{"id":27721,"date":"2025-02-20T22:29:08","date_gmt":"2025-02-20T22:29:08","guid":{"rendered":"http:\/\/olemosaic.com\/producto\/lata-inox-de-500-ml-flores\/"},"modified":"2025-07-25T18:38:09","modified_gmt":"2025-07-25T16:38:09","slug":"lata-inox-de-500-ml-flores-pt-pt","status":"publish","type":"product","link":"https:\/\/olemosaic.com\/pt-pt\/produto\/lata-inox-de-500-ml-flores-pt-pt\/","title":{"rendered":"Lata inox. de 500 ml. Flores."},"content":{"rendered":"<p>Esta lata de a\u00e7o inoxid\u00e1vel de 500 ml \u00e9 um produto atraente e pr\u00e1tico que celebra a ess\u00eancia do modernismo catal\u00e3o. Decorada com um design vibrante de flores inspirado nos mosaicos da famosa arquitetura de Gaud\u00ed, a lata apresenta um acabamento brilhante e uma paleta de cores alegres, como vermelho, azul, amarelo e rosa, que evocam a criatividade e o esplendor art\u00edstico de Barcelona. As flores estilizadas e os padr\u00f5es geom\u00e9tricos que a adornam n\u00e3o s\u00f3 resultam visualmente impactantes, como tamb\u00e9m prestam homenagem a um dos maiores expoentes da arquitetura espanhola.<\/p>\n<p>Ideal para o uso di\u00e1rio em casa ou para levar de piquenique, esta lata combina funcionalidade e estilo, tornando-se o souvenir perfeito para quem procura pe\u00e7as aut\u00eanticas que representem a cultura espanhola. O seu design engenhoso e vers\u00e1til permite utiliz\u00e1-la para bebidas frias ou quentes, mantendo o seu conte\u00fado \u00e0 temperatura desejada e fazendo com que cada gole seja uma experi\u00eancia prazerosa.<\/p>\n<p>Na Ol\u00e9 Mosaic, dedicamo-nos a oferecer uma cuidada sele\u00e7\u00e3o de souvenirs patrimoniais e aut\u00eanticos. Esta lata de a\u00e7o inoxid\u00e1vel \u00e9 uma excelente op\u00e7\u00e3o para lojas de presentes tur\u00edsticos que procurem ampliar a sua oferta com produtos que n\u00e3o s\u00f3 sejam decorativos, mas que tamb\u00e9m capturem a riqueza cultural de Espanha. Como grossistas de artigos de presente, garantimos que os nossos produtos s\u00e3o de alta qualidade, destacando a relev\u00e2ncia cultural e o estilo \u00fanico que s\u00f3 se encontra em pe\u00e7as inspiradas na arte de Gaud\u00ed.<\/p>\n","protected":false},"excerpt":{"rendered":"<p>Lata de a\u00e7o inoxid\u00e1vel de 500 ml decorada com um design floral vibrante, inspirado no famoso estilo de mosaico da arquitetura de Gaud\u00ed. Este artigo, com um acabamento brilhante e cores alegres como o vermelho, o azul, o amarelo e o rosa, evoca a arte modernista barcelonesa. Ideal para usar em casa ou para levar de piquenique, a sua versatilidade e originalidade tornam-na uma recorda\u00e7\u00e3o perfeita para os amantes da cultura espanhola.<\/p>\n","protected":false},"featured_media":12800,"template":"","meta":{"_acf_changed":false},"product_brand":[],"product_cat":[805],"product_tag":[],"class_list":{"0":"post-27721","1":"product","2":"type-product","3":"status-publish","4":"has-post-thumbnail","6":"product_cat-latas","7":"pa_motivo-flores","9":"first","10":"instock","11":"shipping-taxable","12":"product-type-simple"},"acf":[],"_links":{"self":[{"href":"https:\/\/olemosaic.com\/pt-pt\/wp-json\/wp\/v2\/product\/27721","targetHints":{"allow":["GET"]}}],"collection":[{"href":"https:\/\/olemosaic.com\/pt-pt\/wp-json\/wp\/v2\/product"}],"about":[{"href":"https:\/\/olemosaic.com\/pt-pt\/wp-json\/wp\/v2\/types\/product"}],"wp:featuredmedia":[{"embeddable":true,"href":"https:\/\/olemosaic.com\/pt-pt\/wp-json\/wp\/v2\/media\/12800"}],"wp:attachment":[{"href":"https:\/\/olemosaic.com\/pt-pt\/wp-json\/wp\/v2\/media?parent=27721"}],"wp:term":[{"taxonomy":"product_brand","embeddable":true,"href":"https:\/\/olemosaic.com\/pt-pt\/wp-json\/wp\/v2\/product_brand?post=27721"},{"taxonomy":"product_cat","embeddable":true,"href":"https:\/\/olemosaic.com\/pt-pt\/wp-json\/wp\/v2\/product_cat?post=27721"},{"taxonomy":"product_tag","embeddable":true,"href":"https:\/\/olemosaic.com\/pt-pt\/wp-json\/wp\/v2\/product_tag?post=27721"}],"curies":[{"name":"wp","href":"https:\/\/api.w.org\/{rel}","templated":true}]}}