{"id":27715,"date":"2025-02-20T22:29:08","date_gmt":"2025-02-20T22:29:08","guid":{"rendered":"http:\/\/olemosaic.com\/producto\/lata-inox-de-500-ml-mariposa\/"},"modified":"2025-07-25T18:38:08","modified_gmt":"2025-07-25T16:38:08","slug":"lata-de-inox-de-500-ml-borboleta","status":"publish","type":"product","link":"https:\/\/olemosaic.com\/pt-pt\/produto\/lata-de-inox-de-500-ml-borboleta\/","title":{"rendered":"Lata de inox de 500 ml. Borboleta."},"content":{"rendered":"<p>Esta lata de a\u00e7o inoxid\u00e1vel de 500 ml \u00e9 uma recorda\u00e7\u00e3o atraente que encapsula a ess\u00eancia vibrante da arte do mosaico andaluz. Decorada com um design impressionante de borboletas em cores brilhantes e flores delicadas, esta pe\u00e7a \u00fanica combina a funcionalidade de um recipiente para bebidas com a beleza do folclore andaluz. O motivo das borboletas, cada uma representando uma variedade de tons vibrantes, evoca a rica biodiversidade da regi\u00e3o, enquanto as flores irisadas acrescentam um toque de frescura e alegria. A estrutura de a\u00e7o inoxid\u00e1vel assegura que as suas bebidas se mantenham frescas e \u00e0 temperatura ideal, tornando-a uma companheira perfeita para os seus momentos de lazer. Alinhada com as tradi\u00e7\u00f5es art\u00edsticas da Andaluzia, esta lata transforma-se num souvenir ideal para os amantes da cultura espanhola que procuram um produto aut\u00eantico e representativo. Na Ol\u00e9 Mosaic, reconhecemos a import\u00e2ncia de oferecer souvenirs de qualidade que liguem \u00e0 riqueza cultural de Espanha. Esta lata n\u00e3o \u00e9 apenas um artigo funcional, mas uma express\u00e3o de est\u00e9tica e arte que encantar\u00e1 turistas e locais por igual. Como grossista de souvenirs, garantimos que esta lata de borboletas ser\u00e1 um sucesso em qualquer loja de presentes tur\u00edsticos.<\/p>\n","protected":false},"excerpt":{"rendered":"<p>Lata de a\u00e7o inoxid\u00e1vel de 500 ml decorada com um design vibrante de borboletas e flores, inspirado na colorida arte do mosaico andaluz. Esta pr\u00e1tica lata apresenta borboletas em variados tons, que real\u00e7am belas combina\u00e7\u00f5es de cores evocativas da beleza natural da regi\u00e3o. Ideal para manter as suas bebidas frescas, o seu design \u00e9 tanto funcional como atraente, tornando-a um souvenir distintivo para os amantes da cultura espanhola.<\/p>\n","protected":false},"featured_media":12808,"template":"","meta":{"_acf_changed":false},"product_brand":[],"product_cat":[805],"product_tag":[516],"class_list":{"0":"post-27715","1":"product","2":"type-product","3":"status-publish","4":"has-post-thumbnail","6":"product_cat-latas","7":"product_tag-animais","8":"pa_motivo-borboletas","10":"first","11":"instock","12":"shipping-taxable","13":"product-type-simple"},"acf":[],"_links":{"self":[{"href":"https:\/\/olemosaic.com\/pt-pt\/wp-json\/wp\/v2\/product\/27715","targetHints":{"allow":["GET"]}}],"collection":[{"href":"https:\/\/olemosaic.com\/pt-pt\/wp-json\/wp\/v2\/product"}],"about":[{"href":"https:\/\/olemosaic.com\/pt-pt\/wp-json\/wp\/v2\/types\/product"}],"wp:featuredmedia":[{"embeddable":true,"href":"https:\/\/olemosaic.com\/pt-pt\/wp-json\/wp\/v2\/media\/12808"}],"wp:attachment":[{"href":"https:\/\/olemosaic.com\/pt-pt\/wp-json\/wp\/v2\/media?parent=27715"}],"wp:term":[{"taxonomy":"product_brand","embeddable":true,"href":"https:\/\/olemosaic.com\/pt-pt\/wp-json\/wp\/v2\/product_brand?post=27715"},{"taxonomy":"product_cat","embeddable":true,"href":"https:\/\/olemosaic.com\/pt-pt\/wp-json\/wp\/v2\/product_cat?post=27715"},{"taxonomy":"product_tag","embeddable":true,"href":"https:\/\/olemosaic.com\/pt-pt\/wp-json\/wp\/v2\/product_tag?post=27715"}],"curies":[{"name":"wp","href":"https:\/\/api.w.org\/{rel}","templated":true}]}}