{"id":27714,"date":"2025-02-20T22:29:08","date_gmt":"2025-02-20T22:29:08","guid":{"rendered":"http:\/\/olemosaic.com\/producto\/jarra-de-ceramica-camino-de-santiago-beige\/"},"modified":"2025-07-25T18:33:03","modified_gmt":"2025-07-25T16:33:03","slug":"jarra-de-ceramica-caminho-de-santiago-bege","status":"publish","type":"product","link":"https:\/\/olemosaic.com\/pt-pt\/produto\/jarra-de-ceramica-caminho-de-santiago-bege\/","title":{"rendered":"Jarra de cer\u00e2mica. Caminho de Santiago. Bege."},"content":{"rendered":"<p>Esta jarra de cer\u00e2mica decorada com elementos ic\u00f3nicos do Caminho de Santiago \u00e9 um aut\u00eantico souvenir galego, ideal para quem deseja levar um peda\u00e7o da Galiza para casa. O seu design exclusivo apresenta a majestosa Catedral de Santiago, cujas fachadas intrincadas ganham vida com cores vibrantes que evocam a arquitetura hist\u00f3rica da regi\u00e3o. Acompanhando esta representa\u00e7\u00e3o, a jarra inclui uma concha de peregrino, s\u00edmbolo emblem\u00e1tico do Caminho, e setas amarelas, guia tradicional para os caminhantes. A borda vermelha distintiva e o texto \u201cSantiago\u201d na parte superior n\u00e3o s\u00f3 acrescentam um toque de eleg\u00e2ncia, como tamb\u00e9m refor\u00e7am a sua liga\u00e7\u00e3o cultural com a tradi\u00e7\u00e3o dos peregrinos.<\/p>\n<p>Este produto n\u00e3o s\u00f3 cumpre uma fun\u00e7\u00e3o pr\u00e1tica ao ser uma jarra, como tamb\u00e9m se torna uma pe\u00e7a de arte decorativa, ideal para exibir em qualquer casa. Representa a rica hist\u00f3ria e espiritualidade do Caminho de Santiago, tornando-a um presente perfeito para turistas e amantes da cultura. Na Ol\u00e9 Mosaic, oferecemos esta aut\u00eantica jarra de cer\u00e2mica como parte da nossa sele\u00e7\u00e3o de souvenirs, assegurando que cada pe\u00e7a seja um reflexo fiel do patrim\u00f3nio espanhol e da sua liga\u00e7\u00e3o com a tradi\u00e7\u00e3o galega. Esta jarra \u00e9, sem d\u00favida, uma excelente op\u00e7\u00e3o para lojas de presentes tur\u00edsticos que procuram oferecer produtos representativos e de qualidade.<\/p>\n","protected":false},"excerpt":{"rendered":"<p>Jarra de cer\u00e2mica decorada com elementos ic\u00f3nicos do Caminho de Santiago, um objeto imprescind\u00edvel na tradi\u00e7\u00e3o galega. O design apresenta a famosa Catedral de Santiago, com a sua intrincada fachada em cores vibrantes, acompanhada de uma concha de peregrino e setas amarelas. Com uma borda vermelha distintiva e o texto &#8220;Santiago&#8221; na parte superior, esta pe\u00e7a combina funcionalidade e arte, sendo um presente perfeito que evoca a rica hist\u00f3ria e cultura da regi\u00e3o.<\/p>\n","protected":false},"featured_media":8723,"template":"","meta":{"_acf_changed":false},"product_brand":[],"product_cat":[669],"product_tag":[515],"class_list":{"0":"post-27714","1":"product","2":"type-product","3":"status-publish","4":"has-post-thumbnail","6":"product_cat-jarras","7":"product_tag-ceramica","8":"pa_motivo-caminho-de-santiago","10":"first","11":"instock","12":"shipping-taxable","13":"product-type-simple"},"acf":[],"_links":{"self":[{"href":"https:\/\/olemosaic.com\/pt-pt\/wp-json\/wp\/v2\/product\/27714","targetHints":{"allow":["GET"]}}],"collection":[{"href":"https:\/\/olemosaic.com\/pt-pt\/wp-json\/wp\/v2\/product"}],"about":[{"href":"https:\/\/olemosaic.com\/pt-pt\/wp-json\/wp\/v2\/types\/product"}],"wp:featuredmedia":[{"embeddable":true,"href":"https:\/\/olemosaic.com\/pt-pt\/wp-json\/wp\/v2\/media\/8723"}],"wp:attachment":[{"href":"https:\/\/olemosaic.com\/pt-pt\/wp-json\/wp\/v2\/media?parent=27714"}],"wp:term":[{"taxonomy":"product_brand","embeddable":true,"href":"https:\/\/olemosaic.com\/pt-pt\/wp-json\/wp\/v2\/product_brand?post=27714"},{"taxonomy":"product_cat","embeddable":true,"href":"https:\/\/olemosaic.com\/pt-pt\/wp-json\/wp\/v2\/product_cat?post=27714"},{"taxonomy":"product_tag","embeddable":true,"href":"https:\/\/olemosaic.com\/pt-pt\/wp-json\/wp\/v2\/product_tag?post=27714"}],"curies":[{"name":"wp","href":"https:\/\/api.w.org\/{rel}","templated":true}]}}