{"id":27713,"date":"2025-02-20T23:29:08","date_gmt":"2025-02-20T22:29:08","guid":{"rendered":"http:\/\/olemosaic.com\/producto\/jarra-de-ceramica-panoramica-barcelona-beige\/"},"modified":"2025-07-25T19:36:32","modified_gmt":"2025-07-25T17:36:32","slug":"jarra-de-ceramica-panoramica-barcelona-bege","status":"publish","type":"product","link":"https:\/\/olemosaic.com\/pt-pt\/produto\/jarra-de-ceramica-panoramica-barcelona-bege\/","title":{"rendered":"Jarra de cer\u00e2mica. Panor\u00e2mica. Barcelona. Bege."},"content":{"rendered":"<p>Esta jarra de cer\u00e2mica, com uma vibrante panor\u00e2mica de Barcelona, \u00e9 uma aut\u00eantica homenagem \u00e0 riqueza cultural e arquitet\u00f3nica da emblem\u00e1tica cidade. Fabricada com esmero, destaca-se pelo seu design elegante em tons bege e vermelho, que lhe confere um car\u00e1cter distintivo e acolhedor. As requintadas ilustra\u00e7\u00f5es pintadas \u00e0 m\u00e3o com efeito representam dois dos s\u00edmbolos mais emblem\u00e1ticos de Barcelona: a Sagrada Fam\u00edlia e o famoso mosaico do Park G\u00fcell, o que torna esta pe\u00e7a um verdadeiro testemunho da arte e da criatividade do arquiteto Antoni Gaud\u00ed. A Sagrada Fam\u00edlia, com as suas torres intrincadas e cores quentes, ergue-se majestosa de um lado, enquanto o vibrante mosaico do Park G\u00fcell, feito de azulejos multicoloridos e formas org\u00e2nicas, acrescenta um toque festivo e alegre. A chamativa inscri\u00e7\u00e3o &#8220;Barcelona&#8221; real\u00e7a a liga\u00e7\u00e3o com a cidade e confere um encanto adicional, tornando esta jarra um souvenir ideal para quem deseja levar um peda\u00e7o do esp\u00edrito barcelon\u00eas. Seja para exibir como pe\u00e7a decorativa ou para uso pr\u00e1tico, esta jarra \u00e9 uma excelente op\u00e7\u00e3o para turistas que procuram souvenirs aut\u00eanticos e de qualidade. Na Ol\u00e9 Mosaic, orgulhamo-nos de oferecer artigos representativos das tradi\u00e7\u00f5es espanholas, e esta jarra de cer\u00e2mica posiciona-se como uma op\u00e7\u00e3o excecional para lojas de presentes tur\u00edsticos que procuram destacar-se na sua oferta.<\/p>\n","protected":false},"excerpt":{"rendered":"<p>Jarra de cer\u00e2mica com uma vibrante panor\u00e2mica de Barcelona. Esta pe\u00e7a destaca-se pelo seu design em tons bege e vermelho, decorada com ilustra\u00e7\u00f5es coloridas da Sagrada Fam\u00edlia e do famoso mosaico do Park G\u00fcell. Cada detalhe tem um design artesanal, pintado \u00e0 m\u00e3o, o que lhe confere um toque art\u00edstico \u00fanico. A inscri\u00e7\u00e3o &#8220;Barcelona&#8221; acrescenta um encanto especial, tornando-a um souvenir ideal que reflete a riqueza cultural e arquitet\u00f3nica da cidade. Perfeita para decorar ou para usar.<\/p>\n","protected":false},"featured_media":7277,"template":"","meta":{"_acf_changed":false},"product_brand":[],"product_cat":[669],"product_tag":[515],"class_list":{"0":"post-27713","1":"product","2":"type-product","3":"status-publish","4":"has-post-thumbnail","6":"product_cat-jarras","7":"product_tag-ceramica","8":"pa_ciudad-barcelona","9":"pa_motivo-panoramas","10":"pa_pais-espana","12":"first","13":"instock","14":"shipping-taxable","15":"product-type-simple"},"acf":[],"_links":{"self":[{"href":"https:\/\/olemosaic.com\/pt-pt\/wp-json\/wp\/v2\/product\/27713","targetHints":{"allow":["GET"]}}],"collection":[{"href":"https:\/\/olemosaic.com\/pt-pt\/wp-json\/wp\/v2\/product"}],"about":[{"href":"https:\/\/olemosaic.com\/pt-pt\/wp-json\/wp\/v2\/types\/product"}],"wp:featuredmedia":[{"embeddable":true,"href":"https:\/\/olemosaic.com\/pt-pt\/wp-json\/wp\/v2\/media\/7277"}],"wp:attachment":[{"href":"https:\/\/olemosaic.com\/pt-pt\/wp-json\/wp\/v2\/media?parent=27713"}],"wp:term":[{"taxonomy":"product_brand","embeddable":true,"href":"https:\/\/olemosaic.com\/pt-pt\/wp-json\/wp\/v2\/product_brand?post=27713"},{"taxonomy":"product_cat","embeddable":true,"href":"https:\/\/olemosaic.com\/pt-pt\/wp-json\/wp\/v2\/product_cat?post=27713"},{"taxonomy":"product_tag","embeddable":true,"href":"https:\/\/olemosaic.com\/pt-pt\/wp-json\/wp\/v2\/product_tag?post=27713"}],"curies":[{"name":"wp","href":"https:\/\/api.w.org\/{rel}","templated":true}]}}