{"id":27711,"date":"2025-02-20T23:29:08","date_gmt":"2025-02-20T22:29:08","guid":{"rendered":"http:\/\/olemosaic.com\/producto\/huevera-de-ceramica-salamandra-barcelona-beige\/"},"modified":"2025-07-25T19:57:38","modified_gmt":"2025-07-25T17:57:38","slug":"copo-para-ovos-de-ceramica-salamandra-barcelona-bege","status":"publish","type":"product","link":"https:\/\/olemosaic.com\/pt-pt\/produto\/copo-para-ovos-de-ceramica-salamandra-barcelona-bege\/","title":{"rendered":"Copo para ovos de cer\u00e2mica. Salamandra. Barcelona. Bege"},"content":{"rendered":"<p>Este copo para ovos de cer\u00e2mica, decorado com salamandras, \u00e9 uma recorda\u00e7\u00e3o \u00fanica da vibrante cultura barcelonesa. Num tom bege quente, a pe\u00e7a apresenta um interior vermelho brilhante que acrescenta um toque animado ao design. \u00c0 volta da borda, a palavra &#8220;Barcelona&#8221; est\u00e1 inscrita com cores, incorporando um elemento atraente e reconhec\u00edvel que evoca a ess\u00eancia da Cidade Condal. As salamandras, meticulosamente pintadas \u00e0 m\u00e3o com efeito numa variedade de cores, conferem um ar art\u00edstico e contempor\u00e2neo, simbolizando a rica biodiversidade e a vida que se respira nas ruas de Barcelona. Este copo para ovos n\u00e3o s\u00f3 \u00e9 perfeito para desfrutar dos seus ovos de forma original, como tamb\u00e9m se torna um atraente elemento decorativo, destacando-se em qualquer cozinha ou sala de jantar. Com a sua combina\u00e7\u00e3o de funcionalidade e est\u00e9tica, este souvenir capta a autenticidade da cultura local e \u00e9 um excelente presente para turistas que procuram produtos aut\u00eanticos e de qualidade. Na Ol\u00e9 Mosaic distribu\u00edmos souvenirs que real\u00e7am a riqueza cultural de cada regi\u00e3o, tornando este copo para ovos de cer\u00e2mica um imprescind\u00edvel em qualquer loja de presentes tur\u00edsticos, ideal para quem procura recorda\u00e7\u00f5es aut\u00eanticas e atraentes de Barcelona.<\/p>\n","protected":false},"excerpt":{"rendered":"<p>Copo para ovos de cer\u00e2mica decorado com motivos de salamandras, inspirado na colorida cultura barcelonesa. Esta pe\u00e7a, num tom bege quente, apresenta um interior vermelho brilhante e a palavra &#8220;Barcelona&#8221; gravada \u00e0 volta. As salamandras, pintadas \u00e0 m\u00e3o com efeito em diversas cores, acrescentam um toque art\u00edstico e vibrante, evocando o estilo da cidade. Ideal para desfrutar dos seus ovos de forma original e \u00fanica, este copo para ovos tamb\u00e9m funciona como um atraente elemento decorativo.<\/p>\n","protected":false},"featured_media":7346,"template":"","meta":{"_acf_changed":false},"product_brand":[],"product_cat":[666],"product_tag":[516,515],"class_list":{"0":"post-27711","1":"product","2":"type-product","3":"status-publish","4":"has-post-thumbnail","6":"product_cat-copos-para-ovos","7":"product_tag-animais","8":"product_tag-ceramica","9":"pa_ciudad-barcelona","10":"pa_motivo-salamandras","11":"pa_pais-espana","13":"first","14":"instock","15":"shipping-taxable","16":"product-type-simple"},"acf":[],"_links":{"self":[{"href":"https:\/\/olemosaic.com\/pt-pt\/wp-json\/wp\/v2\/product\/27711","targetHints":{"allow":["GET"]}}],"collection":[{"href":"https:\/\/olemosaic.com\/pt-pt\/wp-json\/wp\/v2\/product"}],"about":[{"href":"https:\/\/olemosaic.com\/pt-pt\/wp-json\/wp\/v2\/types\/product"}],"wp:featuredmedia":[{"embeddable":true,"href":"https:\/\/olemosaic.com\/pt-pt\/wp-json\/wp\/v2\/media\/7346"}],"wp:attachment":[{"href":"https:\/\/olemosaic.com\/pt-pt\/wp-json\/wp\/v2\/media?parent=27711"}],"wp:term":[{"taxonomy":"product_brand","embeddable":true,"href":"https:\/\/olemosaic.com\/pt-pt\/wp-json\/wp\/v2\/product_brand?post=27711"},{"taxonomy":"product_cat","embeddable":true,"href":"https:\/\/olemosaic.com\/pt-pt\/wp-json\/wp\/v2\/product_cat?post=27711"},{"taxonomy":"product_tag","embeddable":true,"href":"https:\/\/olemosaic.com\/pt-pt\/wp-json\/wp\/v2\/product_tag?post=27711"}],"curies":[{"name":"wp","href":"https:\/\/api.w.org\/{rel}","templated":true}]}}