{"id":27690,"date":"2025-02-20T23:29:08","date_gmt":"2025-02-20T22:29:08","guid":{"rendered":"http:\/\/olemosaic.com\/producto\/bola-de-navidad-con-caja-panoramica-barcelona-multicolor-6\/"},"modified":"2025-07-25T19:23:06","modified_gmt":"2025-07-25T17:23:06","slug":"bola-de-natal-com-caixa-panoramica-barcelona-multicolor-6","status":"publish","type":"product","link":"https:\/\/olemosaic.com\/pt-pt\/produto\/bola-de-natal-com-caixa-panoramica-barcelona-multicolor-6\/","title":{"rendered":"Bola de Natal com caixa. Panor\u00e2mica. Sagrada Fam\u00edlia. Barcelona. Multicolor"},"content":{"rendered":"<p>Esta preciosa bola de Natal com caixa \u00e9 uma vibrante recorda\u00e7\u00e3o de Barcelona, ideal para decorar a sua \u00e1rvore durante as festas. Com um design multicolor, mostra uma encantadora panor\u00e2mica de alguns dos edif\u00edcios mais emblem\u00e1ticos da cidade, como a majestosa Sagrada Fam\u00edlia, que se destaca com a sua inconfund\u00edvel silhueta. As cores vermelho, verde e amarelo s\u00e3o cativantes, evocando o esp\u00edrito festivo e a alegria que caracterizam a capital catal\u00e3. O la\u00e7o roxo que acompanha a bola acrescenta um toque elegante, fazendo desta recorda\u00e7\u00e3o n\u00e3o apenas uma decora\u00e7\u00e3o, mas tamb\u00e9m uma pe\u00e7a que narra visualmente a hist\u00f3ria de Barcelona.<\/p>\n<p>Este souvenir \u00e9 perfeito para recordar uma viagem a esta vibrante cidade, e tamb\u00e9m celebra a sua rica arquitetura e cultura. A bola de Natal torna-se, assim, um s\u00edmbolo das maravilhas de Barcelona que se podem reviver todos os anos, tornando-a uma excelente op\u00e7\u00e3o para turistas que procuram uma recorda\u00e7\u00e3o aut\u00eantica e representativa da sua visita. Na Ol\u00e9 Mosaic, orgulhamo-nos de oferecer produtos \u00fanicos e de alta qualidade por grosso, garantindo que esta bola de Natal seja uma adi\u00e7\u00e3o especial em lojas de presentes tur\u00edsticos. N\u00e3o perca a oportunidade de oferecer esta magn\u00edfica bola, uma verdadeira homenagem \u00e0 beleza de Barcelona.<\/p>\n","protected":false},"excerpt":{"rendered":"<p>Bola de Natal com caixa, adornada com uma vibrante panor\u00e2mica de Barcelona. Esta encantadora recorda\u00e7\u00e3o apresenta uma ilustra\u00e7\u00e3o multicolor de edif\u00edcios emblem\u00e1ticos, como a Sagrada Fam\u00edlia, com detalhes em vermelho, verde e amarelo. A bola, rematada com um la\u00e7o roxo, presta homenagem ao estilo arquitet\u00f3nico \u00fanico da cidade. Ideal para decorar a sua \u00e1rvore e recordar as maravilhas de Barcelona durante as festas.<\/p>\n","protected":false},"featured_media":10393,"template":"","meta":{"_acf_changed":false},"product_brand":[],"product_cat":[652],"product_tag":[642],"class_list":{"0":"post-27690","1":"product","2":"type-product","3":"status-publish","4":"has-post-thumbnail","6":"product_cat-bolas-de-natal","7":"product_tag-natal","8":"pa_ciudad-barcelona","9":"pa_motivo-panoramas","10":"pa_pais-espana","12":"first","13":"instock","14":"shipping-taxable","15":"product-type-simple"},"acf":[],"_links":{"self":[{"href":"https:\/\/olemosaic.com\/pt-pt\/wp-json\/wp\/v2\/product\/27690","targetHints":{"allow":["GET"]}}],"collection":[{"href":"https:\/\/olemosaic.com\/pt-pt\/wp-json\/wp\/v2\/product"}],"about":[{"href":"https:\/\/olemosaic.com\/pt-pt\/wp-json\/wp\/v2\/types\/product"}],"wp:featuredmedia":[{"embeddable":true,"href":"https:\/\/olemosaic.com\/pt-pt\/wp-json\/wp\/v2\/media\/10393"}],"wp:attachment":[{"href":"https:\/\/olemosaic.com\/pt-pt\/wp-json\/wp\/v2\/media?parent=27690"}],"wp:term":[{"taxonomy":"product_brand","embeddable":true,"href":"https:\/\/olemosaic.com\/pt-pt\/wp-json\/wp\/v2\/product_brand?post=27690"},{"taxonomy":"product_cat","embeddable":true,"href":"https:\/\/olemosaic.com\/pt-pt\/wp-json\/wp\/v2\/product_cat?post=27690"},{"taxonomy":"product_tag","embeddable":true,"href":"https:\/\/olemosaic.com\/pt-pt\/wp-json\/wp\/v2\/product_tag?post=27690"}],"curies":[{"name":"wp","href":"https:\/\/api.w.org\/{rel}","templated":true}]}}