{"id":27689,"date":"2025-02-20T22:29:07","date_gmt":"2025-02-20T22:29:07","guid":{"rendered":"http:\/\/olemosaic.com\/producto\/funda-de-telefono-para-xiaomi-rmnote-12-tpu-gato-barcelona-blanco\/"},"modified":"2025-07-25T19:07:26","modified_gmt":"2025-07-25T17:07:26","slug":"capa-de-telemovel-para-xiaomi-rmnote-12-tpu-gato-barcelona-branco","status":"publish","type":"product","link":"https:\/\/olemosaic.com\/pt-pt\/produto\/capa-de-telemovel-para-xiaomi-rmnote-12-tpu-gato-barcelona-branco\/","title":{"rendered":"Capa de telem\u00f3vel para Xiaomi RMNote 12 (TPU). Gato. Barcelona. Branco"},"content":{"rendered":"<p>Esta capa para o telem\u00f3vel Xiaomi RMNote 12 \u00e9 uma pe\u00e7a de design requintada que presta homenagem \u00e0 ic\u00f3nica cidade de Barcelona. Fabricada em TPU, este acess\u00f3rio n\u00e3o s\u00f3 protege o seu dispositivo, como tamb\u00e9m o transforma numa tela vibrante, com um cativante design de um gato inspirado no famoso mosaico da cidade. Os profundos e alegres tons vermelhos, amarelos, azuis e verdes que desenham a silhueta do gato criam uma composi\u00e7\u00e3o visual impactante, rodeada de delicadas borboletas que acrescentam um toque de frescura e movimento sobre um fundo branco que evoca as texturas do mosaico quebrado. A palavra &#8220;Barcelona&#8221;, elegantemente impressa na parte inferior, destaca a liga\u00e7\u00e3o com a arte modernista que caracteriza a cidade, tornando este artigo num aut\u00eantico souvenir barcelon\u00eas.<\/p>\n<p>Este produto n\u00e3o \u00e9 apenas um excelente presente para turistas que procuram recorda\u00e7\u00f5es distintivas, mas tamb\u00e9m serve como um lembrete di\u00e1rio da beleza e do esp\u00edrito criativo de Barcelona. Na Ol\u00e9 Mosaic, orgulhamo-nos de ser distribuidores de souvenirs de qualidade, oferecendo produtos \u00fanicos como esta capa de telem\u00f3vel que refletem a rica heran\u00e7a cultural de Espanha. Esta capa \u00e9 uma op\u00e7\u00e3o ideal para lojas de presentes tur\u00edsticos que procuram artigos aut\u00eanticos e relevantes que realcem o melhor da tradi\u00e7\u00e3o art\u00edstica de Barcelona.<\/p>\n","protected":false},"excerpt":{"rendered":"<p>Capa para Xiaomi Redmi Note 12 fabricada em TPU, com um design vibrante de um gato inspirado no famoso mosaico de Barcelona. Com uma paleta de cores que inclui vermelhos, amarelos, azuis e verdes, o gato est\u00e1 rodeado de borboletas sobre um fundo branco com efeito de mosaico quebrado. A palavra &#8220;Barcelona&#8221; est\u00e1 elegantemente impressa na parte inferior, o que torna esta capa uma pe\u00e7a \u00fanica e representativa da arte modernista da cidade.<\/p>\n","protected":false},"featured_media":12690,"template":"","meta":{"_acf_changed":false},"product_brand":[],"product_cat":[685],"product_tag":[516],"class_list":{"0":"post-27689","1":"product","2":"type-product","3":"status-publish","4":"has-post-thumbnail","6":"product_cat-capas-para-telemoveis","7":"product_tag-animais","8":"pa_ciudad-barcelona","9":"pa_motivo-gatos","10":"pa_pais-espana","12":"first","13":"instock","14":"shipping-taxable","15":"product-type-simple"},"acf":[],"_links":{"self":[{"href":"https:\/\/olemosaic.com\/pt-pt\/wp-json\/wp\/v2\/product\/27689","targetHints":{"allow":["GET"]}}],"collection":[{"href":"https:\/\/olemosaic.com\/pt-pt\/wp-json\/wp\/v2\/product"}],"about":[{"href":"https:\/\/olemosaic.com\/pt-pt\/wp-json\/wp\/v2\/types\/product"}],"wp:featuredmedia":[{"embeddable":true,"href":"https:\/\/olemosaic.com\/pt-pt\/wp-json\/wp\/v2\/media\/12690"}],"wp:attachment":[{"href":"https:\/\/olemosaic.com\/pt-pt\/wp-json\/wp\/v2\/media?parent=27689"}],"wp:term":[{"taxonomy":"product_brand","embeddable":true,"href":"https:\/\/olemosaic.com\/pt-pt\/wp-json\/wp\/v2\/product_brand?post=27689"},{"taxonomy":"product_cat","embeddable":true,"href":"https:\/\/olemosaic.com\/pt-pt\/wp-json\/wp\/v2\/product_cat?post=27689"},{"taxonomy":"product_tag","embeddable":true,"href":"https:\/\/olemosaic.com\/pt-pt\/wp-json\/wp\/v2\/product_tag?post=27689"}],"curies":[{"name":"wp","href":"https:\/\/api.w.org\/{rel}","templated":true}]}}