{"id":27688,"date":"2025-02-20T23:29:07","date_gmt":"2025-02-20T22:29:07","guid":{"rendered":"http:\/\/olemosaic.com\/producto\/funda-de-telefono-para-xiaomi-rmnote-12-tpu-abstracto-azul-2\/"},"modified":"2025-07-25T23:22:13","modified_gmt":"2025-07-25T21:22:13","slug":"capa-de-telemovel-para-xiaomi-rmnote-12-tpu-abstrato-azul-2","status":"publish","type":"product","link":"https:\/\/olemosaic.com\/pt-pt\/produto\/capa-de-telemovel-para-xiaomi-rmnote-12-tpu-abstrato-azul-2\/","title":{"rendered":"Capa de telem\u00f3vel para Xiaomi RMNote 12 (TPU). Abstrato. Padr\u00e3o diamantes. Azul"},"content":{"rendered":"<p>Esta capa para o Xiaomi Redmi Note 12 \u00e9 uma vibrante express\u00e3o de arte moderna e funcionalidade. Fabricada em TPU, um material conhecido pela sua flexibilidade e resist\u00eancia, oferece uma excelente prote\u00e7\u00e3o contra choques e riscos, garantindo que o seu dispositivo permane\u00e7a em perfeitas condi\u00e7\u00f5es. O seu design abstrato, que combina harmoniosamente tons de azul, verde, amarelo e vermelho, destaca um padr\u00e3o de diamantes que se funde suavemente para criar um efeito visual atrativo e din\u00e2mico. Esta est\u00e9tica contempor\u00e2nea n\u00e3o s\u00f3 real\u00e7a a apar\u00eancia do telem\u00f3vel, como tamb\u00e9m o torna um acess\u00f3rio que reflete um estilo de vida moderno e art\u00edstico.<\/p>\n<p>A mistura de cores brilhantes simboliza a alegria e a vitalidade da cultura mediterr\u00e2nica, onde a arte e a natureza se entrela\u00e7am em cada canto. Este produto torna-se um aut\u00eantico souvenir que transcende a sua fun\u00e7\u00e3o pr\u00e1tica, apresentando-se como uma excelente op\u00e7\u00e3o para turistas que procuram recorda\u00e7\u00f5es representativas de uma experi\u00eancia \u00fanica. Na Ol\u00e9 Mosaic, especializamo-nos na distribui\u00e7\u00e3o de produtos de qualidade por grosso, e esta capa \u00e9 uma escolha ideal para lojas de presentes tur\u00edsticos que desejam oferecer acess\u00f3rios aut\u00eanticos e chamativos. Como grossistas de acess\u00f3rios de telefonia, garantimos que cada pe\u00e7a \u00e9 um reflexo de criatividade e tradi\u00e7\u00e3o.<\/p>\n","protected":false},"excerpt":{"rendered":"<p>Capa para Xiaomi Redmi Note 12, fabricada em TPU, com um design abstrato vibrante em tons azuis, verdes, amarelos e vermelhos. Este modelo apresenta um padr\u00e3o de diamantes que se funde suavemente, criando um efeito visual din\u00e2mico e colorido. O seu material flex\u00edvel proporciona uma excelente prote\u00e7\u00e3o contra choques e riscos, assegurando que o seu dispositivo mantenha o seu estilo e funcionalidade, ao mesmo tempo que reflete uma est\u00e9tica moderna e art\u00edstica.<\/p>\n","protected":false},"featured_media":12704,"template":"","meta":{"_acf_changed":false},"product_brand":[],"product_cat":[685],"product_tag":[],"class_list":{"0":"post-27688","1":"product","2":"type-product","3":"status-publish","4":"has-post-thumbnail","6":"product_cat-capas-para-telemoveis","7":"pa_motivo-resumo","9":"first","10":"instock","11":"shipping-taxable","12":"product-type-simple"},"acf":[],"_links":{"self":[{"href":"https:\/\/olemosaic.com\/pt-pt\/wp-json\/wp\/v2\/product\/27688","targetHints":{"allow":["GET"]}}],"collection":[{"href":"https:\/\/olemosaic.com\/pt-pt\/wp-json\/wp\/v2\/product"}],"about":[{"href":"https:\/\/olemosaic.com\/pt-pt\/wp-json\/wp\/v2\/types\/product"}],"wp:featuredmedia":[{"embeddable":true,"href":"https:\/\/olemosaic.com\/pt-pt\/wp-json\/wp\/v2\/media\/12704"}],"wp:attachment":[{"href":"https:\/\/olemosaic.com\/pt-pt\/wp-json\/wp\/v2\/media?parent=27688"}],"wp:term":[{"taxonomy":"product_brand","embeddable":true,"href":"https:\/\/olemosaic.com\/pt-pt\/wp-json\/wp\/v2\/product_brand?post=27688"},{"taxonomy":"product_cat","embeddable":true,"href":"https:\/\/olemosaic.com\/pt-pt\/wp-json\/wp\/v2\/product_cat?post=27688"},{"taxonomy":"product_tag","embeddable":true,"href":"https:\/\/olemosaic.com\/pt-pt\/wp-json\/wp\/v2\/product_tag?post=27688"}],"curies":[{"name":"wp","href":"https:\/\/api.w.org\/{rel}","templated":true}]}}