{"id":27687,"date":"2025-02-20T22:29:07","date_gmt":"2025-02-20T22:29:07","guid":{"rendered":"http:\/\/olemosaic.com\/producto\/funda-de-telefono-para-xiaomi-rmnote-12-tpu-panoramica-barcelona-azul\/"},"modified":"2025-07-25T19:15:53","modified_gmt":"2025-07-25T17:15:53","slug":"capa-de-telemovel-para-xiaomi-rmnote-12-tpu-panoramica-barcelona-azul","status":"publish","type":"product","link":"https:\/\/olemosaic.com\/pt-pt\/produto\/capa-de-telemovel-para-xiaomi-rmnote-12-tpu-panoramica-barcelona-azul\/","title":{"rendered":"Capa de telem\u00f3vel para Xiaomi RMNote 12 (TPU). Panor\u00e2mica. Barcelona. Azul"},"content":{"rendered":"<p>Esta capa para telem\u00f3vel Xiaomi Redmi Note 12 \u00e9 um acess\u00f3rio espetacular que captura a ess\u00eancia vibrante de Barcelona. Elaborada em material TPU, n\u00e3o s\u00f3 protege eficazmente o seu dispositivo, como tamb\u00e9m destaca uma panor\u00e2mica art\u00edstica da cidade em tons azuis e cores brilhantes, tornando-a uma aut\u00eantica homenagem visual \u00e0 capital catal\u00e3. A ilustra\u00e7\u00e3o apresenta elementos ic\u00f3nicos e representativos, como a majestosa Sagrada Fam\u00edlia e os vibrantes edif\u00edcios que caracterizam a paisagem urbana, tudo isto rodeado por um mosaico estilizado que evoca a obra de Gaud\u00ed, famoso pelo seu uso de cores e formas org\u00e2nicas.<\/p>\n<p>O design n\u00e3o \u00e9 apenas visualmente impactante; a palavra &#8220;Barcelona&#8221; sobressai com letras coloridas sobre um fundo que emana um esp\u00edrito mediterr\u00e2nico, fazendo desta capa um magn\u00edfico souvenir que recorda o calor e a vitalidade da cidade. Ideal para turistas que desejam levar consigo um peda\u00e7o de Barcelona, esta capa \u00e9 uma excelente op\u00e7\u00e3o para lojas de presentes tur\u00edsticos que procuram produtos que fundam funcionalidade e arte.<\/p>\n<p>Na Ol\u00e9 Mosaic, especializamo-nos na distribui\u00e7\u00e3o por grosso de souvenirs aut\u00eanticos e representativos. Esta capa de telem\u00f3vel \u00e9 uma oportunidade inigual\u00e1vel para os retalhistas que procuram oferecer aos seus clientes uma recorda\u00e7\u00e3o memor\u00e1vel e de qualidade excecional, real\u00e7ando a rica cultura de Barcelona.<\/p>\n","protected":false},"excerpt":{"rendered":"<p>Capa de telem\u00f3vel para Xiaomi Redmi Note 12, fabricada em TPU, com uma vibrante panor\u00e2mica de Barcelona em tons azuis e cores brilhantes. Este design art\u00edstico destaca elementos ic\u00f3nicos da cidade, como a Sagrada Fam\u00edlia e edif\u00edcios coloridos, rodeados por um mosaico estilizado. A palavra &#8220;Barcelona&#8221; sobressai com letras coloridas sobre um fundo que evoca o esp\u00edrito mediterr\u00e2nico, convertendo esta capa num acess\u00f3rio funcional e decorativo.<\/p>\n","protected":false},"featured_media":12698,"template":"","meta":{"_acf_changed":false},"product_brand":[],"product_cat":[685],"product_tag":[],"class_list":{"0":"post-27687","1":"product","2":"type-product","3":"status-publish","4":"has-post-thumbnail","6":"product_cat-capas-para-telemoveis","7":"pa_ciudad-barcelona","8":"pa_motivo-panoramas","9":"pa_pais-espana","11":"first","12":"instock","13":"shipping-taxable","14":"product-type-simple"},"acf":[],"_links":{"self":[{"href":"https:\/\/olemosaic.com\/pt-pt\/wp-json\/wp\/v2\/product\/27687","targetHints":{"allow":["GET"]}}],"collection":[{"href":"https:\/\/olemosaic.com\/pt-pt\/wp-json\/wp\/v2\/product"}],"about":[{"href":"https:\/\/olemosaic.com\/pt-pt\/wp-json\/wp\/v2\/types\/product"}],"wp:featuredmedia":[{"embeddable":true,"href":"https:\/\/olemosaic.com\/pt-pt\/wp-json\/wp\/v2\/media\/12698"}],"wp:attachment":[{"href":"https:\/\/olemosaic.com\/pt-pt\/wp-json\/wp\/v2\/media?parent=27687"}],"wp:term":[{"taxonomy":"product_brand","embeddable":true,"href":"https:\/\/olemosaic.com\/pt-pt\/wp-json\/wp\/v2\/product_brand?post=27687"},{"taxonomy":"product_cat","embeddable":true,"href":"https:\/\/olemosaic.com\/pt-pt\/wp-json\/wp\/v2\/product_cat?post=27687"},{"taxonomy":"product_tag","embeddable":true,"href":"https:\/\/olemosaic.com\/pt-pt\/wp-json\/wp\/v2\/product_tag?post=27687"}],"curies":[{"name":"wp","href":"https:\/\/api.w.org\/{rel}","templated":true}]}}