{"id":27686,"date":"2025-02-20T22:29:07","date_gmt":"2025-02-20T22:29:07","guid":{"rendered":"http:\/\/olemosaic.com\/producto\/funda-de-telefono-para-xiaomi-rmnote-12-tpu-abstracto-azul\/"},"modified":"2025-07-25T19:40:00","modified_gmt":"2025-07-25T17:40:00","slug":"capa-de-telemovel-para-xiaomi-rmnote-12-tpu-abstrato-azul","status":"publish","type":"product","link":"https:\/\/olemosaic.com\/pt-pt\/produto\/capa-de-telemovel-para-xiaomi-rmnote-12-tpu-abstrato-azul\/","title":{"rendered":"Capa de telem\u00f3vel para Xiaomi RMNote 12 (TPU). Abstrato. Azul"},"content":{"rendered":"<p>Esta capa para o Xiaomi RMNote 12 funde funcionalidade e estilo com um design abstrato vibrante que captura a ess\u00eancia de Barcelona. Fabricada em TPU, protege o seu dispositivo de quedas e choques, ao mesmo tempo que o adorna com um padr\u00e3o ondulado que evoca a energia e o colorido desta ic\u00f3nica cidade. O design, em tons azuis intensos e cores quentes, \u00e9 salpicado de manchas e tra\u00e7os coloridos que conferem um efeito din\u00e2mico e moderno, enquanto a palavra &#8220;Barcelona&#8221; se destaca num estilo audaz e contempor\u00e2neo, garantindo que esta recorda\u00e7\u00e3o reflita a fa\u00edsca e vitalidade da capital catal\u00e3.<\/p>\n<p>A liga\u00e7\u00e3o cultural desta capa com Barcelona \u00e9 ineg\u00e1vel, uma vez que a cidade \u00e9 conhecida pela sua arte vibrante e pela sua rica heran\u00e7a visual, desde as obras de Gaud\u00ed at\u00e9 \u00e0s suas ruas cheias de vida. Este acess\u00f3rio n\u00e3o s\u00f3 \u00e9 pr\u00e1tico, como tamb\u00e9m serve como uma recorda\u00e7\u00e3o representativa de uma visita a Barcelona, tornando-se um objeto que conta uma hist\u00f3ria. Ideal para turistas que procuram souvenirs aut\u00eanticos e \u00fanicos, esta capa \u00e9 uma excelente escolha para quem deseja manter a beleza da cidade sempre por perto.<\/p>\n<p>Na Ol\u00e9 Mosaic, especializamo-nos na distribui\u00e7\u00e3o de souvenirs por grosso, oferecendo produtos aut\u00eanticos como esta capa de telem\u00f3vel, perfeita para lojas de presentes tur\u00edsticos que procuram qualidade e relev\u00e2ncia cultural. Com esta capa abstrata de Barcelona, uma combina\u00e7\u00e3o de arte e praticidade, os seus clientes capturar\u00e3o uma parte da cidade cada vez que usarem o seu telem\u00f3vel.<\/p>\n","protected":false},"excerpt":{"rendered":"<p>Capa para telem\u00f3vel Xiaomi Redmi Note 12 de TPU, adornada com um design abstrato vibrante em tons azuis e quentes. A capa apresenta um padr\u00e3o ondulante que evoca a ess\u00eancia de Barcelona, incorporando a palavra &#8220;Barcelona&#8221; num estilo moderno e atrevido, real\u00e7ada sobre um fundo de manchas e tra\u00e7os coloridos. Ideal para quem deseja proteger o seu telem\u00f3vel com um acess\u00f3rio \u00fanico e art\u00edstico, que funde funcionalidade e estilo.<\/p>\n","protected":false},"featured_media":12701,"template":"","meta":{"_acf_changed":false},"product_brand":[],"product_cat":[685],"product_tag":[],"class_list":{"0":"post-27686","1":"product","2":"type-product","3":"status-publish","4":"has-post-thumbnail","6":"product_cat-capas-para-telemoveis","7":"pa_ciudad-barcelona","8":"pa_motivo-resumo","9":"pa_pais-espana","11":"first","12":"instock","13":"shipping-taxable","14":"product-type-simple"},"acf":[],"_links":{"self":[{"href":"https:\/\/olemosaic.com\/pt-pt\/wp-json\/wp\/v2\/product\/27686","targetHints":{"allow":["GET"]}}],"collection":[{"href":"https:\/\/olemosaic.com\/pt-pt\/wp-json\/wp\/v2\/product"}],"about":[{"href":"https:\/\/olemosaic.com\/pt-pt\/wp-json\/wp\/v2\/types\/product"}],"wp:featuredmedia":[{"embeddable":true,"href":"https:\/\/olemosaic.com\/pt-pt\/wp-json\/wp\/v2\/media\/12701"}],"wp:attachment":[{"href":"https:\/\/olemosaic.com\/pt-pt\/wp-json\/wp\/v2\/media?parent=27686"}],"wp:term":[{"taxonomy":"product_brand","embeddable":true,"href":"https:\/\/olemosaic.com\/pt-pt\/wp-json\/wp\/v2\/product_brand?post=27686"},{"taxonomy":"product_cat","embeddable":true,"href":"https:\/\/olemosaic.com\/pt-pt\/wp-json\/wp\/v2\/product_cat?post=27686"},{"taxonomy":"product_tag","embeddable":true,"href":"https:\/\/olemosaic.com\/pt-pt\/wp-json\/wp\/v2\/product_tag?post=27686"}],"curies":[{"name":"wp","href":"https:\/\/api.w.org\/{rel}","templated":true}]}}