{"id":27685,"date":"2025-02-20T22:29:07","date_gmt":"2025-02-20T22:29:07","guid":{"rendered":"http:\/\/olemosaic.com\/producto\/funda-de-telefono-para-xiaomi-13-tpu-abstracto-verde\/"},"modified":"2025-07-25T20:39:27","modified_gmt":"2025-07-25T18:39:27","slug":"capa-de-telemovel-para-xiaomi-13-tpu-abstrato-verde","status":"publish","type":"product","link":"https:\/\/olemosaic.com\/pt-pt\/produto\/capa-de-telemovel-para-xiaomi-13-tpu-abstrato-verde\/","title":{"rendered":"Capa de telem\u00f3vel para Xiaomi 13 (TPU). Abstrato. Verde"},"content":{"rendered":"<p>Esta capa para o Xiaomi 13 \u00e9 uma explos\u00e3o de cor e design que confere um toque contempor\u00e2neo e art\u00edstico ao seu dispositivo. Fabricada em TPU, este acess\u00f3rio destaca-se pelo seu material flex\u00edvel e leve, que n\u00e3o s\u00f3 protege contra choques e quedas, como tamb\u00e9m garante um ajuste perfeito e confort\u00e1vel. O design abstrato que adorna a capa combina uma vibrante paleta de cores em tons verdes, vermelhos e amarelos, criando uma apar\u00eancia ondulante que atrai o olhar e evoca a criatividade e o dinamismo das artes contempor\u00e2neas.<\/p>\n<p>A textura suave e o toque agrad\u00e1vel da capa tornam-na uma escolha ideal para quem procura um produto funcional sem renunciar ao estilo. Esta pe\u00e7a n\u00e3o s\u00f3 protege o telem\u00f3vel, como tamb\u00e9m se torna um complemento de moda que reflete a personalidade e o sentido est\u00e9tico do seu dono. A liga\u00e7\u00e3o cultural deste design com as express\u00f5es art\u00edsticas modernas em Espanha manifesta-se no seu repert\u00f3rio de cores vivas, que simbolizam a alegria e a vitalidade da arte urbana.<\/p>\n<p>A Ol\u00e9 Mosaic orgulha-se de oferecer produtos aut\u00eanticos e relevantes, e esta capa \u00e9 uma excelente op\u00e7\u00e3o para lojas de presentes tur\u00edsticos que procuram souvenirs \u00fanicos e funcionais. Como grossista de capas, garantimos a qualidade e originalidade em cada uma das nossas pe\u00e7as, tornando-as perfeitas como recorda\u00e7\u00f5es ou presentes.<\/p>\n","protected":false},"excerpt":{"rendered":"<p>Capa para telem\u00f3vel Xiaomi 13 fabricada em TPU, com um design abstrato que combina uma vibrante paleta de cores em tons verdes, vermelhos e amarelos. Este acess\u00f3rio destaca-se pela sua apar\u00eancia ondulada e art\u00edstica, ideal para quem procura um toque contempor\u00e2neo e \u00fanico. O seu material flex\u00edvel e leve oferece prote\u00e7\u00e3o e um ajuste perfeito, mantendo o estilo moderno e colorido que a caracteriza.<\/p>\n","protected":false},"featured_media":12675,"template":"","meta":{"_acf_changed":false},"product_brand":[],"product_cat":[685],"product_tag":[],"class_list":{"0":"post-27685","1":"product","2":"type-product","3":"status-publish","4":"has-post-thumbnail","6":"product_cat-capas-para-telemoveis","7":"pa_motivo-resumo","9":"first","10":"instock","11":"shipping-taxable","12":"product-type-simple"},"acf":[],"_links":{"self":[{"href":"https:\/\/olemosaic.com\/pt-pt\/wp-json\/wp\/v2\/product\/27685","targetHints":{"allow":["GET"]}}],"collection":[{"href":"https:\/\/olemosaic.com\/pt-pt\/wp-json\/wp\/v2\/product"}],"about":[{"href":"https:\/\/olemosaic.com\/pt-pt\/wp-json\/wp\/v2\/types\/product"}],"wp:featuredmedia":[{"embeddable":true,"href":"https:\/\/olemosaic.com\/pt-pt\/wp-json\/wp\/v2\/media\/12675"}],"wp:attachment":[{"href":"https:\/\/olemosaic.com\/pt-pt\/wp-json\/wp\/v2\/media?parent=27685"}],"wp:term":[{"taxonomy":"product_brand","embeddable":true,"href":"https:\/\/olemosaic.com\/pt-pt\/wp-json\/wp\/v2\/product_brand?post=27685"},{"taxonomy":"product_cat","embeddable":true,"href":"https:\/\/olemosaic.com\/pt-pt\/wp-json\/wp\/v2\/product_cat?post=27685"},{"taxonomy":"product_tag","embeddable":true,"href":"https:\/\/olemosaic.com\/pt-pt\/wp-json\/wp\/v2\/product_tag?post=27685"}],"curies":[{"name":"wp","href":"https:\/\/api.w.org\/{rel}","templated":true}]}}