{"id":27684,"date":"2025-02-20T22:29:06","date_gmt":"2025-02-20T22:29:06","guid":{"rendered":"http:\/\/olemosaic.com\/producto\/funda-de-telefono-para-xiaomi-13-tpu-punt-de-trobada-barcelona-blanco\/"},"modified":"2025-07-25T23:41:10","modified_gmt":"2025-07-25T21:41:10","slug":"capa-de-telemovel-para-xiaomi-13-tpu-punt-de-trobada-barcelona-branco","status":"publish","type":"product","link":"https:\/\/olemosaic.com\/pt-pt\/produto\/capa-de-telemovel-para-xiaomi-13-tpu-punt-de-trobada-barcelona-branco\/","title":{"rendered":"Capa de telem\u00f3vel para Xiaomi 13 (TPU). Punt de trobada. Barcelona. Branco"},"content":{"rendered":"<p>Esta capa para o Xiaomi 13 \u00e9 uma aut\u00eantica homenagem a Barcelona, com o vibrante design &#8220;Punt de trobada&#8221; que evoca a ess\u00eancia da cidade. Fabricada em TPU resistente, oferece uma prote\u00e7\u00e3o eficaz contra choques e quedas, tornando-se um acess\u00f3rio t\u00e3o funcional quanto est\u00e9tico. A sua decora\u00e7\u00e3o destaca-se por uma colorida arte em mosaico, com chamativas tonalidades de vermelho, amarelo, verde e azul que contrastam sobre um fundo branco, captando a aten\u00e7\u00e3o instantaneamente.<\/p>\n<p>A imagem central apresenta formas abstratas e elementos que recordam as obras do mestre Gaud\u00ed, celebrando o esp\u00edrito moderno e criativo de Barcelona. Este design n\u00e3o s\u00f3 simboliza a arquitetura ic\u00f3nica da cidade, como tamb\u00e9m a tradi\u00e7\u00e3o art\u00edstica que a torna \u00fanica entre as cidades europeias. \u00c9 a recorda\u00e7\u00e3o perfeita para quem procura levar um peda\u00e7o da cultura catal\u00e3 consigo.<\/p>\n<p>Na Ol\u00e9 Mosaic, somos distribuidores de souvenirs aut\u00eanticos e representativos, e esta capa \u00e9 uma excelente op\u00e7\u00e3o tanto para turistas que procuram recorda\u00e7\u00f5es memor\u00e1veis como para lojas que desejam oferecer produtos de qualidade e com um forte v\u00ednculo cultural. Estes souvenirs de Barcelona s\u00e3o ideais para atrair clientes que procuram autenticidade e originalidade nas suas compras.<\/p>\n","protected":false},"excerpt":{"rendered":"<p>Capa para Xiaomi 13 fabricada em TPU, decorada com o design &#8220;Punt de trobada&#8221;, representativo de Barcelona. Este acess\u00f3rio destaca-se pela sua vibrante arte em mosaico, com cores chamativas como vermelho, amarelo, verde e azul sobre um fundo branco. A imagem central evoca a famosa obra de Gaud\u00ed, mostrando formas abstratas e elementos distintivos que simbolizam a ess\u00eancia da cidade. Ideal para proteger o seu dispositivo e mostrar o seu amor por Barcelona.<\/p>\n","protected":false},"featured_media":12672,"template":"","meta":{"_acf_changed":false},"product_brand":[],"product_cat":[685],"product_tag":[],"class_list":{"0":"post-27684","1":"product","2":"type-product","3":"status-publish","4":"has-post-thumbnail","6":"product_cat-capas-para-telemoveis","7":"pa_ciudad-barcelona","8":"pa_motivo-punt-de-trobada","9":"pa_pais-espana","11":"first","12":"instock","13":"shipping-taxable","14":"product-type-simple"},"acf":[],"_links":{"self":[{"href":"https:\/\/olemosaic.com\/pt-pt\/wp-json\/wp\/v2\/product\/27684","targetHints":{"allow":["GET"]}}],"collection":[{"href":"https:\/\/olemosaic.com\/pt-pt\/wp-json\/wp\/v2\/product"}],"about":[{"href":"https:\/\/olemosaic.com\/pt-pt\/wp-json\/wp\/v2\/types\/product"}],"wp:featuredmedia":[{"embeddable":true,"href":"https:\/\/olemosaic.com\/pt-pt\/wp-json\/wp\/v2\/media\/12672"}],"wp:attachment":[{"href":"https:\/\/olemosaic.com\/pt-pt\/wp-json\/wp\/v2\/media?parent=27684"}],"wp:term":[{"taxonomy":"product_brand","embeddable":true,"href":"https:\/\/olemosaic.com\/pt-pt\/wp-json\/wp\/v2\/product_brand?post=27684"},{"taxonomy":"product_cat","embeddable":true,"href":"https:\/\/olemosaic.com\/pt-pt\/wp-json\/wp\/v2\/product_cat?post=27684"},{"taxonomy":"product_tag","embeddable":true,"href":"https:\/\/olemosaic.com\/pt-pt\/wp-json\/wp\/v2\/product_tag?post=27684"}],"curies":[{"name":"wp","href":"https:\/\/api.w.org\/{rel}","templated":true}]}}