{"id":27683,"date":"2025-02-20T22:29:06","date_gmt":"2025-02-20T22:29:06","guid":{"rendered":"http:\/\/olemosaic.com\/producto\/funda-de-telefono-para-xiaomi-13-tpu-mariposa-barcelona-blanco\/"},"modified":"2025-07-25T19:17:27","modified_gmt":"2025-07-25T17:17:27","slug":"capa-de-telemovel-para-xiaomi-13-tpu-borboleta-barcelona-branco","status":"publish","type":"product","link":"https:\/\/olemosaic.com\/pt-pt\/produto\/capa-de-telemovel-para-xiaomi-13-tpu-borboleta-barcelona-branco\/","title":{"rendered":"Capa de telem\u00f3vel para Xiaomi 13 (TPU). Borboleta. Barcelona. Branco"},"content":{"rendered":"<p>Esta capa para o Xiaomi 13 \u00e9 uma recorda\u00e7\u00e3o atraente que funde estilo e cultura, ideal para quem deseja proteger o seu dispositivo com eleg\u00e2ncia e originalidade. Fabricada em TPU de alta qualidade, a capa apresenta um vibrante design de borboletas que evoca a beleza \u00fanica de Barcelona. As borboletas, com as suas cores chamativas e detalhes art\u00edsticos, parecem ganhar vida sobre um fundo branco que real\u00e7a a diversidade e frescura da fauna da cidade.<\/p>\n<p>O padr\u00e3o de mosaico que adorna a parte superior e as borboletas recorda as emblem\u00e1ticas obras de Antoni Gaud\u00ed, convertendo esta capa numa homenagem \u00e0 arquitetura modernista que caracteriza Barcelona. Na parte inferior, a palavra &#8220;Barcelona&#8221; aparece numa tipografia elegante que acrescenta um toque contempor\u00e2neo ao design. Este produto n\u00e3o s\u00f3 protege o telem\u00f3vel de choques e quedas, como tamb\u00e9m atua como uma lembran\u00e7a de uma cidade vibrante e art\u00edstica.<\/p>\n<p>Perfeita para turistas que procuram recorda\u00e7\u00f5es de aut\u00eantico valor cultural, esta capa \u00e9 um excelente exemplo de como a funcionalidade se pode combinar com a arte. Na Ol\u00e9 Mosaic, especializamo-nos na distribui\u00e7\u00e3o de recorda\u00e7\u00f5es por grosso e esta capa de borboletas \u00e9 uma op\u00e7\u00e3o ideal para lojas de presentes tur\u00edsticos que desejem oferecer uma lembran\u00e7a excecional e representativa de Barcelona. Como grossistas de produtos de qualidade, garantimos a autenticidade e o apelo de cada um dos nossos artigos.<\/p>\n","protected":false},"excerpt":{"rendered":"<p>Capa para Xiaomi 13 fabricada em TPU, decorada com borboletas vibrantes que evocam a beleza de Barcelona. O design mostra borboletas de cores chamativas sobre um fundo branco com um padr\u00e3o de mosaico que recorda a obra de Gaud\u00ed. Na parte inferior, destaca-se a palavra &#8220;Barcelona&#8221; numa tipografia elegante, oferecendo um toque moderno e \u00fanico. Ideal para quem procura proteger o seu telem\u00f3vel com estilo e um toque cultural.<\/p>\n","protected":false},"featured_media":12671,"template":"","meta":{"_acf_changed":false},"product_brand":[],"product_cat":[685],"product_tag":[516],"class_list":{"0":"post-27683","1":"product","2":"type-product","3":"status-publish","4":"has-post-thumbnail","6":"product_cat-capas-para-telemoveis","7":"product_tag-animais","8":"pa_ciudad-barcelona","9":"pa_motivo-borboletas","10":"pa_pais-espana","12":"first","13":"instock","14":"shipping-taxable","15":"product-type-simple"},"acf":[],"_links":{"self":[{"href":"https:\/\/olemosaic.com\/pt-pt\/wp-json\/wp\/v2\/product\/27683","targetHints":{"allow":["GET"]}}],"collection":[{"href":"https:\/\/olemosaic.com\/pt-pt\/wp-json\/wp\/v2\/product"}],"about":[{"href":"https:\/\/olemosaic.com\/pt-pt\/wp-json\/wp\/v2\/types\/product"}],"wp:featuredmedia":[{"embeddable":true,"href":"https:\/\/olemosaic.com\/pt-pt\/wp-json\/wp\/v2\/media\/12671"}],"wp:attachment":[{"href":"https:\/\/olemosaic.com\/pt-pt\/wp-json\/wp\/v2\/media?parent=27683"}],"wp:term":[{"taxonomy":"product_brand","embeddable":true,"href":"https:\/\/olemosaic.com\/pt-pt\/wp-json\/wp\/v2\/product_brand?post=27683"},{"taxonomy":"product_cat","embeddable":true,"href":"https:\/\/olemosaic.com\/pt-pt\/wp-json\/wp\/v2\/product_cat?post=27683"},{"taxonomy":"product_tag","embeddable":true,"href":"https:\/\/olemosaic.com\/pt-pt\/wp-json\/wp\/v2\/product_tag?post=27683"}],"curies":[{"name":"wp","href":"https:\/\/api.w.org\/{rel}","templated":true}]}}