{"id":27681,"date":"2025-02-20T22:29:06","date_gmt":"2025-02-20T22:29:06","guid":{"rendered":"http:\/\/olemosaic.com\/producto\/funda-de-telefono-para-xiaomi-12-tpu-abstracto-verde\/"},"modified":"2025-07-25T19:44:03","modified_gmt":"2025-07-25T17:44:03","slug":"capa-de-telemovel-para-xiaomi-12-tpu-abstrato-verde","status":"publish","type":"product","link":"https:\/\/olemosaic.com\/pt-pt\/produto\/capa-de-telemovel-para-xiaomi-12-tpu-abstrato-verde\/","title":{"rendered":"Capa de telem\u00f3vel para Xiaomi 12 (TPU). Abstrato. Verde"},"content":{"rendered":"<p>Esta capa para o Xiaomi 12 \u00e9 uma pe\u00e7a \u00fanica que combina estilo e funcionalidade, pensada para quem procura um toque art\u00edstico no seu dia a dia. Fabricada em TPU, um material muito resistente e flex\u00edvel, destaca-se pelo seu vibrante design abstrato que joga com tons esverdeados, azuis e quentes, evocando a beleza da arte do mosaico que define a arquitetura de muitas cidades espanholas. As formas geom\u00e9tricas que adornam a sua superf\u00edcie criam um efeito visual cativante, que recorda os coloridos mosaicos presentes em monumentos ic\u00f3nicos, acrescentando uma dose de cultura e eleg\u00e2ncia ao seu dispositivo.<\/p>\n<p>O acabamento suave ao toque e a leveza da capa asseguram um ajuste perfeito ao Xiaomi 12, proporcionando uma prote\u00e7\u00e3o eficaz contra choques e riscos, ao mesmo tempo que permite um acesso f\u00e1cil a todas as portas e fun\u00e7\u00f5es do telem\u00f3vel. Este souvenir, que combina est\u00e9tica e utilidade, \u00e9 uma excelente op\u00e7\u00e3o para turistas que desejam levar uma recorda\u00e7\u00e3o aut\u00eantica da sua visita a Espanha. Na Ol\u00e9 Mosaic, oferecemos esta capa como parte da nossa sele\u00e7\u00e3o de souvenirs t\u00edpicos, ideal para lojas de presentes tur\u00edsticos. Como grossistas de acess\u00f3rios, garantimos produtos de qualidade que real\u00e7am a rica heran\u00e7a cultural, fazendo desta capa um presente perfeito e uma forma de levar um peda\u00e7o de Espanha para qualquer lugar.<\/p>\n","protected":false},"excerpt":{"rendered":"<p>Capa de telem\u00f3vel para Xiaomi 12 fabricada em TPU, com um design abstrato e vibrante em tons verdes, azuis e quentes. Inspirada na arte do mosaico, esta capa combina formas geom\u00e9tricas que evocam as coloridas obras arquitet\u00f3nicas da regi\u00e3o, oferecendo estilo e prote\u00e7\u00e3o em partes iguais. O seu acabamento suave e leve adapta-se perfeitamente ao dispositivo, garantindo um acesso f\u00e1cil a todas as portas e fun\u00e7\u00f5es.<\/p>\n","protected":false},"featured_media":12656,"template":"","meta":{"_acf_changed":false},"product_brand":[],"product_cat":[685],"product_tag":[],"class_list":{"0":"post-27681","1":"product","2":"type-product","3":"status-publish","4":"has-post-thumbnail","6":"product_cat-capas-para-telemoveis","7":"pa_motivo-resumo","9":"first","10":"instock","11":"shipping-taxable","12":"product-type-simple"},"acf":[],"_links":{"self":[{"href":"https:\/\/olemosaic.com\/pt-pt\/wp-json\/wp\/v2\/product\/27681","targetHints":{"allow":["GET"]}}],"collection":[{"href":"https:\/\/olemosaic.com\/pt-pt\/wp-json\/wp\/v2\/product"}],"about":[{"href":"https:\/\/olemosaic.com\/pt-pt\/wp-json\/wp\/v2\/types\/product"}],"wp:featuredmedia":[{"embeddable":true,"href":"https:\/\/olemosaic.com\/pt-pt\/wp-json\/wp\/v2\/media\/12656"}],"wp:attachment":[{"href":"https:\/\/olemosaic.com\/pt-pt\/wp-json\/wp\/v2\/media?parent=27681"}],"wp:term":[{"taxonomy":"product_brand","embeddable":true,"href":"https:\/\/olemosaic.com\/pt-pt\/wp-json\/wp\/v2\/product_brand?post=27681"},{"taxonomy":"product_cat","embeddable":true,"href":"https:\/\/olemosaic.com\/pt-pt\/wp-json\/wp\/v2\/product_cat?post=27681"},{"taxonomy":"product_tag","embeddable":true,"href":"https:\/\/olemosaic.com\/pt-pt\/wp-json\/wp\/v2\/product_tag?post=27681"}],"curies":[{"name":"wp","href":"https:\/\/api.w.org\/{rel}","templated":true}]}}