{"id":27650,"date":"2025-02-20T22:29:06","date_gmt":"2025-02-20T22:29:06","guid":{"rendered":"http:\/\/olemosaic.com\/producto\/funda-de-telefono-para-xiaomi-12-tpu-panoramica-barcelona-azul-2\/"},"modified":"2025-07-25T19:55:13","modified_gmt":"2025-07-25T17:55:13","slug":"capa-de-telemovel-para-xiaomi-12-tpu-panoramica-barcelona-azul-pt-pt","status":"publish","type":"product","link":"https:\/\/olemosaic.com\/pt-pt\/produto\/capa-de-telemovel-para-xiaomi-12-tpu-panoramica-barcelona-azul-pt-pt\/","title":{"rendered":"Capa de telem\u00f3vel para Xiaomi 12 (TPU). Panor\u00e2mica. Barcelona. Azul"},"content":{"rendered":"<p>Esta capa para o Xiaomi 12 \u00e9 uma express\u00e3o vibrante da ess\u00eancia barcelonesa, fabricada em TPU para oferecer uma durabilidade excecional e uma prote\u00e7\u00e3o ideal. O seu design panor\u00e2mico destaca a ic\u00f3nica Sagrada Fam\u00edlia, cuja arquitetura singular se apresenta em tons quentes, rodeada de palmeiras verdes e um c\u00e9u azul brilhante. Esta recorda\u00e7\u00e3o n\u00e3o s\u00f3 real\u00e7a a monumentalidade de um dos lugares mais emblem\u00e1ticos da cidade, como tamb\u00e9m evoca a alegria e o clima quente do Mediterr\u00e2neo, perfeito para quem deseje levar um pedacinho de Barcelona consigo.<\/p>\n<p>Os detalhes art\u00edsticos, como um sol radiante e aves em voo, adicionam um toque din\u00e2mico e divertido, capturando a vitalidade da vibrante vida urbana de Barcelona e do seu ambiente natural. A ilustra\u00e7\u00e3o colorida n\u00e3o s\u00f3 embeleza o acess\u00f3rio, como torna esta capa numa aut\u00eantica recorda\u00e7\u00e3o da Cidade Condal, ideal para turistas e amantes da cultura catal\u00e3 que procuram uma lembran\u00e7a funcional e est\u00e9tica.<\/p>\n<p>Na Ol\u00e9 Mosaic, a nossa miss\u00e3o \u00e9 oferecer produtos aut\u00eanticos, e esta capa de telem\u00f3vel representa uma excelente op\u00e7\u00e3o para lojas de presentes tur\u00edsticos que procuram artigos originais e de alta qualidade. Com a sua relev\u00e2ncia cultural e o seu apelo visual, esta capa \u00e9 uma escolha perfeita como recorda\u00e7\u00e3o de Barcelona.<\/p>\n","protected":false},"excerpt":{"rendered":"<p>Capa de telem\u00f3vel para Xiaomi 12 fabricada em TPU, com uma vibrante panor\u00e2mica de Barcelona. Este design colorido destaca a emblem\u00e1tica Sagrada Fam\u00edlia, rodeada de palmeiras e um c\u00e9u azul, evocando a ess\u00eancia ensolarada da cidade. Os detalhes da ilustra\u00e7\u00e3o incluem um sol radiante e aves em voo, o que lhe confere um ar alegre e din\u00e2mico. Ideal para quem procura um acess\u00f3rio que combine prote\u00e7\u00e3o e estilo, mostrando o seu amor por Barcelona.<\/p>\n","protected":false},"featured_media":12660,"template":"","meta":{"_acf_changed":false},"product_brand":[],"product_cat":[685],"product_tag":[],"class_list":{"0":"post-27650","1":"product","2":"type-product","3":"status-publish","4":"has-post-thumbnail","6":"product_cat-capas-para-telemoveis","7":"pa_ciudad-barcelona","8":"pa_motivo-panoramas","9":"pa_pais-espana","11":"first","12":"instock","13":"shipping-taxable","14":"product-type-simple"},"acf":[],"_links":{"self":[{"href":"https:\/\/olemosaic.com\/pt-pt\/wp-json\/wp\/v2\/product\/27650","targetHints":{"allow":["GET"]}}],"collection":[{"href":"https:\/\/olemosaic.com\/pt-pt\/wp-json\/wp\/v2\/product"}],"about":[{"href":"https:\/\/olemosaic.com\/pt-pt\/wp-json\/wp\/v2\/types\/product"}],"wp:featuredmedia":[{"embeddable":true,"href":"https:\/\/olemosaic.com\/pt-pt\/wp-json\/wp\/v2\/media\/12660"}],"wp:attachment":[{"href":"https:\/\/olemosaic.com\/pt-pt\/wp-json\/wp\/v2\/media?parent=27650"}],"wp:term":[{"taxonomy":"product_brand","embeddable":true,"href":"https:\/\/olemosaic.com\/pt-pt\/wp-json\/wp\/v2\/product_brand?post=27650"},{"taxonomy":"product_cat","embeddable":true,"href":"https:\/\/olemosaic.com\/pt-pt\/wp-json\/wp\/v2\/product_cat?post=27650"},{"taxonomy":"product_tag","embeddable":true,"href":"https:\/\/olemosaic.com\/pt-pt\/wp-json\/wp\/v2\/product_tag?post=27650"}],"curies":[{"name":"wp","href":"https:\/\/api.w.org\/{rel}","templated":true}]}}