{"id":27649,"date":"2025-02-20T22:29:06","date_gmt":"2025-02-20T22:29:06","guid":{"rendered":"http:\/\/olemosaic.com\/producto\/funda-de-telefono-para-xiaomi-12-tpu-salamandra-barcelona-blanco\/"},"modified":"2025-07-25T18:42:13","modified_gmt":"2025-07-25T16:42:13","slug":"capa-de-telemovel-para-xiaomi-12-tpu-salamandra-barcelona-branco","status":"publish","type":"product","link":"https:\/\/olemosaic.com\/pt-pt\/produto\/capa-de-telemovel-para-xiaomi-12-tpu-salamandra-barcelona-branco\/","title":{"rendered":"Capa de telem\u00f3vel para Xiaomi 12 (TPU). Salamandra. Barcelona. Branco"},"content":{"rendered":"<p>Esta capa para o Xiaomi 12 \u00e9 um acess\u00f3rio apelativo que funde funcionalidade e estilo, inspirada na ic\u00f3nica cultura barcelonesa. Fabricada em TPU, o seu design robusto e leve protege o seu dispositivo ao mesmo tempo que adiciona um toque art\u00edstico ao seu dia a dia. A capa apresenta ilustra\u00e7\u00f5es vibrantes de salamandras, evocando a famosa obra de Antoni Gaud\u00ed e criando um v\u00ednculo visual com os mosaicos que adornam os monumentos mais emblem\u00e1ticos da cidade.<\/p>\n<p>Sobre um fundo branco que real\u00e7a cada detalhe, dominam as cores vermelho, azul e verde, acompanhadas de diversos elementos florais que adicionam um ar fresco e alegre. A palavra &#8220;Barcelona&#8221; aparece numa tipografia din\u00e2mica, dotando o design de uma ess\u00eancia vivaz que captura a atmosfera desta vibrante cidade mediterr\u00e2nica. Este produto n\u00e3o \u00e9 apenas uma excelente op\u00e7\u00e3o para quem procura uma capa \u00fanica, mas tamb\u00e9m uma fant\u00e1stica recorda\u00e7\u00e3o de Barcelona, ideal para turistas que desejem levar consigo um peda\u00e7o da rica cultura catal\u00e3.<\/p>\n<p>Na Ol\u00e9 Mosaic, especializamo-nos na distribui\u00e7\u00e3o de lembran\u00e7as por grosso, oferecendo produtos aut\u00eanticos que celebram a heran\u00e7a local. Este design \u00fanico de capa para telem\u00f3vel \u00e9 perfeito para lojas de presentes tur\u00edsticos que procuram artigos de qualidade e com significado cultural. Como grossistas de capas, garantimos que cada pe\u00e7a combine artesanato, originalidade e liga\u00e7\u00e3o com o meio envolvente.<\/p>\n","protected":false},"excerpt":{"rendered":"<p>Capa para o Xiaomi 12 fabricada em TPU, decorada com ilustra\u00e7\u00f5es vibrantes de salamandras que evocam a obra de Gaud\u00ed, representando o ic\u00f3nico mosaico de Barcelona. O design inclui diversos elementos florais em vermelho, azul e verde, sobre um fundo branco que real\u00e7a a est\u00e9tica. A palavra &#8220;Barcelona&#8221; aparece numa tipografia alegre, adicionando um toque din\u00e2mico. Ideal para quem procura prote\u00e7\u00e3o e um estilo distintivo inspirado na cultura catalana.<\/p>\n","protected":false},"featured_media":12649,"template":"","meta":{"_acf_changed":false},"product_brand":[],"product_cat":[685],"product_tag":[516],"class_list":{"0":"post-27649","1":"product","2":"type-product","3":"status-publish","4":"has-post-thumbnail","6":"product_cat-capas-para-telemoveis","7":"product_tag-animais","8":"pa_ciudad-barcelona","9":"pa_motivo-salamandras","10":"pa_pais-espana","12":"first","13":"instock","14":"shipping-taxable","15":"product-type-simple"},"acf":[],"_links":{"self":[{"href":"https:\/\/olemosaic.com\/pt-pt\/wp-json\/wp\/v2\/product\/27649","targetHints":{"allow":["GET"]}}],"collection":[{"href":"https:\/\/olemosaic.com\/pt-pt\/wp-json\/wp\/v2\/product"}],"about":[{"href":"https:\/\/olemosaic.com\/pt-pt\/wp-json\/wp\/v2\/types\/product"}],"wp:featuredmedia":[{"embeddable":true,"href":"https:\/\/olemosaic.com\/pt-pt\/wp-json\/wp\/v2\/media\/12649"}],"wp:attachment":[{"href":"https:\/\/olemosaic.com\/pt-pt\/wp-json\/wp\/v2\/media?parent=27649"}],"wp:term":[{"taxonomy":"product_brand","embeddable":true,"href":"https:\/\/olemosaic.com\/pt-pt\/wp-json\/wp\/v2\/product_brand?post=27649"},{"taxonomy":"product_cat","embeddable":true,"href":"https:\/\/olemosaic.com\/pt-pt\/wp-json\/wp\/v2\/product_cat?post=27649"},{"taxonomy":"product_tag","embeddable":true,"href":"https:\/\/olemosaic.com\/pt-pt\/wp-json\/wp\/v2\/product_tag?post=27649"}],"curies":[{"name":"wp","href":"https:\/\/api.w.org\/{rel}","templated":true}]}}