{"id":27648,"date":"2025-02-20T23:29:06","date_gmt":"2025-02-20T22:29:06","guid":{"rendered":"http:\/\/olemosaic.com\/producto\/funda-de-telefono-para-samsung-a54-tpu-panoramica-barcelona-azul-2\/"},"modified":"2025-07-25T19:28:32","modified_gmt":"2025-07-25T17:28:32","slug":"capa-de-telemovel-para-samsung-a54-tpu-panoramica-barcelona-azul","status":"publish","type":"product","link":"https:\/\/olemosaic.com\/pt-pt\/produto\/capa-de-telemovel-para-samsung-a54-tpu-panoramica-barcelona-azul\/","title":{"rendered":"Capa de telem\u00f3vel para Samsung A54 (TPU). Panor\u00e2mica. Sagrada Fam\u00edlia. Barcelona. Azul"},"content":{"rendered":"<p>Esta capa para o telem\u00f3vel Samsung A54 \u00e9 uma recorda\u00e7\u00e3o vibrante e funcional que captura a ess\u00eancia de Barcelona. Fabricada em TPU, combina resist\u00eancia e flexibilidade, oferecendo uma excelente prote\u00e7\u00e3o contra golpes e riscos. O seu design panor\u00e2mico destaca a emblem\u00e1tica Sagrada Fam\u00edlia, uma das obras-primas de Antoni Gaud\u00ed, com as suas inconfund\u00edveis torres erguendo-se majestosamente sobre uma paisagem ensolarada e colorida.<\/p>\n<p>Os tons azuis predominantes evocam o c\u00e9u mediterr\u00e2nico sob o qual se estende a cidade, enquanto elementos decorativos como palmeiras e aves em voo adicionam dinamismo \u00e0 cena. A inscri\u00e7\u00e3o &#8220;Barcelona&#8221; aparece em cores apelativas, conferindo um estilo moderno e atraente que real\u00e7a a beleza do design. Esta capa n\u00e3o s\u00f3 protege o seu dispositivo, como tamb\u00e9m lhe permite levar consigo um peda\u00e7o da rica cultura e do ambiente vibrante da Cidade Condal.<\/p>\n<p>Na Ol\u00e9 Mosaic, especializamo-nos na distribui\u00e7\u00e3o de lembran\u00e7as por grosso, oferecendo produtos que representam autenticamente a diversidade de Espanha. Esta capa \u00e9 uma escolha ideal para lojas de presentes tur\u00edsticos que procuram artigos distintivos e de qualidade. Uma excelente recorda\u00e7\u00e3o para turistas que desejam levar um peda\u00e7o de Barcelona para onde quer que v\u00e3o.<\/p>\n","protected":false},"excerpt":{"rendered":"<p>Capa para Samsung A54 de TPU, decorada com uma vibrante panor\u00e2mica de Barcelona. O seu design destaca a emblem\u00e1tica Sagrada Fam\u00edlia, rodeada por uma paisagem colorida e ensolarada, com tons azuis predominantes que evocam o c\u00e9u mediterr\u00e2nico. Elementos distintivos como palmeiras e aves combinam-se para criar uma cena alegre e din\u00e2mica, enquanto a palavra &#8220;Barcelona&#8221; em cores apelativas adiciona um toque moderno a esta recorda\u00e7\u00e3o pr\u00e1tica.<\/p>\n","protected":false},"featured_media":12586,"template":"","meta":{"_acf_changed":false},"product_brand":[],"product_cat":[685],"product_tag":[],"class_list":{"0":"post-27648","1":"product","2":"type-product","3":"status-publish","4":"has-post-thumbnail","6":"product_cat-capas-para-telemoveis","7":"pa_ciudad-barcelona","8":"pa_motivo-panoramas","9":"pa_pais-espana","11":"first","12":"instock","13":"shipping-taxable","14":"product-type-simple"},"acf":[],"_links":{"self":[{"href":"https:\/\/olemosaic.com\/pt-pt\/wp-json\/wp\/v2\/product\/27648","targetHints":{"allow":["GET"]}}],"collection":[{"href":"https:\/\/olemosaic.com\/pt-pt\/wp-json\/wp\/v2\/product"}],"about":[{"href":"https:\/\/olemosaic.com\/pt-pt\/wp-json\/wp\/v2\/types\/product"}],"wp:featuredmedia":[{"embeddable":true,"href":"https:\/\/olemosaic.com\/pt-pt\/wp-json\/wp\/v2\/media\/12586"}],"wp:attachment":[{"href":"https:\/\/olemosaic.com\/pt-pt\/wp-json\/wp\/v2\/media?parent=27648"}],"wp:term":[{"taxonomy":"product_brand","embeddable":true,"href":"https:\/\/olemosaic.com\/pt-pt\/wp-json\/wp\/v2\/product_brand?post=27648"},{"taxonomy":"product_cat","embeddable":true,"href":"https:\/\/olemosaic.com\/pt-pt\/wp-json\/wp\/v2\/product_cat?post=27648"},{"taxonomy":"product_tag","embeddable":true,"href":"https:\/\/olemosaic.com\/pt-pt\/wp-json\/wp\/v2\/product_tag?post=27648"}],"curies":[{"name":"wp","href":"https:\/\/api.w.org\/{rel}","templated":true}]}}