{"id":27643,"date":"2025-02-20T22:29:05","date_gmt":"2025-02-20T22:29:05","guid":{"rendered":"http:\/\/olemosaic.com\/producto\/funda-de-telefono-para-samsung-a34-tpu-abstracto-azul\/"},"modified":"2025-07-25T20:38:57","modified_gmt":"2025-07-25T18:38:57","slug":"capa-para-telemovel-samsung-a34-tpu-abstrato-azul","status":"publish","type":"product","link":"https:\/\/olemosaic.com\/pt-pt\/produto\/capa-para-telemovel-samsung-a34-tpu-abstrato-azul\/","title":{"rendered":"Capa para telem\u00f3vel Samsung A34 (TPU). Abstrato. Azul"},"content":{"rendered":"<p>Esta capa para o telem\u00f3vel Samsung A34 \u00e9 uma pe\u00e7a destacada que combina estilo e funcionalidade, ideal para quem procura personalizar o seu dispositivo e proteg\u00ea-lo. Fabricada em TPU de alta qualidade, apresenta um atrativo design abstrato que mistura cores vibrantes como azul, verde, amarelo e vermelho, formando um cativante padr\u00e3o de losangos que real\u00e7a a sua est\u00e9tica moderna e din\u00e2mica. O seu acabamento suave e flex\u00edvel n\u00e3o s\u00f3 oferece uma excelente prote\u00e7\u00e3o contra golpes e riscos, como tamb\u00e9m resulta agrad\u00e1vel ao toque, garantindo conforto no uso di\u00e1rio. Este artigo n\u00e3o \u00e9 apenas um acess\u00f3rio, mas uma aut\u00eantica recorda\u00e7\u00e3o que liga \u00e0 criatividade e \u00e0 arte contempor\u00e2nea de Espanha, um presente perfeito para turistas e viajantes que desejem levar um pequeno fragmento da cultura espanhola. Na Ol\u00e9 Mosaic, como distribuidores de acess\u00f3rios por grosso, oferecemos produtos aut\u00eanticos que encapsulam a ess\u00eancia do design moderno, o que a torna numa excelente op\u00e7\u00e3o para lojas de presentes tur\u00edsticos que procuram artigos originais e atrativos. Esta capa para o telem\u00f3vel \u00e9 uma op\u00e7\u00e3o ideal para quem deseja fundir est\u00e9tica e praticidade na sua vida di\u00e1ria.<\/p>\n","protected":false},"excerpt":{"rendered":"<p>Capa para telem\u00f3vel Samsung A34 fabricada em TPU, com um design abstrato que combina cores vibrantes como azul, verde, amarelo e vermelho num padr\u00e3o de losangos. O seu acabamento suave e flex\u00edvel oferece uma excelente prote\u00e7\u00e3o contra golpes e riscos, mantendo o estilo moderno e atrativo. Ideal para quem procura personalizar o seu dispositivo ao mesmo tempo que o protege, esta capa \u00e9 uma op\u00e7\u00e3o chamativa e funcional.<\/p>\n","protected":false},"featured_media":12570,"template":"","meta":{"_acf_changed":false},"product_brand":[],"product_cat":[685],"product_tag":[],"class_list":{"0":"post-27643","1":"product","2":"type-product","3":"status-publish","4":"has-post-thumbnail","6":"product_cat-capas-para-telemoveis","7":"pa_motivo-resumo","9":"first","10":"instock","11":"shipping-taxable","12":"product-type-simple"},"acf":[],"_links":{"self":[{"href":"https:\/\/olemosaic.com\/pt-pt\/wp-json\/wp\/v2\/product\/27643","targetHints":{"allow":["GET"]}}],"collection":[{"href":"https:\/\/olemosaic.com\/pt-pt\/wp-json\/wp\/v2\/product"}],"about":[{"href":"https:\/\/olemosaic.com\/pt-pt\/wp-json\/wp\/v2\/types\/product"}],"wp:featuredmedia":[{"embeddable":true,"href":"https:\/\/olemosaic.com\/pt-pt\/wp-json\/wp\/v2\/media\/12570"}],"wp:attachment":[{"href":"https:\/\/olemosaic.com\/pt-pt\/wp-json\/wp\/v2\/media?parent=27643"}],"wp:term":[{"taxonomy":"product_brand","embeddable":true,"href":"https:\/\/olemosaic.com\/pt-pt\/wp-json\/wp\/v2\/product_brand?post=27643"},{"taxonomy":"product_cat","embeddable":true,"href":"https:\/\/olemosaic.com\/pt-pt\/wp-json\/wp\/v2\/product_cat?post=27643"},{"taxonomy":"product_tag","embeddable":true,"href":"https:\/\/olemosaic.com\/pt-pt\/wp-json\/wp\/v2\/product_tag?post=27643"}],"curies":[{"name":"wp","href":"https:\/\/api.w.org\/{rel}","templated":true}]}}