{"id":27642,"date":"2025-02-20T22:29:05","date_gmt":"2025-02-20T22:29:05","guid":{"rendered":"http:\/\/olemosaic.com\/producto\/funda-de-telefono-para-samsung-a34-tpu-gato-barcelona-negro\/"},"modified":"2025-07-25T20:14:19","modified_gmt":"2025-07-25T18:14:19","slug":"capa-para-telemovel-samsung-a34-tpu-gato-barcelona-preto","status":"publish","type":"product","link":"https:\/\/olemosaic.com\/pt-pt\/produto\/capa-para-telemovel-samsung-a34-tpu-gato-barcelona-preto\/","title":{"rendered":"Capa para telem\u00f3vel Samsung A34 (TPU). Gato. Barcelona. Preto"},"content":{"rendered":"<p>Esta capa para o telem\u00f3vel Samsung A34 \u00e9 um acess\u00f3rio vibrante que funde prote\u00e7\u00e3o e arte, inspirada nos impressionantes mosaicos de Barcelona. Fabricada em TPU de alta qualidade, apresenta um design cativante de um gato, cujas formas geom\u00e9tricas e cores chamativas \u2014 vermelho, azul, verde e amarelo \u2014 evocam a ess\u00eancia l\u00fadica e inovadora da cidade. Rodeando o gato, umas borboletas em tons vibrantes adicionam um toque de dinamismo e alegria, criando uma composi\u00e7\u00e3o visual impactante sobre um fundo preto que real\u00e7a ainda mais a ilustra\u00e7\u00e3o.<\/p>\n<p>O design n\u00e3o s\u00f3 \u00e9 esteticamente atrativo, como tamb\u00e9m presta homenagem \u00e0 famosa obra de Antoni Gaud\u00ed, refletindo a rica heran\u00e7a cultural de Barcelona. A inclus\u00e3o do texto &#8220;Barcelona&#8221; na parte inferior refor\u00e7a a liga\u00e7\u00e3o com a cidade, convertendo esta capa numa recorda\u00e7\u00e3o perfeita para os turistas que desejam levar um pedacinho da capital catal\u00e3.<\/p>\n<p>Um produto ideal para quem procura uma mistura de funcionalidade e estilo, esta capa n\u00e3o s\u00f3 protege o dispositivo contra golpes e quedas, como tamb\u00e9m atua como uma distintiva recorda\u00e7\u00e3o de uma das cidades mais vibrantes da Europa. Na Ol\u00e9 Mosaic, distribu\u00edmos recorda\u00e7\u00f5es aut\u00eanticas, e esta capa de gato de Barcelona \u00e9 uma excelente op\u00e7\u00e3o para lojas de presentes tur\u00edsticos que procuram oferecer produtos \u00fanicos e de qualidade.<\/p>\n","protected":false},"excerpt":{"rendered":"<p>Capa para telem\u00f3vel Samsung A34 de TPU, com um vibrante design de um gato inspirado nos mosaicos de Barcelona. A capa apresenta cores chamativas como vermelho, azul, verde e amarelo, real\u00e7ando detalhes de borboletas que complementam a cena. O fundo preto destaca a ilustra\u00e7\u00e3o, enquanto o texto &#8220;Barcelona&#8221; na parte inferior adiciona um toque distintivo. Ideal para proteger o seu dispositivo com um toque art\u00edstico e cultural.<\/p>\n","protected":false},"featured_media":12572,"template":"","meta":{"_acf_changed":false},"product_brand":[],"product_cat":[685],"product_tag":[516],"class_list":{"0":"post-27642","1":"product","2":"type-product","3":"status-publish","4":"has-post-thumbnail","6":"product_cat-capas-para-telemoveis","7":"product_tag-animais","8":"pa_ciudad-barcelona","9":"pa_motivo-gatos","10":"pa_pais-espana","12":"first","13":"instock","14":"shipping-taxable","15":"product-type-simple"},"acf":[],"_links":{"self":[{"href":"https:\/\/olemosaic.com\/pt-pt\/wp-json\/wp\/v2\/product\/27642","targetHints":{"allow":["GET"]}}],"collection":[{"href":"https:\/\/olemosaic.com\/pt-pt\/wp-json\/wp\/v2\/product"}],"about":[{"href":"https:\/\/olemosaic.com\/pt-pt\/wp-json\/wp\/v2\/types\/product"}],"wp:featuredmedia":[{"embeddable":true,"href":"https:\/\/olemosaic.com\/pt-pt\/wp-json\/wp\/v2\/media\/12572"}],"wp:attachment":[{"href":"https:\/\/olemosaic.com\/pt-pt\/wp-json\/wp\/v2\/media?parent=27642"}],"wp:term":[{"taxonomy":"product_brand","embeddable":true,"href":"https:\/\/olemosaic.com\/pt-pt\/wp-json\/wp\/v2\/product_brand?post=27642"},{"taxonomy":"product_cat","embeddable":true,"href":"https:\/\/olemosaic.com\/pt-pt\/wp-json\/wp\/v2\/product_cat?post=27642"},{"taxonomy":"product_tag","embeddable":true,"href":"https:\/\/olemosaic.com\/pt-pt\/wp-json\/wp\/v2\/product_tag?post=27642"}],"curies":[{"name":"wp","href":"https:\/\/api.w.org\/{rel}","templated":true}]}}