{"id":27633,"date":"2025-02-20T23:29:04","date_gmt":"2025-02-20T22:29:04","guid":{"rendered":"http:\/\/olemosaic.com\/producto\/funda-de-telefono-para-samsung-a23-tpu-panoramica-3\/"},"modified":"2025-07-25T20:39:23","modified_gmt":"2025-07-25T18:39:23","slug":"capa-de-telemovel-para-samsung-a23-tpu-panoramica-3","status":"publish","type":"product","link":"https:\/\/olemosaic.com\/pt-pt\/produto\/capa-de-telemovel-para-samsung-a23-tpu-panoramica-3\/","title":{"rendered":"Capa de telem\u00f3vel para Samsung A23 (TPU). Panor\u00e2mica. Sagrada Fam\u00edlia."},"content":{"rendered":"<p>Esta capa para o telem\u00f3vel Samsung A23 \u00e9 uma vibrante representa\u00e7\u00e3o da m\u00e1gica Barcelona, elaborada em TPU resistente que combina funcionalidade e estilo. Decorada com uma panor\u00e2mica colorida, a capa destaca a ic\u00f3nica Sagrada Fam\u00edlia, s\u00edmbolo inconfund\u00edvel da arquitetura de Antoni Gaud\u00ed, rodeada de exuberantes palmeiras que evocam o ambiente mediterr\u00e2nico. O design inclui ilustra\u00e7\u00f5es aleg\u00f3ricas que capturam a ess\u00eancia da cidade, complementadas com um fundo azul claro que real\u00e7a um sol brilhante e aves a voar, oferecendo uma sensa\u00e7\u00e3o de alegria e liberdade que s\u00f3 se sente nas costas barcelonesas.<\/p>\n<p>Esta capa n\u00e3o s\u00f3 protege o seu dispositivo, como tamb\u00e9m se torna uma recorda\u00e7\u00e3o perfeita de Barcelona, ideal para quem procura levar consigo um pedacinho desta famosa cidade. A liga\u00e7\u00e3o cultural \u00e9 evidente, j\u00e1 que a Sagrada Fam\u00edlia representa n\u00e3o apenas um atrativo tur\u00edstico, mas tamb\u00e9m o cora\u00e7\u00e3o da identidade catal\u00e3 e o seu legado art\u00edstico. Na Ol\u00e9 Mosaic, especializamo-nos na distribui\u00e7\u00e3o por grosso de recorda\u00e7\u00f5es aut\u00eanticas e de qualidade, e esta capa \u00e9 uma excelente op\u00e7\u00e3o para lojas de recorda\u00e7\u00f5es tur\u00edsticas que desejem oferecer produtos que celebrem a rica cultura de Barcelona. Ao escolher esta capa decorativa, n\u00e3o s\u00f3 adquire um acess\u00f3rio \u00fatil, como tamb\u00e9m uma recorda\u00e7\u00e3o duradoura cheia de significado e liga\u00e7\u00e3o a uma das cidades mais emblem\u00e1ticas de Espanha.<\/p>\n","protected":false},"excerpt":{"rendered":"<p>Capa para Samsung A23 feita de TPU, decorada com uma vibrante panor\u00e2mica de Barcelona. Apresenta ilustra\u00e7\u00f5es coloridas da ic\u00f3nica Sagrada Fam\u00edlia, rodeada de palmeiras e detalhes que evocam o ambiente mediterr\u00e2nico. Com um fundo azul claro que real\u00e7a o sol brilhante e aves a voar, esta capa \u00e9 uma representa\u00e7\u00e3o art\u00edstica e divertida da cidade, perfeita para proteger o seu dispositivo e mostrar o seu amor por Barcelona.<\/p>\n","protected":false},"featured_media":12606,"template":"","meta":{"_acf_changed":false},"product_brand":[],"product_cat":[685],"product_tag":[],"class_list":{"0":"post-27633","1":"product","2":"type-product","3":"status-publish","4":"has-post-thumbnail","6":"product_cat-capas-para-telemoveis","7":"pa_ciudad-barcelona","8":"pa_motivo-panoramas","9":"pa_pais-espana","11":"first","12":"instock","13":"shipping-taxable","14":"product-type-simple"},"acf":[],"_links":{"self":[{"href":"https:\/\/olemosaic.com\/pt-pt\/wp-json\/wp\/v2\/product\/27633","targetHints":{"allow":["GET"]}}],"collection":[{"href":"https:\/\/olemosaic.com\/pt-pt\/wp-json\/wp\/v2\/product"}],"about":[{"href":"https:\/\/olemosaic.com\/pt-pt\/wp-json\/wp\/v2\/types\/product"}],"wp:featuredmedia":[{"embeddable":true,"href":"https:\/\/olemosaic.com\/pt-pt\/wp-json\/wp\/v2\/media\/12606"}],"wp:attachment":[{"href":"https:\/\/olemosaic.com\/pt-pt\/wp-json\/wp\/v2\/media?parent=27633"}],"wp:term":[{"taxonomy":"product_brand","embeddable":true,"href":"https:\/\/olemosaic.com\/pt-pt\/wp-json\/wp\/v2\/product_brand?post=27633"},{"taxonomy":"product_cat","embeddable":true,"href":"https:\/\/olemosaic.com\/pt-pt\/wp-json\/wp\/v2\/product_cat?post=27633"},{"taxonomy":"product_tag","embeddable":true,"href":"https:\/\/olemosaic.com\/pt-pt\/wp-json\/wp\/v2\/product_tag?post=27633"}],"curies":[{"name":"wp","href":"https:\/\/api.w.org\/{rel}","templated":true}]}}