{"id":27632,"date":"2025-02-20T23:29:04","date_gmt":"2025-02-20T22:29:04","guid":{"rendered":"http:\/\/olemosaic.com\/producto\/funda-de-telefono-para-samsung-a23-tpu-panoramica-2\/"},"modified":"2025-07-25T20:39:52","modified_gmt":"2025-07-25T18:39:52","slug":"capa-de-telemovel-para-samsung-a23-tpu-panoramica-2","status":"publish","type":"product","link":"https:\/\/olemosaic.com\/pt-pt\/produto\/capa-de-telemovel-para-samsung-a23-tpu-panoramica-2\/","title":{"rendered":"Capa de telem\u00f3vel para Samsung A23 (TPU). Panor\u00e2mica. Barcelona."},"content":{"rendered":"<p>Esta capa para o telem\u00f3vel Samsung A23 \u00e9 uma elegante e funcional representa\u00e7\u00e3o da arte e da cultura barcelonesa. Fabricada em TPU, este acess\u00f3rio n\u00e3o s\u00f3 protege o seu dispositivo de quedas e riscos, como tamb\u00e9m real\u00e7a a sua est\u00e9tica com um design vibrante que evoca os ic\u00f3nicos mosaicos de Gaud\u00ed. A capa apresenta uma panor\u00e2mica colorida que inclui elementos emblem\u00e1ticos como a majestosa Sagrada Fam\u00edlia e as exuberantes paisagens do Park G\u00fcell, brilhando numa explos\u00e3o de vermelhos, azuis e amarelos.<\/p>\n<p>O acabamento brilhante da capa destaca os detalhes art\u00edsticos, tornando-a uma pe\u00e7a \u00fanica, ideal para aqueles que desejam levar consigo um peda\u00e7o da cultura catal\u00e3. Cada vez que usar o seu telem\u00f3vel, ele recordar\u00e1 o encanto de Barcelona e a sua arquitetura inovadora. Esta recorda\u00e7\u00e3o \u00e9 perfeita para turistas que procuram um souvenir aut\u00eantico e representativo da Cidade Condal.<\/p>\n<p>Na Ol\u00e9 Mosaic, como distribuidor de capas de telem\u00f3vel por grosso, oferecemos produtos que capturam a ess\u00eancia da cultura espanhola. Esta capa inspirada em Barcelona \u00e9 uma excelente op\u00e7\u00e3o para lojas de recorda\u00e7\u00f5es tur\u00edsticas, proporcionando um artigo de qualidade que combina funcionalidade e arte.<\/p>\n","protected":false},"excerpt":{"rendered":"<p>Capa para telem\u00f3vel Samsung A23 fabricada em TPU, desenhada com uma vibrante panor\u00e2mica de Barcelona. A capa apresenta um acabamento em cores brilhantes, inspirado nos ic\u00f3nicos mosaicos de Gaud\u00ed, com motivos da Sagrada Fam\u00edlia e do Park G\u00fcell, em tons vermelhos, azuis e amarelos. O design, al\u00e9m de proteger o dispositivo, adiciona um toque art\u00edstico e distintivo, ideal para quem deseje levar consigo um peda\u00e7o da cultura catal\u00e3.<\/p>\n","protected":false},"featured_media":12599,"template":"","meta":{"_acf_changed":false},"product_brand":[],"product_cat":[685],"product_tag":[],"class_list":{"0":"post-27632","1":"product","2":"type-product","3":"status-publish","4":"has-post-thumbnail","6":"product_cat-capas-para-telemoveis","7":"pa_ciudad-barcelona","8":"pa_motivo-panoramas","9":"pa_pais-espana","11":"first","12":"instock","13":"shipping-taxable","14":"product-type-simple"},"acf":[],"_links":{"self":[{"href":"https:\/\/olemosaic.com\/pt-pt\/wp-json\/wp\/v2\/product\/27632","targetHints":{"allow":["GET"]}}],"collection":[{"href":"https:\/\/olemosaic.com\/pt-pt\/wp-json\/wp\/v2\/product"}],"about":[{"href":"https:\/\/olemosaic.com\/pt-pt\/wp-json\/wp\/v2\/types\/product"}],"wp:featuredmedia":[{"embeddable":true,"href":"https:\/\/olemosaic.com\/pt-pt\/wp-json\/wp\/v2\/media\/12599"}],"wp:attachment":[{"href":"https:\/\/olemosaic.com\/pt-pt\/wp-json\/wp\/v2\/media?parent=27632"}],"wp:term":[{"taxonomy":"product_brand","embeddable":true,"href":"https:\/\/olemosaic.com\/pt-pt\/wp-json\/wp\/v2\/product_brand?post=27632"},{"taxonomy":"product_cat","embeddable":true,"href":"https:\/\/olemosaic.com\/pt-pt\/wp-json\/wp\/v2\/product_cat?post=27632"},{"taxonomy":"product_tag","embeddable":true,"href":"https:\/\/olemosaic.com\/pt-pt\/wp-json\/wp\/v2\/product_tag?post=27632"}],"curies":[{"name":"wp","href":"https:\/\/api.w.org\/{rel}","templated":true}]}}