{"id":27620,"date":"2025-02-20T22:29:04","date_gmt":"2025-02-20T22:29:04","guid":{"rendered":"http:\/\/olemosaic.com\/producto\/funda-de-telefono-para-samsung-a23-tpu-gato\/"},"modified":"2025-07-25T19:56:15","modified_gmt":"2025-07-25T17:56:15","slug":"capa-para-telemovel-samsung-a23-tpu-gato","status":"publish","type":"product","link":"https:\/\/olemosaic.com\/pt-pt\/produto\/capa-para-telemovel-samsung-a23-tpu-gato\/","title":{"rendered":"Capa para telem\u00f3vel Samsung A23 (TPU). Gato"},"content":{"rendered":"<p>Esta capa para o telem\u00f3vel Samsung A23 \u00e9 uma aut\u00eantica homenagem ao modernismo barcelon\u00eas, destacando a ic\u00f3nica figura de um gato estilizado, adornado com um vibrante mosaico de cores. Elaborada em TPU, esta capa n\u00e3o s\u00f3 protege perfeitamente contra choques e riscos, como tamb\u00e9m \u00e9 um acess\u00f3rio visualmente atraente que capta a ess\u00eancia art\u00edstica da cidade. A ilustra\u00e7\u00e3o principal mostra o gato em tons brilhantes de vermelho, azul, verde e amarelo, rodeado de borboletas em tons quentes que conferem um toque de alegria e natureza ao design. O fundo, com uma textura branca que simula azulejos, evoca a famosa obra de Antoni Gaud\u00ed, integrando a rica heran\u00e7a cultural de Barcelona.<\/p>\n<p>O texto &#8220;Barcelona&#8221; acentua a sua identidade como uma recorda\u00e7\u00e3o representativa desta vibrante cidade, o que a torna uma excelente op\u00e7\u00e3o para os turistas que procuram souvenirs aut\u00eanticos. Este produto \u00e9 ideal para lojas de presentes tur\u00edsticos que desejem oferecer artigos que, al\u00e9m de funcionais, sejam reflexo de uma rica cultura. Na Ol\u00e9 Mosaic, especializados na distribui\u00e7\u00e3o de souvenirs por grosso, garantimos que esta capa para o telem\u00f3vel n\u00e3o seja apenas um acess\u00f3rio \u00fatil, mas um aut\u00eantico peda\u00e7o da magia de Barcelona. Com as nossas capas, as recorda\u00e7\u00f5es desta emblem\u00e1tica cidade tornam-se acess\u00edveis e pr\u00e1ticas, fundindo arte e funcionalidade em cada detalhe.<\/p>\n","protected":false},"excerpt":{"rendered":"<p>Capa para telem\u00f3vel Samsung A23 fabricada em TPU, decorada com um design colorido de um gato inspirado no modernismo barcelon\u00eas. A ilustra\u00e7\u00e3o mostra um gato estilizado com um mosaico vibrante de cores, rodeado de borboletas em tons de vermelho e amarelo, sobre um fundo branco com textura que simula azulejos. O produto inclui a palavra &#8220;Barcelona&#8221;, captando a ess\u00eancia art\u00edstica e cultural da cidade num acess\u00f3rio funcional e atraente.<\/p>\n","protected":false},"featured_media":12596,"template":"","meta":{"_acf_changed":false},"product_brand":[],"product_cat":[685],"product_tag":[516],"class_list":{"0":"post-27620","1":"product","2":"type-product","3":"status-publish","4":"has-post-thumbnail","6":"product_cat-capas-para-telemoveis","7":"product_tag-animais","8":"pa_ciudad-barcelona","9":"pa_motivo-gatos","10":"pa_pais-espana","12":"first","13":"instock","14":"shipping-taxable","15":"product-type-simple"},"acf":[],"_links":{"self":[{"href":"https:\/\/olemosaic.com\/pt-pt\/wp-json\/wp\/v2\/product\/27620","targetHints":{"allow":["GET"]}}],"collection":[{"href":"https:\/\/olemosaic.com\/pt-pt\/wp-json\/wp\/v2\/product"}],"about":[{"href":"https:\/\/olemosaic.com\/pt-pt\/wp-json\/wp\/v2\/types\/product"}],"wp:featuredmedia":[{"embeddable":true,"href":"https:\/\/olemosaic.com\/pt-pt\/wp-json\/wp\/v2\/media\/12596"}],"wp:attachment":[{"href":"https:\/\/olemosaic.com\/pt-pt\/wp-json\/wp\/v2\/media?parent=27620"}],"wp:term":[{"taxonomy":"product_brand","embeddable":true,"href":"https:\/\/olemosaic.com\/pt-pt\/wp-json\/wp\/v2\/product_brand?post=27620"},{"taxonomy":"product_cat","embeddable":true,"href":"https:\/\/olemosaic.com\/pt-pt\/wp-json\/wp\/v2\/product_cat?post=27620"},{"taxonomy":"product_tag","embeddable":true,"href":"https:\/\/olemosaic.com\/pt-pt\/wp-json\/wp\/v2\/product_tag?post=27620"}],"curies":[{"name":"wp","href":"https:\/\/api.w.org\/{rel}","templated":true}]}}