{"id":27618,"date":"2025-02-20T22:29:04","date_gmt":"2025-02-20T22:29:04","guid":{"rendered":"http:\/\/olemosaic.com\/producto\/funda-de-telefono-para-samsung-a23-tpu-mosaico-2\/"},"modified":"2025-07-25T20:08:25","modified_gmt":"2025-07-25T18:08:25","slug":"capa-para-telemovel-samsung-a23-tpu-mosaico-2","status":"publish","type":"product","link":"https:\/\/olemosaic.com\/pt-pt\/produto\/capa-para-telemovel-samsung-a23-tpu-mosaico-2\/","title":{"rendered":"Capa para telem\u00f3vel Samsung A23 (TPU). Mosaico"},"content":{"rendered":"<p>Esta capa para o Samsung A23 \u00e9 a combina\u00e7\u00e3o perfeita de design contempor\u00e2neo e prote\u00e7\u00e3o funcional. Fabricada em TPU, destaca-se pelo seu elegante e atraente design de mosaico em tons de azul e branco, inspirado nos ic\u00f3nicos mosaicos da arquitetura espanhola, como os que adornam os famosos p\u00e1tios andaluzes e as obras-primas de Gaud\u00ed. Este padr\u00e3o n\u00e3o s\u00f3 confere um toque art\u00edstico ao seu dispositivo, como tamb\u00e9m evoca a rica heran\u00e7a cultural de Espanha, tornando-a uma excelente recorda\u00e7\u00e3o para aqueles que desejam levar consigo um pedacinho desta tradi\u00e7\u00e3o.<\/p>\n<p>A capa garante uma prote\u00e7\u00e3o leve e duradoura, ideal para manter o seu telem\u00f3vel a salvo de choques e riscos no uso di\u00e1rio. Gra\u00e7as ao seu ajuste preciso, permite um acesso c\u00f3modo a todas as portas e bot\u00f5es, assegurando uma experi\u00eancia pr\u00e1tica e sem complica\u00e7\u00f5es. Este produto \u00e9 uma op\u00e7\u00e3o excecional para as lojas de presentes tur\u00edsticos que procuram oferecer recorda\u00e7\u00f5es aut\u00eanticas e funcionais. Na Ol\u00e9 Mosaic, orgulhamo-nos de ser distribuidores de souvenirs de qualidade, e esta capa representa a fus\u00e3o perfeita de arte, cultura e tecnologia. Apostar nas nossas capas por grosso \u00e9 garantir produtos \u00fanicos que captar\u00e3o o interesse dos turistas e celebrar\u00e3o a ess\u00eancia de Espanha.<\/p>\n","protected":false},"excerpt":{"rendered":"<p>Capa de telem\u00f3vel para Samsung A23 fabricada em TPU, decorada com um atraente design de mosaico em tons de azul e branco. Este padr\u00e3o, inspirado nos ic\u00f3nicos mosaicos da arquitetura espanhola, confere um toque contempor\u00e2neo e art\u00edstico. A capa oferece uma prote\u00e7\u00e3o leve e duradoura, ideal para manter o seu dispositivo a salvo de choques e riscos, real\u00e7ando simultaneamente a beleza do design tradicional. O seu ajuste preciso garante um acesso f\u00e1cil a todas as portas e bot\u00f5es.<\/p>\n","protected":false},"featured_media":12609,"template":"","meta":{"_acf_changed":false},"product_brand":[],"product_cat":[685],"product_tag":[],"class_list":{"0":"post-27618","1":"product","2":"type-product","3":"status-publish","4":"has-post-thumbnail","6":"product_cat-capas-para-telemoveis","7":"pa_motivo-mosaico","9":"first","10":"instock","11":"shipping-taxable","12":"product-type-simple"},"acf":[],"_links":{"self":[{"href":"https:\/\/olemosaic.com\/pt-pt\/wp-json\/wp\/v2\/product\/27618","targetHints":{"allow":["GET"]}}],"collection":[{"href":"https:\/\/olemosaic.com\/pt-pt\/wp-json\/wp\/v2\/product"}],"about":[{"href":"https:\/\/olemosaic.com\/pt-pt\/wp-json\/wp\/v2\/types\/product"}],"wp:featuredmedia":[{"embeddable":true,"href":"https:\/\/olemosaic.com\/pt-pt\/wp-json\/wp\/v2\/media\/12609"}],"wp:attachment":[{"href":"https:\/\/olemosaic.com\/pt-pt\/wp-json\/wp\/v2\/media?parent=27618"}],"wp:term":[{"taxonomy":"product_brand","embeddable":true,"href":"https:\/\/olemosaic.com\/pt-pt\/wp-json\/wp\/v2\/product_brand?post=27618"},{"taxonomy":"product_cat","embeddable":true,"href":"https:\/\/olemosaic.com\/pt-pt\/wp-json\/wp\/v2\/product_cat?post=27618"},{"taxonomy":"product_tag","embeddable":true,"href":"https:\/\/olemosaic.com\/pt-pt\/wp-json\/wp\/v2\/product_tag?post=27618"}],"curies":[{"name":"wp","href":"https:\/\/api.w.org\/{rel}","templated":true}]}}