{"id":27617,"date":"2025-02-20T22:29:04","date_gmt":"2025-02-20T22:29:04","guid":{"rendered":"http:\/\/olemosaic.com\/producto\/funda-de-telefono-para-samsung-a23-tpu-panoramica\/"},"modified":"2025-07-25T20:39:04","modified_gmt":"2025-07-25T18:39:04","slug":"capa-para-telemovel-samsung-a23-tpu-panoramica","status":"publish","type":"product","link":"https:\/\/olemosaic.com\/pt-pt\/produto\/capa-para-telemovel-samsung-a23-tpu-panoramica\/","title":{"rendered":"Capa para telem\u00f3vel Samsung A23 (TPU). Panor\u00e2mica"},"content":{"rendered":"<p>Esta capa para o telem\u00f3vel Samsung A23 \u00e9 o souvenir ideal para quem deseja levar consigo um peda\u00e7o de Barcelona. Fabricada em TPU, oferece uma combina\u00e7\u00e3o perfeita de durabilidade e flexibilidade, garantindo a prote\u00e7\u00e3o do dispositivo sem renunciar ao estilo. O design apresenta uma colorida panor\u00e2mica de Barcelona, onde se destacam elementos ic\u00f3nicos da cidade, como a impressionante Sagrada Fam\u00edlia e o famoso mosaico de Gaud\u00ed, que representam a rica heran\u00e7a arquitet\u00f3nica e art\u00edstica que a tornam um destino inigual\u00e1vel. O fundo azul claro evoca a serenidade do mar Mediterr\u00e2neo, criando um contraste vibrante com os edif\u00edcios coloridos e formas estilizadas que adornam a capa. A palavra &#8220;Barcelona&#8221; aparece num estilo gr\u00e1fico moderno, adicionando um toque contempor\u00e2neo e art\u00edstico que atrair\u00e1 os amantes da cultura urbana. Este acess\u00f3rio n\u00e3o \u00e9 apenas funcional, mas tamb\u00e9m atua como uma recorda\u00e7\u00e3o representativa da capital catal\u00e3, perfeito para quem procura souvenirs aut\u00eanticos e com significado cultural. Na Ol\u00e9 Mosaic, especializamo-nos na distribui\u00e7\u00e3o de produtos distintivos, e esta capa \u00e9 uma op\u00e7\u00e3o ideal para lojas de presentes tur\u00edsticos que procuram artigos atraentes e aut\u00eanticos.<\/p>\n","protected":false},"excerpt":{"rendered":"<p>Capa para telem\u00f3vel Samsung A23 fabricada em TPU com uma colorida panor\u00e2mica de Barcelona. Esta capa destaca-se pelo seu design vibrante, que inclui elementos ic\u00f3nicos da cidade, como a Sagrada Fam\u00edlia e o famoso mosaico de Gaud\u00ed. Com um fundo azul claro que evoca o mar Mediterr\u00e2neo, a palavra &#8220;Barcelona&#8221; integra-se num estilo gr\u00e1fico atraente, adicionando um toque moderno e art\u00edstico. O seu material TPU garante prote\u00e7\u00e3o e durabilidade, o que a torna uma op\u00e7\u00e3o ideal para os amantes da Cidade Condal.<\/p>\n","protected":false},"featured_media":12604,"template":"","meta":{"_acf_changed":false},"product_brand":[],"product_cat":[685],"product_tag":[],"class_list":{"0":"post-27617","1":"product","2":"type-product","3":"status-publish","4":"has-post-thumbnail","6":"product_cat-capas-para-telemoveis","7":"pa_ciudad-barcelona","8":"pa_motivo-panoramas","9":"pa_pais-espana","11":"first","12":"instock","13":"shipping-taxable","14":"product-type-simple"},"acf":[],"_links":{"self":[{"href":"https:\/\/olemosaic.com\/pt-pt\/wp-json\/wp\/v2\/product\/27617","targetHints":{"allow":["GET"]}}],"collection":[{"href":"https:\/\/olemosaic.com\/pt-pt\/wp-json\/wp\/v2\/product"}],"about":[{"href":"https:\/\/olemosaic.com\/pt-pt\/wp-json\/wp\/v2\/types\/product"}],"wp:featuredmedia":[{"embeddable":true,"href":"https:\/\/olemosaic.com\/pt-pt\/wp-json\/wp\/v2\/media\/12604"}],"wp:attachment":[{"href":"https:\/\/olemosaic.com\/pt-pt\/wp-json\/wp\/v2\/media?parent=27617"}],"wp:term":[{"taxonomy":"product_brand","embeddable":true,"href":"https:\/\/olemosaic.com\/pt-pt\/wp-json\/wp\/v2\/product_brand?post=27617"},{"taxonomy":"product_cat","embeddable":true,"href":"https:\/\/olemosaic.com\/pt-pt\/wp-json\/wp\/v2\/product_cat?post=27617"},{"taxonomy":"product_tag","embeddable":true,"href":"https:\/\/olemosaic.com\/pt-pt\/wp-json\/wp\/v2\/product_tag?post=27617"}],"curies":[{"name":"wp","href":"https:\/\/api.w.org\/{rel}","templated":true}]}}