{"id":27616,"date":"2025-02-20T22:29:03","date_gmt":"2025-02-20T22:29:03","guid":{"rendered":"http:\/\/olemosaic.com\/producto\/funda-de-telefono-para-samsung-a23-tpu-salamandra\/"},"modified":"2025-07-25T19:20:54","modified_gmt":"2025-07-25T17:20:54","slug":"capa-para-telemovel-samsung-a23-tpu-salamandra","status":"publish","type":"product","link":"https:\/\/olemosaic.com\/pt-pt\/produto\/capa-para-telemovel-samsung-a23-tpu-salamandra\/","title":{"rendered":"Capa para telem\u00f3vel Samsung A23 (TPU). Salamandra"},"content":{"rendered":"<p>Esta capa para o telem\u00f3vel Samsung A23 (TPU) \u00e9 um acess\u00f3rio \u00fanico que funde eleg\u00e2ncia e prote\u00e7\u00e3o, inspirado na arte ic\u00f3nica dos mosaicos de Barcelona. Decorada com salamandras vibrantes numa paleta de cores vivas, esta capa destaca-se pelos seus designs intrincados, que prestam homenagem ao estilo de Gaud\u00ed. As salamandras, com os seus tons multicoloridos, encontram-se rodeadas de delicadas flores decorativas, criando uma composi\u00e7\u00e3o visual que evoca a beleza dos elementos naturais da cidade condal. A base escura da capa n\u00e3o s\u00f3 real\u00e7a as cores vibrantes dos designs, como tamb\u00e9m proporciona um ambiente sofisticado que atrair\u00e1 quem procura um acess\u00f3rio est\u00e9tico e funcional.<\/p>\n<p>Fabricada com material TPU resistente, garante durabilidade e um ajuste perfeito para o Samsung A23, proporcionando a tranquilidade de que o seu telem\u00f3vel estar\u00e1 protegido contra choques e riscos. Este souvenir de Barcelona n\u00e3o \u00e9 apenas um acess\u00f3rio pr\u00e1tico, mas tamb\u00e9m uma recorda\u00e7\u00e3o significativa da rica heran\u00e7a cultural da cidade. Ao escolher esta capa, os turistas adquirem uma parte do legado de Gaud\u00ed, simbolizando a marca art\u00edstica e o estilo inconfund\u00edvel de Barcelona. Na Ol\u00e9 Mosaic, o nosso compromisso \u00e9 oferecer produtos aut\u00eanticos por grosso, como esta capa de salamandras, ideal para lojas de presentes tur\u00edsticos que procuram souvenirs que combinam funcionalidade e arte.<\/p>\n","protected":false},"excerpt":{"rendered":"<p>Capa para telem\u00f3vel Samsung A23 (TPU) decorada com salamandras vibrantes, inspirada nos mosaicos de Barcelona. Este elegante acess\u00f3rio de prote\u00e7\u00e3o apresenta salamandras de cores brilhantes, rodeadas de flores decorativas, que imitam o estilo art\u00edstico de Gaud\u00ed. Fabricada em TPU resistente, oferece durabilidade e um ajuste perfeito. A base escura real\u00e7a as cores vivas do design, tornando esta capa um complemento atraente e funcional para qualquer amante da cidade.<\/p>\n","protected":false},"featured_media":12611,"template":"","meta":{"_acf_changed":false},"product_brand":[],"product_cat":[685],"product_tag":[516],"class_list":{"0":"post-27616","1":"product","2":"type-product","3":"status-publish","4":"has-post-thumbnail","6":"product_cat-capas-para-telemoveis","7":"product_tag-animais","8":"pa_ciudad-barcelona","9":"pa_motivo-salamandras","10":"pa_pais-espana","12":"first","13":"instock","14":"shipping-taxable","15":"product-type-simple"},"acf":[],"_links":{"self":[{"href":"https:\/\/olemosaic.com\/pt-pt\/wp-json\/wp\/v2\/product\/27616","targetHints":{"allow":["GET"]}}],"collection":[{"href":"https:\/\/olemosaic.com\/pt-pt\/wp-json\/wp\/v2\/product"}],"about":[{"href":"https:\/\/olemosaic.com\/pt-pt\/wp-json\/wp\/v2\/types\/product"}],"wp:featuredmedia":[{"embeddable":true,"href":"https:\/\/olemosaic.com\/pt-pt\/wp-json\/wp\/v2\/media\/12611"}],"wp:attachment":[{"href":"https:\/\/olemosaic.com\/pt-pt\/wp-json\/wp\/v2\/media?parent=27616"}],"wp:term":[{"taxonomy":"product_brand","embeddable":true,"href":"https:\/\/olemosaic.com\/pt-pt\/wp-json\/wp\/v2\/product_brand?post=27616"},{"taxonomy":"product_cat","embeddable":true,"href":"https:\/\/olemosaic.com\/pt-pt\/wp-json\/wp\/v2\/product_cat?post=27616"},{"taxonomy":"product_tag","embeddable":true,"href":"https:\/\/olemosaic.com\/pt-pt\/wp-json\/wp\/v2\/product_tag?post=27616"}],"curies":[{"name":"wp","href":"https:\/\/api.w.org\/{rel}","templated":true}]}}