{"id":27580,"date":"2025-02-20T22:29:03","date_gmt":"2025-02-20T22:29:03","guid":{"rendered":"http:\/\/olemosaic.com\/producto\/funda-de-telefono-para-samsung-a14-tpu-sagrada-familia-barcelona-azul\/"},"modified":"2025-07-25T18:54:07","modified_gmt":"2025-07-25T16:54:07","slug":"capa-para-telemovel-para-samsung-a14-tpu-sagrada-familia-barcelona-azul","status":"publish","type":"product","link":"https:\/\/olemosaic.com\/pt-pt\/produto\/capa-para-telemovel-para-samsung-a14-tpu-sagrada-familia-barcelona-azul\/","title":{"rendered":"Capa para telem\u00f3vel para Samsung A14 (TPU). Sagrada Fam\u00edlia. Barcelona. Azul"},"content":{"rendered":"<p>Esta capa para telem\u00f3vel Samsung A14 \u00e9 uma obra de arte funcional que funde estilo e cultura. Fabricada com TPU de alta qualidade, garante a prote\u00e7\u00e3o do dispositivo perante quedas e choques, ao mesmo tempo que apresenta uma ilustra\u00e7\u00e3o vibrante da ic\u00f3nica Sagrada Fam\u00edlia de Barcelona. O design destaca-se por um cativante fundo azul que real\u00e7a as singularidades arquitet\u00f3nicas de Gaud\u00ed, com as suas torres adornadas com mosaicos de cores e detalhes decorativos que evocam a beleza desta obra-prima do modernismo catal\u00e3o. Na parte inferior da capa, a palavra &#8220;Barcelona&#8221; est\u00e1 elegantemente impressa, acrescentando um toque distintivo que liga os utilizadores \u00e0 rica heran\u00e7a cultural da cidade.<\/p>\n<p>Esta recorda\u00e7\u00e3o n\u00e3o \u00e9 apenas um acess\u00f3rio para o dia a dia, mas um souvenir aut\u00eantico que encapsula a ess\u00eancia da cidade condal, ideal para quem deseja levar um peda\u00e7o de Barcelona consigo. O seu design atraente torna-a uma escolha perfeita tanto para turistas como para locais que procuram recorda\u00e7\u00f5es significativas e representativas. Na Ol\u00e9 Mosaic, somos grossistas de souvenirs aut\u00eanticos e esta capa de telem\u00f3vel \u00e9 uma op\u00e7\u00e3o ideal para lojas de presentes tur\u00edsticos que desejam oferecer produtos exclusivos que celebrem a cultura espanhola.<\/p>\n","protected":false},"excerpt":{"rendered":"<p>Capa para telem\u00f3vel Samsung A14 fabricada em TPU, adornada com uma ilustra\u00e7\u00e3o vibrante da emblem\u00e1tica Sagrada Fam\u00edlia de Barcelona. Apresenta um fundo azul e detalhes em tons quentes que real\u00e7am a singular arquitetura de Gaud\u00ed, mostrando as suas torres com mosaicos de cores e elementos ornamentais. A palavra &#8220;Barcelona&#8221; est\u00e1 elegantemente impressa, conferindo um toque distintivo a esta capa, ideal para proteger o seu dispositivo com estilo e uma refer\u00eancia cultural.<\/p>\n","protected":false},"featured_media":12545,"template":"","meta":{"_acf_changed":false},"product_brand":[],"product_cat":[685],"product_tag":[],"class_list":{"0":"post-27580","1":"product","2":"type-product","3":"status-publish","4":"has-post-thumbnail","6":"product_cat-capas-para-telemoveis","7":"pa_ciudad-barcelona","8":"pa_motivo-sagrada-familia","9":"pa_pais-espana","11":"first","12":"instock","13":"shipping-taxable","14":"product-type-simple"},"acf":[],"_links":{"self":[{"href":"https:\/\/olemosaic.com\/pt-pt\/wp-json\/wp\/v2\/product\/27580","targetHints":{"allow":["GET"]}}],"collection":[{"href":"https:\/\/olemosaic.com\/pt-pt\/wp-json\/wp\/v2\/product"}],"about":[{"href":"https:\/\/olemosaic.com\/pt-pt\/wp-json\/wp\/v2\/types\/product"}],"wp:featuredmedia":[{"embeddable":true,"href":"https:\/\/olemosaic.com\/pt-pt\/wp-json\/wp\/v2\/media\/12545"}],"wp:attachment":[{"href":"https:\/\/olemosaic.com\/pt-pt\/wp-json\/wp\/v2\/media?parent=27580"}],"wp:term":[{"taxonomy":"product_brand","embeddable":true,"href":"https:\/\/olemosaic.com\/pt-pt\/wp-json\/wp\/v2\/product_brand?post=27580"},{"taxonomy":"product_cat","embeddable":true,"href":"https:\/\/olemosaic.com\/pt-pt\/wp-json\/wp\/v2\/product_cat?post=27580"},{"taxonomy":"product_tag","embeddable":true,"href":"https:\/\/olemosaic.com\/pt-pt\/wp-json\/wp\/v2\/product_tag?post=27580"}],"curies":[{"name":"wp","href":"https:\/\/api.w.org\/{rel}","templated":true}]}}