{"id":27578,"date":"2025-02-20T22:29:03","date_gmt":"2025-02-20T22:29:03","guid":{"rendered":"http:\/\/olemosaic.com\/producto\/funda-de-telefono-para-samsung-a14-tpu-gato-barcelona-blanco\/"},"modified":"2025-07-25T19:57:40","modified_gmt":"2025-07-25T17:57:40","slug":"capa-para-telemovel-para-samsung-a14-tpu-gato-barcelona-branco","status":"publish","type":"product","link":"https:\/\/olemosaic.com\/pt-pt\/produto\/capa-para-telemovel-para-samsung-a14-tpu-gato-barcelona-branco\/","title":{"rendered":"Capa para telem\u00f3vel para Samsung A14 (TPU). Gato. Barcelona. Branco"},"content":{"rendered":"<p>Esta capa para telem\u00f3vel Samsung A14 \u00e9 uma recorda\u00e7\u00e3o emblem\u00e1tica de Barcelona que funde funcionalidade e arte. Fabricada em TPU de alta qualidade, garante uma prote\u00e7\u00e3o eficaz contra choques e quedas, assegurando a integridade do seu dispositivo. O seu design vibrante e colorido apresenta um gato estilizado em mosaico, inspirado na famosa arquitetura da cidade, sobre um fundo branco que emula o trencad\u00eds caracter\u00edstico das obras de Gaud\u00ed. Este gato, composto por um atraente padr\u00e3o de azulejos em tons de vermelho, azul, amarelo e verde, \u00e9 complementado por delicadas borboletas que conferem um toque de frescura e dinamismo.<\/p>\n<p>O design desta capa n\u00e3o s\u00f3 celebra a riqueza cultural de Barcelona, como tamb\u00e9m atua como uma recorda\u00e7\u00e3o visual e emocional da cidade. \u00c9 ideal para turistas que procuram levar um peda\u00e7o da vibrante cultura catal\u00e3, unindo arte e praticidade num \u00fanico produto. Na Ol\u00e9 Mosaic, especializamo-nos na distribui\u00e7\u00e3o de recorda\u00e7\u00f5es por grosso, oferecendo artigos aut\u00eanticos que refletem a ess\u00eancia de cada regi\u00e3o. Esta capa para telem\u00f3vel \u00e9, sem d\u00favida, uma excelente op\u00e7\u00e3o para lojas de presentes tur\u00edsticos que desejem oferecer produtos \u00fanicos e representativos de Barcelona, garantindo estilo e qualidade.<\/p>\n","protected":false},"excerpt":{"rendered":"<p>Capa para telem\u00f3vel Samsung A14 fabricada em TPU, com um design colorido que representa um gato estilizado em mosaico, inspirado na arquitetura de Barcelona. A capa apresenta um fundo branco com um padr\u00e3o de azulejos que recorda o trencad\u00eds, enquanto o gato e as borboletas est\u00e3o cuidadosamente delineados em tons vibrantes de vermelho, azul, amarelo e verde. Este artigo n\u00e3o s\u00f3 oferece prote\u00e7\u00e3o, como tamb\u00e9m incorpora um elemento art\u00edstico da cultura catal\u00e3.<\/p>\n","protected":false},"featured_media":12536,"template":"","meta":{"_acf_changed":false},"product_brand":[],"product_cat":[685],"product_tag":[516],"class_list":{"0":"post-27578","1":"product","2":"type-product","3":"status-publish","4":"has-post-thumbnail","6":"product_cat-capas-para-telemoveis","7":"product_tag-animais","8":"pa_ciudad-barcelona","9":"pa_motivo-gatos","10":"pa_pais-espana","12":"first","13":"instock","14":"shipping-taxable","15":"product-type-simple"},"acf":[],"_links":{"self":[{"href":"https:\/\/olemosaic.com\/pt-pt\/wp-json\/wp\/v2\/product\/27578","targetHints":{"allow":["GET"]}}],"collection":[{"href":"https:\/\/olemosaic.com\/pt-pt\/wp-json\/wp\/v2\/product"}],"about":[{"href":"https:\/\/olemosaic.com\/pt-pt\/wp-json\/wp\/v2\/types\/product"}],"wp:featuredmedia":[{"embeddable":true,"href":"https:\/\/olemosaic.com\/pt-pt\/wp-json\/wp\/v2\/media\/12536"}],"wp:attachment":[{"href":"https:\/\/olemosaic.com\/pt-pt\/wp-json\/wp\/v2\/media?parent=27578"}],"wp:term":[{"taxonomy":"product_brand","embeddable":true,"href":"https:\/\/olemosaic.com\/pt-pt\/wp-json\/wp\/v2\/product_brand?post=27578"},{"taxonomy":"product_cat","embeddable":true,"href":"https:\/\/olemosaic.com\/pt-pt\/wp-json\/wp\/v2\/product_cat?post=27578"},{"taxonomy":"product_tag","embeddable":true,"href":"https:\/\/olemosaic.com\/pt-pt\/wp-json\/wp\/v2\/product_tag?post=27578"}],"curies":[{"name":"wp","href":"https:\/\/api.w.org\/{rel}","templated":true}]}}