{"id":27577,"date":"2025-02-20T22:29:03","date_gmt":"2025-02-20T22:29:03","guid":{"rendered":"http:\/\/olemosaic.com\/producto\/funda-de-telefono-para-samsung-a14-tpu-abstracto-verde\/"},"modified":"2025-07-25T18:50:49","modified_gmt":"2025-07-25T16:50:49","slug":"capa-para-telemovel-para-samsung-a14-tpu-abstrato-verde","status":"publish","type":"product","link":"https:\/\/olemosaic.com\/pt-pt\/produto\/capa-para-telemovel-para-samsung-a14-tpu-abstrato-verde\/","title":{"rendered":"Capa para telem\u00f3vel para Samsung A14 (TPU). Abstrato. Verde"},"content":{"rendered":"<p>Esta capa para o Samsung A14 \u00e9 um acess\u00f3rio imprescind\u00edvel para quem quer combinar prote\u00e7\u00e3o e estilo. Fabricada em TPU, destaca-se pelo seu design abstrato que evoca a ess\u00eancia dos mosaicos tradicionais, um elemento ic\u00f3nico da cultura espanhola. A colorida combina\u00e7\u00e3o de tons verdes, azuis e laranjas no seu padr\u00e3o recorda os trencad\u00eds da arquitetura modernista, famosa por obras como o Park G\u00fcell de Barcelona, que presta homenagem \u00e0 criatividade e \u00e0 diversidade art\u00edstica de Espanha.<\/p>\n<p>A estrutura flex\u00edvel da capa n\u00e3o s\u00f3 garante um ajuste perfeito ao dispositivo, como tamb\u00e9m oferece uma excelente prote\u00e7\u00e3o contra choques e quedas, permitindo que o seu telem\u00f3vel mantenha a sua integridade ao mesmo tempo que exibe um design atraente. Este souvenir moderno e funcional \u00e9 ideal para turistas que procuram levar um peda\u00e7o da rica heran\u00e7a cultural de Espanha para casa. Al\u00e9m disso, na Ol\u00e9 Mosaic, especializamo-nos na distribui\u00e7\u00e3o de souvenirs por grosso, oferecendo produtos aut\u00eanticos e representativos da tradi\u00e7\u00e3o espanhola. Esta capa de mosaicos \u00e9 uma excelente op\u00e7\u00e3o para lojas de presentes tur\u00edsticos que procurem incorporar artigos \u00fanicos e de qualidade \u00e0 sua oferta, sublinhando a liga\u00e7\u00e3o entre a moda contempor\u00e2nea e o patrim\u00f3nio cultural.<\/p>\n","protected":false},"excerpt":{"rendered":"<p>Capa para o telem\u00f3vel Samsung A14 fabricada em TPU, com um design abstrato que evoca a ess\u00eancia dos mosaicos tradicionais. Apresenta uma colorida combina\u00e7\u00e3o de tons verdes, azuis e laranjas, num padr\u00e3o que recorda os trencad\u00eds da arquitetura modernista. O seu acabamento liso e flex\u00edvel proporciona uma excelente prote\u00e7\u00e3o e um ajuste perfeito, ideal para quem procura estilo e funcionalidade num \u00fanico produto.<\/p>\n","protected":false},"featured_media":12542,"template":"","meta":{"_acf_changed":false},"product_brand":[],"product_cat":[685],"product_tag":[],"class_list":{"0":"post-27577","1":"product","2":"type-product","3":"status-publish","4":"has-post-thumbnail","6":"product_cat-capas-para-telemoveis","7":"pa_motivo-resumo","9":"first","10":"instock","11":"shipping-taxable","12":"product-type-simple"},"acf":[],"_links":{"self":[{"href":"https:\/\/olemosaic.com\/pt-pt\/wp-json\/wp\/v2\/product\/27577","targetHints":{"allow":["GET"]}}],"collection":[{"href":"https:\/\/olemosaic.com\/pt-pt\/wp-json\/wp\/v2\/product"}],"about":[{"href":"https:\/\/olemosaic.com\/pt-pt\/wp-json\/wp\/v2\/types\/product"}],"wp:featuredmedia":[{"embeddable":true,"href":"https:\/\/olemosaic.com\/pt-pt\/wp-json\/wp\/v2\/media\/12542"}],"wp:attachment":[{"href":"https:\/\/olemosaic.com\/pt-pt\/wp-json\/wp\/v2\/media?parent=27577"}],"wp:term":[{"taxonomy":"product_brand","embeddable":true,"href":"https:\/\/olemosaic.com\/pt-pt\/wp-json\/wp\/v2\/product_brand?post=27577"},{"taxonomy":"product_cat","embeddable":true,"href":"https:\/\/olemosaic.com\/pt-pt\/wp-json\/wp\/v2\/product_cat?post=27577"},{"taxonomy":"product_tag","embeddable":true,"href":"https:\/\/olemosaic.com\/pt-pt\/wp-json\/wp\/v2\/product_tag?post=27577"}],"curies":[{"name":"wp","href":"https:\/\/api.w.org\/{rel}","templated":true}]}}